{"id":800,"date":"2024-02-22T14:43:13","date_gmt":"2024-02-22T11:43:13","guid":{"rendered":"https:\/\/opdrmuratgunal.com\/?page_id=800"},"modified":"2024-02-27T17:25:25","modified_gmt":"2024-02-27T14:25:25","slug":"ameliyatsiz-tedaviler","status":"publish","type":"page","link":"https:\/\/opdrmuratgunal.com\/index.php\/ameliyatsiz-tedaviler\/","title":{"rendered":"Ameliyats\u0131z Tedaviler"},"content":{"rendered":"\t\t<div data-elementor-type=\"wp-page\" data-elementor-id=\"800\" class=\"elementor elementor-800\" data-elementor-post-type=\"page\">\n\t\t\t\t\t\t<section class=\"elementor-section elementor-top-section elementor-element elementor-element-1e93adbf elementor-section-boxed elementor-section-height-default elementor-section-height-default\" data-id=\"1e93adbf\" data-element_type=\"section\" data-settings=\"{&quot;background_background&quot;:&quot;classic&quot;}\">\n\t\t\t\t\t\t\t<div class=\"elementor-background-overlay\"><\/div>\n\t\t\t\t\t\t\t<div class=\"elementor-container elementor-column-gap-default\">\n\t\t\t\t\t<div class=\"elementor-column elementor-col-100 elementor-top-column elementor-element elementor-element-780c2f27\" data-id=\"780c2f27\" data-element_type=\"column\" data-settings=\"{&quot;background_background&quot;:&quot;classic&quot;}\">\n\t\t\t<div class=\"elementor-widget-wrap elementor-element-populated\">\n\t\t\t\t\t\t<div class=\"elementor-element elementor-element-fc3ee43 elementor-widget elementor-widget-heading\" data-id=\"fc3ee43\" data-element_type=\"widget\" data-widget_type=\"heading.default\">\n\t\t\t\t<div class=\"elementor-widget-container\">\n\t\t\t\t\t<h1 class=\"elementor-heading-title elementor-size-default\">Ameliyatsz Tedaviler<\/h1>\t\t\t\t<\/div>\n\t\t\t\t<\/div>\n\t\t\t\t\t<\/div>\n\t\t<\/div>\n\t\t\t\t\t<\/div>\n\t\t<\/section>\n\t\t\t\t<section class=\"elementor-section elementor-top-section elementor-element elementor-element-164dc950 elementor-section-boxed elementor-section-height-default elementor-section-height-default\" data-id=\"164dc950\" data-element_type=\"section\" data-settings=\"{&quot;background_background&quot;:&quot;classic&quot;}\">\n\t\t\t\t\t\t<div class=\"elementor-container elementor-column-gap-default\">\n\t\t\t\t\t<div class=\"elementor-column elementor-col-100 elementor-top-column elementor-element elementor-element-7dc0a258\" data-id=\"7dc0a258\" data-element_type=\"column\">\n\t\t\t<div class=\"elementor-widget-wrap elementor-element-populated\">\n\t\t\t\t\t\t<div class=\"elementor-element elementor-element-1cc4f134 elementor-icon-list--layout-inline elementor-list-item-link-full_width elementor-widget elementor-widget-icon-list\" data-id=\"1cc4f134\" data-element_type=\"widget\" data-widget_type=\"icon-list.default\">\n\t\t\t\t<div class=\"elementor-widget-container\">\n\t\t\t\t\t\t\t<ul class=\"elementor-icon-list-items elementor-inline-items\">\n\t\t\t\t\t\t\t<li class=\"elementor-icon-list-item elementor-inline-item\">\n\t\t\t\t\t\t\t\t\t\t<span class=\"elementor-icon-list-text\">Anasayfa<\/span>\n\t\t\t\t\t\t\t\t\t<\/li>\n\t\t\t\t\t\t\t\t<li class=\"elementor-icon-list-item elementor-inline-item\">\n\t\t\t\t\t\t\t\t\t\t\t<span class=\"elementor-icon-list-icon\">\n\t\t\t\t\t\t\t<i aria-hidden=\"true\" class=\"icon icon-chevron-right\"><\/i>\t\t\t\t\t\t<\/span>\n\t\t\t\t\t\t\t\t\t\t<span class=\"elementor-icon-list-text\">Hizmetler<\/span>\n\t\t\t\t\t\t\t\t\t<\/li>\n\t\t\t\t\t\t\t\t<li class=\"elementor-icon-list-item elementor-inline-item\">\n\t\t\t\t\t\t\t\t\t\t\t<span class=\"elementor-icon-list-icon\">\n\t\t\t\t\t\t\t<i aria-hidden=\"true\" class=\"icon icon-chevron-right\"><\/i>\t\t\t\t\t\t<\/span>\n\t\t\t\t\t\t\t\t\t\t<span class=\"elementor-icon-list-text\">Beyin T\u00fcm\u00f6r\u00fc<\/span>\n\t\t\t\t\t\t\t\t\t<\/li>\n\t\t\t\t\t\t<\/ul>\n\t\t\t\t\t\t<\/div>\n\t\t\t\t<\/div>\n\t\t\t\t\t<\/div>\n\t\t<\/div>\n\t\t\t\t\t<\/div>\n\t\t<\/section>\n\t\t\t\t<section class=\"elementor-section elementor-top-section elementor-element elementor-element-7f9f31bb elementor-section-boxed elementor-section-height-default elementor-section-height-default\" data-id=\"7f9f31bb\" data-element_type=\"section\">\n\t\t\t\t\t\t<div class=\"elementor-container elementor-column-gap-default\">\n\t\t\t\t\t<div class=\"elementor-column elementor-col-50 elementor-top-column elementor-element elementor-element-53e422e3\" data-id=\"53e422e3\" data-element_type=\"column\">\n\t\t\t<div class=\"elementor-widget-wrap elementor-element-populated\">\n\t\t\t\t\t\t<div class=\"elementor-element elementor-element-88af87e elementor-widget elementor-widget-image\" data-id=\"88af87e\" data-element_type=\"widget\" data-widget_type=\"image.default\">\n\t\t\t\t<div class=\"elementor-widget-container\">\n\t\t\t\t\t\t\t\t\t\t\t\t\t\t\t<img fetchpriority=\"high\" decoding=\"async\" width=\"774\" height=\"449\" src=\"https:\/\/opdrmuratgunal.com\/wp-content\/uploads\/2024\/02\/epidural.png\" class=\"attachment-full size-full wp-image-803\" alt=\"\" srcset=\"https:\/\/opdrmuratgunal.com\/wp-content\/uploads\/2024\/02\/epidural.png 774w, https:\/\/opdrmuratgunal.com\/wp-content\/uploads\/2024\/02\/epidural-300x174.png 300w, https:\/\/opdrmuratgunal.com\/wp-content\/uploads\/2024\/02\/epidural-768x446.png 768w\" sizes=\"(max-width: 774px) 100vw, 774px\" \/>\t\t\t\t\t\t\t\t\t\t\t\t\t\t\t<\/div>\n\t\t\t\t<\/div>\n\t\t\t\t<div class=\"elementor-element elementor-element-5b0ab42 elementor-widget elementor-widget-heading\" data-id=\"5b0ab42\" data-element_type=\"widget\" data-widget_type=\"heading.default\">\n\t\t\t\t<div class=\"elementor-widget-container\">\n\t\t\t\t\t<h4 class=\"elementor-heading-title elementor-size-default\">Bel,boyun ve s\u0131rt f\u0131t\u0131klar\u0131nda cerrahi d\u0131\u015f\u0131 tedaviler(Epidural Enjeksiyonlar)<\/h4>\t\t\t\t<\/div>\n\t\t\t\t<\/div>\n\t\t\t\t<div class=\"elementor-element elementor-element-c7667a elementor-widget elementor-widget-text-editor\" data-id=\"c7667a\" data-element_type=\"widget\" data-widget_type=\"text-editor.default\">\n\t\t\t\t<div class=\"elementor-widget-container\">\n\t\t\t\t\t\t\t\t\t<p>Dr. Murat G\u00fcnal devlet hastanesinde \u00e7al\u0131\u015ft\u0131\u011f\u0131 s\u00fcre boyunca 10.000&#8217;in \u00fczerinde\u00a0 hastay\u0131 ameliyats\u0131z y\u00f6ntemlerle tedavi etmi\u015ftir.Bu y\u00f6ntemlerle ger\u00e7ekle\u015ftirdi\u011fi tedavi uygulamalar\u0131nda ba\u015far\u0131 oran\u0131 %90 \u00fczerindedir.Yapt\u0131\u011f\u0131 de\u011ferlendirmelerle, uygun buldu\u011fu hastalar\u0131na \u00f6zel \u015fartlarda, g\u00f6r\u00fcnt\u00fcleme e\u015fli\u011finde, \u00f6zel i\u011fnelerle omurgan\u0131n i\u00e7ine girerek ve baz\u0131 ila\u00e7 kar\u0131\u015f\u0131mlar\u0131n\u0131 do\u011frudan f\u0131t\u0131\u011fa enjekte ederek tedavilerini ger\u00e7ekle\u015ftirmektedir.<\/p><p>Bu y\u00f6ntemin en b\u00fcy\u00fck avantajlar\u0131ndan biri, hastalar\u0131n anestezi almamas\u0131 yani uyutulmamas\u0131, b\u00f6ylece hastalar\u0131n anestezinin getirece\u011fi risklerden uzak tutulmas\u0131d\u0131r. di\u011fer bir avantaj\u0131 cerrahi m\u00fcdahale esnas\u0131ndaki kesi i\u015flemleri yap\u0131lmad\u0131 i\u00e7in doku b\u00fct\u00fcnl\u00fc\u011f\u00fcn\u00fcn bozulup normal anatominin de\u011fi\u015fmemesidir.Hastalar\u0131n cerrahi mudahale esnas\u0131ndaki baz\u0131 istenmeyen durumlardan (komplikasyonlardan) korunmas\u0131n\u0131n sa\u011flanmas\u0131 di\u011fer bir tercih sebebidir. Bu Y\u00f6ntemlerin belkide en \u00f6nemli avantaj\u0131 ise cerrahi ile k\u0131yaslay\u0131nca f\u0131t\u0131klar\u0131n n\u00fcks etme ihtimalinin \u00e7ok daha d\u00fc\u015f\u00fck olmas\u0131d\u0131r.<\/p>\t\t\t\t\t\t\t\t<\/div>\n\t\t\t\t<\/div>\n\t\t\t\t\t<\/div>\n\t\t<\/div>\n\t\t\t\t<div class=\"elementor-column elementor-col-50 elementor-top-column elementor-element elementor-element-70d456d\" data-id=\"70d456d\" data-element_type=\"column\">\n\t\t\t<div class=\"elementor-widget-wrap elementor-element-populated\">\n\t\t\t\t\t\t<section class=\"elementor-section elementor-inner-section elementor-element elementor-element-9e35f64 elementor-section-boxed elementor-section-height-default elementor-section-height-default\" data-id=\"9e35f64\" data-element_type=\"section\">\n\t\t\t\t\t\t<div class=\"elementor-container elementor-column-gap-default\">\n\t\t\t\t\t<div class=\"elementor-column elementor-col-100 elementor-inner-column elementor-element elementor-element-3b6229a\" data-id=\"3b6229a\" data-element_type=\"column\" data-settings=\"{&quot;background_background&quot;:&quot;classic&quot;}\">\n\t\t\t<div class=\"elementor-widget-wrap elementor-element-populated\">\n\t\t\t\t\t<div class=\"elementor-background-overlay\"><\/div>\n\t\t\t\t\t\t<div class=\"elementor-element elementor-element-b810663 ekit-equal-height-disable elementor-widget elementor-widget-elementskit-icon-box\" data-id=\"b810663\" data-element_type=\"widget\" data-widget_type=\"elementskit-icon-box.default\">\n\t\t\t\t<div class=\"elementor-widget-container\">\n\t\t\t\t\t<div class=\"ekit-wid-con\" >        <!-- link opening -->\n                <!-- end link opening -->\n\n        <div class=\"elementskit-infobox text-center text-left icon-lef-right-aligin elementor-animation- media  \">\n                    <div class=\"elementskit-box-header elementor-animation-\">\n                <div class=\"elementskit-info-box-icon  text-center\">\n                    <i aria-hidden=\"true\" class=\"elementkit-infobox-icon icon icon-doctor\"><\/i>\n                <\/div>\n          <\/div>\n                        <div class=\"box-body\">\n                            <h3 class=\"elementskit-info-box-title\">\n                    Hastal\u0131klar\u200b                <\/h3>\n                                            <\/div>\n        \n        \n                <\/div>\n        <\/div>\t\t\t\t<\/div>\n\t\t\t\t<\/div>\n\t\t\t\t<div class=\"elementor-element elementor-element-bd4a967 elementor-widget-divider--view-line elementor-widget elementor-widget-divider\" data-id=\"bd4a967\" data-element_type=\"widget\" data-widget_type=\"divider.default\">\n\t\t\t\t<div class=\"elementor-widget-container\">\n\t\t\t\t\t\t\t<div class=\"elementor-divider\">\n\t\t\t<span class=\"elementor-divider-separator\">\n\t\t\t\t\t\t<\/span>\n\t\t<\/div>\n\t\t\t\t\t\t<\/div>\n\t\t\t\t<\/div>\n\t\t\t\t\t<\/div>\n\t\t<\/div>\n\t\t\t\t\t<\/div>\n\t\t<\/section>\n\t\t\t\t<div class=\"elementor-element elementor-element-19a2e23 elementor-widget elementor-widget-spacer\" data-id=\"19a2e23\" data-element_type=\"widget\" data-widget_type=\"spacer.default\">\n\t\t\t\t<div class=\"elementor-widget-container\">\n\t\t\t\t\t\t\t<div class=\"elementor-spacer\">\n\t\t\t<div class=\"elementor-spacer-inner\"><\/div>\n\t\t<\/div>\n\t\t\t\t\t\t<\/div>\n\t\t\t\t<\/div>\n\t\t\t\t<div class=\"elementor-element elementor-element-2033bf0 elementor-widget elementor-widget-premium-addon-image-button\" data-id=\"2033bf0\" data-element_type=\"widget\" data-widget_type=\"premium-addon-image-button.default\">\n\t\t\t\t<div class=\"elementor-widget-container\">\n\t\t\t\t\t\n\t\t<a class=\"premium-image-button-style6 premium-image-button premium-btn-block premium-button-style6\" href=\"https:\/\/opdrmuratgunal.com\/index.php\/beyin-tumoru\/\">\n\t\t\t<div class=\"premium-image-button-text-icon-wrapper\">\n\n\t\t\t\t\t\t\t\t\t\t\t\t\t\t\t\t\t\t\t\t\t\t<div class=\"premium-lottie-animation\" data-lottie-url=\"\" data-lottie-loop=\"true\" data-lottie-reverse=\"\"><\/div>\n\t\t\t\t\t\t\t\t\t\t\t\t\t\t\t\n\t\t\t\t\t\t\t\t\t<span >\n\t\t\t\t\t\tBeyin T\u00fcm\u00f6r\u00fc\t\t\t\t\t<\/span>\n\t\t\t\t\n\t\t\t<\/div>\n\n\t\t\t\n\t\t\t\n\t\t\t\n\t\t<\/a>\n\n\t\t\t\t\t\t<\/div>\n\t\t\t\t<\/div>\n\t\t\t\t<div class=\"elementor-element elementor-element-cdab43e elementor-widget elementor-widget-premium-addon-image-button\" data-id=\"cdab43e\" data-element_type=\"widget\" data-widget_type=\"premium-addon-image-button.default\">\n\t\t\t\t<div class=\"elementor-widget-container\">\n\t\t\t\t\t\n\t\t<a class=\"premium-image-button-style6 premium-image-button premium-btn-block premium-button-style6\" href=\"https:\/\/opdrmuratgunal.com\/index.php\/beyincik-sarkmasi\/\">\n\t\t\t<div class=\"premium-image-button-text-icon-wrapper\">\n\n\t\t\t\t\t\t\t\t\t\t\t\t\t\t\t\t\t\t\t\t\t\t<div class=\"premium-lottie-animation\" data-lottie-url=\"\" data-lottie-loop=\"true\" data-lottie-reverse=\"\"><\/div>\n\t\t\t\t\t\t\t\t\t\t\t\t\t\t\t\n\t\t\t\t\t\t\t\t\t<span >\n\t\t\t\t\t\tBeyincik Sarkmas\u0131\t\t\t\t\t<\/span>\n\t\t\t\t\n\t\t\t<\/div>\n\n\t\t\t\n\t\t\t\n\t\t\t\n\t\t<\/a>\n\n\t\t\t\t\t\t<\/div>\n\t\t\t\t<\/div>\n\t\t\t\t<div class=\"elementor-element elementor-element-929dfef elementor-widget elementor-widget-premium-addon-image-button\" data-id=\"929dfef\" data-element_type=\"widget\" data-widget_type=\"premium-addon-image-button.default\">\n\t\t\t\t<div class=\"elementor-widget-container\">\n\t\t\t\t\t\n\t\t<a class=\"premium-image-button-style6 premium-image-button premium-btn-block premium-button-style6\" href=\"https:\/\/opdrmuratgunal.com\/index.php\/omurilik-tumorleri\/\">\n\t\t\t<div class=\"premium-image-button-text-icon-wrapper\">\n\n\t\t\t\t\t\t\t\t\t\t\t\t\t\t\t\t\t\t\t\t\t\t<div class=\"premium-lottie-animation\" data-lottie-url=\"\" data-lottie-loop=\"true\" data-lottie-reverse=\"\"><\/div>\n\t\t\t\t\t\t\t\t\t\t\t\t\t\t\t\n\t\t\t\t\t\t\t\t\t<span >\n\t\t\t\t\t\t Omurilik T\u00fcm\u00f6rleri\t\t\t\t\t<\/span>\n\t\t\t\t\n\t\t\t<\/div>\n\n\t\t\t\n\t\t\t\n\t\t\t\n\t\t<\/a>\n\n\t\t\t\t\t\t<\/div>\n\t\t\t\t<\/div>\n\t\t\t\t<div class=\"elementor-element elementor-element-aa3a31e elementor-widget elementor-widget-premium-addon-image-button\" data-id=\"aa3a31e\" data-element_type=\"widget\" data-widget_type=\"premium-addon-image-button.default\">\n\t\t\t\t<div class=\"elementor-widget-container\">\n\t\t\t\t\t\n\t\t<a class=\"premium-image-button-style6 premium-image-button premium-btn-block premium-button-style6\" href=\"https:\/\/opdrmuratgunal.com\/index.php\/boyun-fitigi\/\">\n\t\t\t<div class=\"premium-image-button-text-icon-wrapper\">\n\n\t\t\t\t\t\t\t\t\t\t\t\t\t\t\t\t\t\t\t\t\t\t<div class=\"premium-lottie-animation\" data-lottie-url=\"\" data-lottie-loop=\"true\" data-lottie-reverse=\"\"><\/div>\n\t\t\t\t\t\t\t\t\t\t\t\t\t\t\t\n\t\t\t\t\t\t\t\t\t<span >\n\t\t\t\t\t\t Boyun F\u0131t\u0131\u011f\u0131\t\t\t\t\t<\/span>\n\t\t\t\t\n\t\t\t<\/div>\n\n\t\t\t\n\t\t\t\n\t\t\t\n\t\t<\/a>\n\n\t\t\t\t\t\t<\/div>\n\t\t\t\t<\/div>\n\t\t\t\t<div class=\"elementor-element elementor-element-ef9959a elementor-widget elementor-widget-premium-addon-image-button\" data-id=\"ef9959a\" data-element_type=\"widget\" data-widget_type=\"premium-addon-image-button.default\">\n\t\t\t\t<div class=\"elementor-widget-container\">\n\t\t\t\t\t\n\t\t<a class=\"premium-image-button-style6 premium-image-button premium-btn-block premium-button-style6\" href=\"https:\/\/opdrmuratgunal.com\/index.php\/bel-fitigi\/\">\n\t\t\t<div class=\"premium-image-button-text-icon-wrapper\">\n\n\t\t\t\t\t\t\t\t\t\t\t\t\t\t\t\t\t\t\t\t\t\t<div class=\"premium-lottie-animation\" data-lottie-url=\"\" data-lottie-loop=\"true\" data-lottie-reverse=\"\"><\/div>\n\t\t\t\t\t\t\t\t\t\t\t\t\t\t\t\n\t\t\t\t\t\t\t\t\t<span >\n\t\t\t\t\t\tBel F\u0131t\u0131\u011f\u0131\t\t\t\t\t<\/span>\n\t\t\t\t\n\t\t\t<\/div>\n\n\t\t\t\n\t\t\t\n\t\t\t\n\t\t<\/a>\n\n\t\t\t\t\t\t<\/div>\n\t\t\t\t<\/div>\n\t\t\t\t<div class=\"elementor-element elementor-element-8cfd639 elementor-widget elementor-widget-premium-addon-image-button\" data-id=\"8cfd639\" data-element_type=\"widget\" data-widget_type=\"premium-addon-image-button.default\">\n\t\t\t\t<div class=\"elementor-widget-container\">\n\t\t\t\t\t\n\t\t<a class=\"premium-image-button-style6 premium-image-button premium-btn-block premium-button-style6\" href=\"https:\/\/opdrmuratgunal.com\/index.php\/karpal-tunel-sendromu\/\">\n\t\t\t<div class=\"premium-image-button-text-icon-wrapper\">\n\n\t\t\t\t\t\t\t\t\t\t\t\t\t\t\t\t\t\t\t\t\t\t<div class=\"premium-lottie-animation\" data-lottie-url=\"\" data-lottie-loop=\"true\" data-lottie-reverse=\"\"><\/div>\n\t\t\t\t\t\t\t\t\t\t\t\t\t\t\t\n\t\t\t\t\t\t\t\t\t<span >\n\t\t\t\t\t\t Karpal T\u00fcnel Sendromu\t\t\t\t\t<\/span>\n\t\t\t\t\n\t\t\t<\/div>\n\n\t\t\t\n\t\t\t\n\t\t\t\n\t\t<\/a>\n\n\t\t\t\t\t\t<\/div>\n\t\t\t\t<\/div>\n\t\t\t\t<div class=\"elementor-element elementor-element-cc026f5 elementor-widget elementor-widget-premium-addon-image-button\" data-id=\"cc026f5\" data-element_type=\"widget\" data-widget_type=\"premium-addon-image-button.default\">\n\t\t\t\t<div class=\"elementor-widget-container\">\n\t\t\t\t\t\n\t\t<a class=\"premium-image-button-style6 premium-image-button premium-btn-block premium-button-style6\" href=\"https:\/\/opdrmuratgunal.com\/index.php\/ulnar-sinir-sikismasi\/\">\n\t\t\t<div class=\"premium-image-button-text-icon-wrapper\">\n\n\t\t\t\t\t\t\t\t\t\t\t\t\t\t\t\t\t\t\t\t\t\t<div class=\"premium-lottie-animation\" data-lottie-url=\"\" data-lottie-loop=\"true\" data-lottie-reverse=\"\"><\/div>\n\t\t\t\t\t\t\t\t\t\t\t\t\t\t\t\n\t\t\t\t\t\t\t\t\t<span >\n\t\t\t\t\t\tUlnar Sinir S\u0131k\u0131\u015fmas\u0131\t\t\t\t\t<\/span>\n\t\t\t\t\n\t\t\t<\/div>\n\n\t\t\t\n\t\t\t\n\t\t\t\n\t\t<\/a>\n\n\t\t\t\t\t\t<\/div>\n\t\t\t\t<\/div>\n\t\t\t\t<div class=\"elementor-element elementor-element-0e7ecc9 elementor-widget elementor-widget-premium-addon-image-button\" data-id=\"0e7ecc9\" data-element_type=\"widget\" data-widget_type=\"premium-addon-image-button.default\">\n\t\t\t\t<div class=\"elementor-widget-container\">\n\t\t\t\t\t\n\t\t<a class=\"premium-image-button-style6 premium-image-button premium-btn-block premium-button-style6\" href=\"https:\/\/opdrmuratgunal.com\/index.php\/peroneal-sinir-sikismasi\/\">\n\t\t\t<div class=\"premium-image-button-text-icon-wrapper\">\n\n\t\t\t\t\t\t\t\t\t\t\t\t\t\t\t\t\t\t\t\t\t\t<div class=\"premium-lottie-animation\" data-lottie-url=\"\" data-lottie-loop=\"true\" data-lottie-reverse=\"\"><\/div>\n\t\t\t\t\t\t\t\t\t\t\t\t\t\t\t\n\t\t\t\t\t\t\t\t\t<span >\n\t\t\t\t\t\tPeroneal Sinir S\u0131k\u0131\u015fmas\u0131\t\t\t\t\t<\/span>\n\t\t\t\t\n\t\t\t<\/div>\n\n\t\t\t\n\t\t\t\n\t\t\t\n\t\t<\/a>\n\n\t\t\t\t\t\t<\/div>\n\t\t\t\t<\/div>\n\t\t\t\t<div class=\"elementor-element elementor-element-c5e5e00 elementor-widget elementor-widget-premium-addon-image-button\" data-id=\"c5e5e00\" data-element_type=\"widget\" data-widget_type=\"premium-addon-image-button.default\">\n\t\t\t\t<div class=\"elementor-widget-container\">\n\t\t\t\t\t\n\t\t<a class=\"premium-image-button-style6 premium-image-button premium-btn-block premium-button-style6\" href=\"https:\/\/opdrmuratgunal.com\/index.php\/bel-kaymalari\/\">\n\t\t\t<div class=\"premium-image-button-text-icon-wrapper\">\n\n\t\t\t\t\t\t\t\t\t\t\t\t\t\t\t\t\t\t\t\t\t\t<div class=\"premium-lottie-animation\" data-lottie-url=\"\" data-lottie-loop=\"true\" data-lottie-reverse=\"\"><\/div>\n\t\t\t\t\t\t\t\t\t\t\t\t\t\t\t\n\t\t\t\t\t\t\t\t\t<span >\n\t\t\t\t\t\tBel Kaymalar\u0131\t\t\t\t\t<\/span>\n\t\t\t\t\n\t\t\t<\/div>\n\n\t\t\t\n\t\t\t\n\t\t\t\n\t\t<\/a>\n\n\t\t\t\t\t\t<\/div>\n\t\t\t\t<\/div>\n\t\t\t\t<div class=\"elementor-element elementor-element-d7e42c3 elementor-widget elementor-widget-premium-addon-image-button\" data-id=\"d7e42c3\" data-element_type=\"widget\" data-widget_type=\"premium-addon-image-button.default\">\n\t\t\t\t<div class=\"elementor-widget-container\">\n\t\t\t\t\t\n\t\t<a class=\"premium-image-button-style6 premium-image-button premium-btn-block premium-button-style6\" href=\"https:\/\/opdrmuratgunal.com\/index.php\/omurga-kanal-darliklari\/\">\n\t\t\t<div class=\"premium-image-button-text-icon-wrapper\">\n\n\t\t\t\t\t\t\t\t\t\t\t\t\t\t\t\t\t\t\t\t\t\t<div class=\"premium-lottie-animation\" data-lottie-url=\"\" data-lottie-loop=\"true\" data-lottie-reverse=\"\"><\/div>\n\t\t\t\t\t\t\t\t\t\t\t\t\t\t\t\n\t\t\t\t\t\t\t\t\t<span >\n\t\t\t\t\t\t Omurga Kanal Darl\u0131klar\u0131\t\t\t\t\t<\/span>\n\t\t\t\t\n\t\t\t<\/div>\n\n\t\t\t\n\t\t\t\n\t\t\t\n\t\t<\/a>\n\n\t\t\t\t\t\t<\/div>\n\t\t\t\t<\/div>\n\t\t\t\t<div class=\"elementor-element elementor-element-d98d879 elementor-widget elementor-widget-premium-addon-image-button\" data-id=\"d98d879\" data-element_type=\"widget\" data-widget_type=\"premium-addon-image-button.default\">\n\t\t\t\t<div class=\"elementor-widget-container\">\n\t\t\t\t\t\n\t\t<a class=\"premium-image-button-style6 premium-image-button premium-btn-block premium-button-style6\" href=\"https:\/\/opdrmuratgunal.com\/index.php\/omur-kemik-kirilmalari\/\">\n\t\t\t<div class=\"premium-image-button-text-icon-wrapper\">\n\n\t\t\t\t\t\t\t\t\t\t\t\t\t\t\t\t\t\t\t\t\t\t<div class=\"premium-lottie-animation\" data-lottie-url=\"\" data-lottie-loop=\"true\" data-lottie-reverse=\"\"><\/div>\n\t\t\t\t\t\t\t\t\t\t\t\t\t\t\t\n\t\t\t\t\t\t\t\t\t<span >\n\t\t\t\t\t\tOmur Kemik K\u0131r\u0131lmalar\u0131\t\t\t\t\t<\/span>\n\t\t\t\t\n\t\t\t<\/div>\n\n\t\t\t\n\t\t\t\n\t\t\t\n\t\t<\/a>\n\n\t\t\t\t\t\t<\/div>\n\t\t\t\t<\/div>\n\t\t\t\t<div class=\"elementor-element elementor-element-6a3010c elementor-widget elementor-widget-premium-addon-image-button\" data-id=\"6a3010c\" data-element_type=\"widget\" data-widget_type=\"premium-addon-image-button.default\">\n\t\t\t\t<div class=\"elementor-widget-container\">\n\t\t\t\t\t\n\t\t<a class=\"premium-image-button-style6 premium-image-button premium-btn-block premium-button-style6\" href=\"https:\/\/opdrmuratgunal.com\/index.php\/kuyruk-sokumu-zedelenmesi\/\">\n\t\t\t<div class=\"premium-image-button-text-icon-wrapper\">\n\n\t\t\t\t\t\t\t\t\t\t\t\t\t\t\t\t\t\t\t\t\t\t<div class=\"premium-lottie-animation\" data-lottie-url=\"\" data-lottie-loop=\"true\" data-lottie-reverse=\"\"><\/div>\n\t\t\t\t\t\t\t\t\t\t\t\t\t\t\t\n\t\t\t\t\t\t\t\t\t<span >\n\t\t\t\t\t\tKuyruk Sokumu Zedelenme\t\t\t\t\t<\/span>\n\t\t\t\t\n\t\t\t<\/div>\n\n\t\t\t\n\t\t\t\n\t\t\t\n\t\t<\/a>\n\n\t\t\t\t\t\t<\/div>\n\t\t\t\t<\/div>\n\t\t\t\t\t<\/div>\n\t\t<\/div>\n\t\t\t\t\t<\/div>\n\t\t<\/section>\n\t\t\t\t<\/div>\n\t\t","protected":false},"excerpt":{"rendered":"<p>Ameliyatsz Tedaviler Anasayfa Hizmetler Beyin T\u00fcm\u00f6r\u00fc Bel,boyun ve s\u0131rt f\u0131t\u0131klar\u0131nda cerrahi d\u0131\u015f\u0131 tedaviler(Epidural Enjeksiyonlar) Dr. Murat G\u00fcnal devlet hastanesinde \u00e7al\u0131\u015ft\u0131\u011f\u0131 s\u00fcre boyunca 10.000&#8217;in \u00fczerinde\u00a0 hastay\u0131 ameliyats\u0131z y\u00f6ntemlerle tedavi etmi\u015ftir.Bu y\u00f6ntemlerle ger\u00e7ekle\u015ftirdi\u011fi tedavi uygulamalar\u0131nda ba\u015far\u0131 oran\u0131 %90 \u00fczerindedir.Yapt\u0131\u011f\u0131 de\u011ferlendirmelerle, uygun buldu\u011fu hastalar\u0131na \u00f6zel \u015fartlarda, g\u00f6r\u00fcnt\u00fcleme e\u015fli\u011finde, \u00f6zel i\u011fnelerle omurgan\u0131n i\u00e7ine girerek ve baz\u0131 ila\u00e7 kar\u0131\u015f\u0131mlar\u0131n\u0131 do\u011frudan [&hellip;]<\/p>\n","protected":false},"author":1,"featured_media":0,"parent":0,"menu_order":0,"comment_status":"closed","ping_status":"closed","template":"elementor_header_footer","meta":{"footnotes":""},"class_list":["post-800","page","type-page","status-publish","hentry"],"_links":{"self":[{"href":"https:\/\/opdrmuratgunal.com\/index.php\/wp-json\/wp\/v2\/pages\/800","targetHints":{"allow":["GET"]}}],"collection":[{"href":"https:\/\/opdrmuratgunal.com\/index.php\/wp-json\/wp\/v2\/pages"}],"about":[{"href":"https:\/\/opdrmuratgunal.com\/index.php\/wp-json\/wp\/v2\/types\/page"}],"author":[{"embeddable":true,"href":"https:\/\/opdrmuratgunal.com\/index.php\/wp-json\/wp\/v2\/users\/1"}],"replies":[{"embeddable":true,"href":"https:\/\/opdrmuratgunal.com\/index.php\/wp-json\/wp\/v2\/comments?post=800"}],"version-history":[{"count":16,"href":"https:\/\/opdrmuratgunal.com\/index.php\/wp-json\/wp\/v2\/pages\/800\/revisions"}],"predecessor-version":[{"id":849,"href":"https:\/\/opdrmuratgunal.com\/index.php\/wp-json\/wp\/v2\/pages\/800\/revisions\/849"}],"wp:attachment":[{"href":"https:\/\/opdrmuratgunal.com\/index.php\/wp-json\/wp\/v2\/media?parent=800"}],"curies":[{"name":"wp","href":"https:\/\/api.w.org\/{rel}","templated":true}]}}