{"id":689,"date":"2024-02-09T13:23:46","date_gmt":"2024-02-09T10:23:46","guid":{"rendered":"https:\/\/opdrmuratgunal.com\/?page_id=689"},"modified":"2024-02-09T14:29:35","modified_gmt":"2024-02-09T11:29:35","slug":"galeri","status":"publish","type":"page","link":"https:\/\/opdrmuratgunal.com\/index.php\/galeri\/","title":{"rendered":"Galeri"},"content":{"rendered":"\t\t<div data-elementor-type=\"wp-page\" data-elementor-id=\"689\" class=\"elementor elementor-689\" data-elementor-post-type=\"page\">\n\t\t\t\t\t\t<section class=\"elementor-section elementor-top-section elementor-element elementor-element-65b00a24 elementor-section-content-middle elementor-section-boxed elementor-section-height-default elementor-section-height-default\" data-id=\"65b00a24\" data-element_type=\"section\" data-e-type=\"section\" data-settings=\"{&quot;background_background&quot;:&quot;classic&quot;}\">\n\t\t\t\t\t\t\t<div class=\"elementor-background-overlay\"><\/div>\n\t\t\t\t\t\t\t<div class=\"elementor-container elementor-column-gap-default\">\n\t\t\t\t\t<div class=\"elementor-column elementor-col-50 elementor-top-column elementor-element elementor-element-c576353\" data-id=\"c576353\" data-element_type=\"column\" data-e-type=\"column\" data-settings=\"{&quot;background_background&quot;:&quot;classic&quot;}\">\n\t\t\t<div class=\"elementor-widget-wrap elementor-element-populated\">\n\t\t\t\t\t\t<div class=\"elementor-element elementor-element-366a6a28 elementor-widget elementor-widget-heading\" data-id=\"366a6a28\" data-element_type=\"widget\" data-e-type=\"widget\" data-widget_type=\"heading.default\">\n\t\t\t\t<div class=\"elementor-widget-container\">\n\t\t\t\t\t<h2 class=\"elementor-heading-title elementor-size-default\">Galeri<\/h2>\t\t\t\t<\/div>\n\t\t\t\t<\/div>\n\t\t\t\t\t<\/div>\n\t\t<\/div>\n\t\t\t\t<div class=\"elementor-column elementor-col-50 elementor-top-column elementor-element elementor-element-70c3cf1f\" data-id=\"70c3cf1f\" data-element_type=\"column\" data-e-type=\"column\">\n\t\t\t<div class=\"elementor-widget-wrap\">\n\t\t\t\t\t\t\t<\/div>\n\t\t<\/div>\n\t\t\t\t\t<\/div>\n\t\t<\/section>\n\t\t\t\t<section class=\"elementor-section elementor-top-section elementor-element elementor-element-67a4b4e8 elementor-section-boxed elementor-section-height-default elementor-section-height-default\" data-id=\"67a4b4e8\" data-element_type=\"section\" data-e-type=\"section\" data-settings=\"{&quot;background_background&quot;:&quot;classic&quot;}\">\n\t\t\t\t\t\t<div class=\"elementor-container elementor-column-gap-default\">\n\t\t\t\t\t<div class=\"elementor-column elementor-col-100 elementor-top-column elementor-element elementor-element-31a4dcc1\" data-id=\"31a4dcc1\" data-element_type=\"column\" data-e-type=\"column\">\n\t\t\t<div class=\"elementor-widget-wrap elementor-element-populated\">\n\t\t\t\t\t\t<div class=\"elementor-element elementor-element-1eae5ae0 elementor-icon-list--layout-inline elementor-list-item-link-full_width elementor-widget elementor-widget-icon-list\" data-id=\"1eae5ae0\" data-element_type=\"widget\" data-e-type=\"widget\" data-widget_type=\"icon-list.default\">\n\t\t\t\t<div class=\"elementor-widget-container\">\n\t\t\t\t\t\t\t<ul class=\"elementor-icon-list-items elementor-inline-items\">\n\t\t\t\t\t\t\t<li class=\"elementor-icon-list-item elementor-inline-item\">\n\t\t\t\t\t\t\t\t\t\t<span class=\"elementor-icon-list-text\">Home<\/span>\n\t\t\t\t\t\t\t\t\t<\/li>\n\t\t\t\t\t\t\t\t<li class=\"elementor-icon-list-item elementor-inline-item\">\n\t\t\t\t\t\t\t\t\t\t\t<span class=\"elementor-icon-list-icon\">\n\t\t\t\t\t\t\t<i aria-hidden=\"true\" class=\"icon icon-chevron-right\"><\/i>\t\t\t\t\t\t<\/span>\n\t\t\t\t\t\t\t\t\t\t<span class=\"elementor-icon-list-text\">Galeri<\/span>\n\t\t\t\t\t\t\t\t\t<\/li>\n\t\t\t\t\t\t<\/ul>\n\t\t\t\t\t\t<\/div>\n\t\t\t\t<\/div>\n\t\t\t\t\t<\/div>\n\t\t<\/div>\n\t\t\t\t\t<\/div>\n\t\t<\/section>\n\t\t<div class=\"elementor-element elementor-element-985b661 e-flex e-con-boxed e-con e-parent\" data-id=\"985b661\" data-element_type=\"container\" data-e-type=\"container\">\n\t\t\t\t\t<div class=\"e-con-inner\">\n\t\t\t\t<div class=\"elementor-element elementor-element-e1de29d elementor-widget elementor-widget-gallery\" data-id=\"e1de29d\" data-element_type=\"widget\" data-e-type=\"widget\" data-settings=\"{&quot;lazyload&quot;:&quot;yes&quot;,&quot;gallery_layout&quot;:&quot;grid&quot;,&quot;columns&quot;:4,&quot;columns_tablet&quot;:2,&quot;columns_mobile&quot;:1,&quot;gap&quot;:{&quot;unit&quot;:&quot;px&quot;,&quot;size&quot;:10,&quot;sizes&quot;:[]},&quot;gap_tablet&quot;:{&quot;unit&quot;:&quot;px&quot;,&quot;size&quot;:10,&quot;sizes&quot;:[]},&quot;gap_mobile&quot;:{&quot;unit&quot;:&quot;px&quot;,&quot;size&quot;:10,&quot;sizes&quot;:[]},&quot;link_to&quot;:&quot;file&quot;,&quot;aspect_ratio&quot;:&quot;3:2&quot;,&quot;show_all_galleries&quot;:&quot;yes&quot;,&quot;overlay_background&quot;:&quot;yes&quot;,&quot;content_hover_animation&quot;:&quot;fade-in&quot;}\" data-widget_type=\"gallery.default\">\n\t\t\t\t<div class=\"elementor-widget-container\">\n\t\t\t\t\t\t\t\t<div class=\"elementor-gallery__titles-container e--pointer-underline e--animation-fade\" aria-label=\"Gallery filter\">\n\t\t\t\t\t\t\t\t\t<a class=\"elementor-item elementor-gallery-title\" role=\"button\" tabindex=\"0\" data-gallery-index=\"all\">\n\t\t\t\t\t\tT\u00fcm\u00fc\t\t\t\t\t<\/a>\n\t\t\t\t\n\t\t\t\t\t\t\t\t\t<a class=\"elementor-item elementor-gallery-title\" role=\"button\" tabindex=\"0\" data-gallery-index=\"0\">\n\t\t\t\t\t\tHasta Memnuniyet\t\t\t\t\t<\/a>\n\t\t\t\t\t\t\t\t\t\t<a class=\"elementor-item elementor-gallery-title\" role=\"button\" tabindex=\"0\" data-gallery-index=\"1\">\n\t\t\t\t\t\tHasta  Yorumlar\u0131\t\t\t\t\t<\/a>\n\t\t\t\t\t\t\t\t<\/div>\n\t\t\t\t\t<div class=\"elementor-gallery__container\">\n\t\t\t\t\t\t\t<a class=\"e-gallery-item elementor-gallery-item elementor-animated-content\" data-e-gallery-tags=\"0\" href=\"https:\/\/opdrmuratgunal.com\/wp-content\/uploads\/2024\/02\/world-cancer-day.jpg\" data-elementor-open-lightbox=\"yes\" data-elementor-lightbox-slideshow=\"e1de29d\" data-elementor-lightbox-title=\"world-cancer-day.jpg\" data-e-action-hash=\"#elementor-action%3Aaction%3Dlightbox%26settings%3DeyJpZCI6MTcsInVybCI6Imh0dHBzOlwvXC9vcGRybXVyYXRndW5hbC5jb21cL3dwLWNvbnRlbnRcL3VwbG9hZHNcLzIwMjRcLzAyXC93b3JsZC1jYW5jZXItZGF5LmpwZyIsInNsaWRlc2hvdyI6ImUxZGUyOWQifQ%3D%3D\">\n\t\t\t\t\t<div class=\"e-gallery-image elementor-gallery-item__image\" data-thumbnail=\"https:\/\/opdrmuratgunal.com\/wp-content\/uploads\/2024\/02\/world-cancer-day-300x200.jpg\" data-width=\"300\" data-height=\"200\" aria-label=\"\" role=\"img\" ><\/div>\n\t\t\t\t\t\t\t\t\t\t\t<div class=\"elementor-gallery-item__overlay\"><\/div>\n\t\t\t\t\t\t\t\t\t\t\t\t\t\t<\/a>\n\t\t\t\t\t\t\t<a class=\"e-gallery-item elementor-gallery-item elementor-animated-content\" data-e-gallery-tags=\"0\" href=\"https:\/\/opdrmuratgunal.com\/wp-content\/uploads\/2024\/02\/medical-conference.jpg\" data-elementor-open-lightbox=\"yes\" data-elementor-lightbox-slideshow=\"e1de29d\" data-elementor-lightbox-title=\"medical-conference.jpg\" data-e-action-hash=\"#elementor-action%3Aaction%3Dlightbox%26settings%3DeyJpZCI6MjQsInVybCI6Imh0dHBzOlwvXC9vcGRybXVyYXRndW5hbC5jb21cL3dwLWNvbnRlbnRcL3VwbG9hZHNcLzIwMjRcLzAyXC9tZWRpY2FsLWNvbmZlcmVuY2UuanBnIiwic2xpZGVzaG93IjoiZTFkZTI5ZCJ9\">\n\t\t\t\t\t<div class=\"e-gallery-image elementor-gallery-item__image\" data-thumbnail=\"https:\/\/opdrmuratgunal.com\/wp-content\/uploads\/2024\/02\/medical-conference-300x200.jpg\" data-width=\"300\" data-height=\"200\" aria-label=\"\" role=\"img\" ><\/div>\n\t\t\t\t\t\t\t\t\t\t\t<div class=\"elementor-gallery-item__overlay\"><\/div>\n\t\t\t\t\t\t\t\t\t\t\t\t\t\t<\/a>\n\t\t\t\t\t\t\t<a class=\"e-gallery-item elementor-gallery-item elementor-animated-content\" data-e-gallery-tags=\"0\" href=\"https:\/\/opdrmuratgunal.com\/wp-content\/uploads\/2024\/02\/happy-black-senior-woman-mockup.jpg\" data-elementor-open-lightbox=\"yes\" data-elementor-lightbox-slideshow=\"e1de29d\" data-elementor-lightbox-title=\"happy-black-senior-woman-mockup.jpg\" data-e-action-hash=\"#elementor-action%3Aaction%3Dlightbox%26settings%3DeyJpZCI6NTYsInVybCI6Imh0dHBzOlwvXC9vcGRybXVyYXRndW5hbC5jb21cL3dwLWNvbnRlbnRcL3VwbG9hZHNcLzIwMjRcLzAyXC9oYXBweS1ibGFjay1zZW5pb3Itd29tYW4tbW9ja3VwLmpwZyIsInNsaWRlc2hvdyI6ImUxZGUyOWQifQ%3D%3D\">\n\t\t\t\t\t<div class=\"e-gallery-image elementor-gallery-item__image\" data-thumbnail=\"https:\/\/opdrmuratgunal.com\/wp-content\/uploads\/2024\/02\/happy-black-senior-woman-mockup-300x300.jpg\" data-width=\"300\" data-height=\"300\" aria-label=\"\" role=\"img\" ><\/div>\n\t\t\t\t\t\t\t\t\t\t\t<div class=\"elementor-gallery-item__overlay\"><\/div>\n\t\t\t\t\t\t\t\t\t\t\t\t\t\t<\/a>\n\t\t\t\t\t\t\t<a class=\"e-gallery-item elementor-gallery-item elementor-animated-content\" data-e-gallery-tags=\"0\" href=\"https:\/\/opdrmuratgunal.com\/wp-content\/uploads\/2024\/02\/happy-woman-at-home-during-coronavirus-quarantine.jpg\" data-elementor-open-lightbox=\"yes\" data-elementor-lightbox-slideshow=\"e1de29d\" data-elementor-lightbox-title=\"happy-woman-at-home-during-coronavirus-quarantine.jpg\" data-e-action-hash=\"#elementor-action%3Aaction%3Dlightbox%26settings%3DeyJpZCI6NjMsInVybCI6Imh0dHBzOlwvXC9vcGRybXVyYXRndW5hbC5jb21cL3dwLWNvbnRlbnRcL3VwbG9hZHNcLzIwMjRcLzAyXC9oYXBweS13b21hbi1hdC1ob21lLWR1cmluZy1jb3JvbmF2aXJ1cy1xdWFyYW50aW5lLmpwZyIsInNsaWRlc2hvdyI6ImUxZGUyOWQifQ%3D%3D\">\n\t\t\t\t\t<div class=\"e-gallery-image elementor-gallery-item__image\" data-thumbnail=\"https:\/\/opdrmuratgunal.com\/wp-content\/uploads\/2024\/02\/happy-woman-at-home-during-coronavirus-quarantine-300x300.jpg\" data-width=\"300\" data-height=\"300\" aria-label=\"\" role=\"img\" ><\/div>\n\t\t\t\t\t\t\t\t\t\t\t<div class=\"elementor-gallery-item__overlay\"><\/div>\n\t\t\t\t\t\t\t\t\t\t\t\t\t\t<\/a>\n\t\t\t\t\t\t\t<a class=\"e-gallery-item elementor-gallery-item elementor-animated-content\" data-e-gallery-tags=\"0\" href=\"https:\/\/opdrmuratgunal.com\/wp-content\/uploads\/2024\/02\/young-girl-posing-in-the-studio-on-a-grey-background-happy-caucasian-girl-smiling-at-camera-.jpg\" data-elementor-open-lightbox=\"yes\" data-elementor-lightbox-slideshow=\"e1de29d\" data-elementor-lightbox-title=\"young-girl-posing-in-the-studio-on-a-grey-background-happy-caucasian-girl-smiling-at-camera-.jpg\" data-e-action-hash=\"#elementor-action%3Aaction%3Dlightbox%26settings%3DeyJpZCI6NTgsInVybCI6Imh0dHBzOlwvXC9vcGRybXVyYXRndW5hbC5jb21cL3dwLWNvbnRlbnRcL3VwbG9hZHNcLzIwMjRcLzAyXC95b3VuZy1naXJsLXBvc2luZy1pbi10aGUtc3R1ZGlvLW9uLWEtZ3JleS1iYWNrZ3JvdW5kLWhhcHB5LWNhdWNhc2lhbi1naXJsLXNtaWxpbmctYXQtY2FtZXJhLS5qcGciLCJzbGlkZXNob3ciOiJlMWRlMjlkIn0%3D\">\n\t\t\t\t\t<div class=\"e-gallery-image elementor-gallery-item__image\" data-thumbnail=\"https:\/\/opdrmuratgunal.com\/wp-content\/uploads\/2024\/02\/young-girl-posing-in-the-studio-on-a-grey-background-happy-caucasian-girl-smiling-at-camera--300x300.jpg\" data-width=\"300\" data-height=\"300\" aria-label=\"\" role=\"img\" ><\/div>\n\t\t\t\t\t\t\t\t\t\t\t<div class=\"elementor-gallery-item__overlay\"><\/div>\n\t\t\t\t\t\t\t\t\t\t\t\t\t\t<\/a>\n\t\t\t\t\t\t\t<a class=\"e-gallery-item elementor-gallery-item elementor-animated-content\" data-e-gallery-tags=\"1\" href=\"https:\/\/opdrmuratgunal.com\/wp-content\/uploads\/2024\/02\/skyscraper-building-in-hong-kong-city-view-in-blue-filter.jpg\" data-elementor-open-lightbox=\"yes\" data-elementor-lightbox-slideshow=\"e1de29d\" data-elementor-lightbox-title=\"skyscraper-building-in-hong-kong-city-view-in-blue-filter.jpg\" data-e-action-hash=\"#elementor-action%3Aaction%3Dlightbox%26settings%3DeyJpZCI6MjMsInVybCI6Imh0dHBzOlwvXC9vcGRybXVyYXRndW5hbC5jb21cL3dwLWNvbnRlbnRcL3VwbG9hZHNcLzIwMjRcLzAyXC9za3lzY3JhcGVyLWJ1aWxkaW5nLWluLWhvbmcta29uZy1jaXR5LXZpZXctaW4tYmx1ZS1maWx0ZXIuanBnIiwic2xpZGVzaG93IjoiZTFkZTI5ZCJ9\">\n\t\t\t\t\t<div class=\"e-gallery-image elementor-gallery-item__image\" data-thumbnail=\"https:\/\/opdrmuratgunal.com\/wp-content\/uploads\/2024\/02\/skyscraper-building-in-hong-kong-city-view-in-blue-filter-300x200.jpg\" data-width=\"300\" data-height=\"200\" aria-label=\"\" role=\"img\" ><\/div>\n\t\t\t\t\t\t\t\t\t\t\t<div class=\"elementor-gallery-item__overlay\"><\/div>\n\t\t\t\t\t\t\t\t\t\t\t\t\t\t<\/a>\n\t\t\t\t\t\t\t<a class=\"e-gallery-item elementor-gallery-item elementor-animated-content\" data-e-gallery-tags=\"1\" href=\"https:\/\/opdrmuratgunal.com\/wp-content\/uploads\/2024\/02\/ambulance-vehicles-on-an-hospital-parking-emergency-transport-medicine.jpg\" data-elementor-open-lightbox=\"yes\" data-elementor-lightbox-slideshow=\"e1de29d\" data-elementor-lightbox-title=\"ambulance-vehicles-on-an-hospital-parking-emergency-transport-medicine.jpg\" data-e-action-hash=\"#elementor-action%3Aaction%3Dlightbox%26settings%3DeyJpZCI6NDAsInVybCI6Imh0dHBzOlwvXC9vcGRybXVyYXRndW5hbC5jb21cL3dwLWNvbnRlbnRcL3VwbG9hZHNcLzIwMjRcLzAyXC9hbWJ1bGFuY2UtdmVoaWNsZXMtb24tYW4taG9zcGl0YWwtcGFya2luZy1lbWVyZ2VuY3ktdHJhbnNwb3J0LW1lZGljaW5lLmpwZyIsInNsaWRlc2hvdyI6ImUxZGUyOWQifQ%3D%3D\">\n\t\t\t\t\t<div class=\"e-gallery-image elementor-gallery-item__image\" data-thumbnail=\"https:\/\/opdrmuratgunal.com\/wp-content\/uploads\/2024\/02\/ambulance-vehicles-on-an-hospital-parking-emergency-transport-medicine-300x200.jpg\" data-width=\"300\" data-height=\"200\" aria-label=\"\" role=\"img\" ><\/div>\n\t\t\t\t\t\t\t\t\t\t\t<div class=\"elementor-gallery-item__overlay\"><\/div>\n\t\t\t\t\t\t\t\t\t\t\t\t\t\t<\/a>\n\t\t\t\t\t\t\t<a class=\"e-gallery-item elementor-gallery-item elementor-animated-content\" data-e-gallery-tags=\"1\" href=\"https:\/\/opdrmuratgunal.com\/wp-content\/uploads\/2024\/02\/man-at-medical-examination.jpg\" data-elementor-open-lightbox=\"yes\" data-elementor-lightbox-slideshow=\"e1de29d\" data-elementor-lightbox-title=\"man-at-medical-examination.jpg\" data-e-action-hash=\"#elementor-action%3Aaction%3Dlightbox%26settings%3DeyJpZCI6NjQsInVybCI6Imh0dHBzOlwvXC9vcGRybXVyYXRndW5hbC5jb21cL3dwLWNvbnRlbnRcL3VwbG9hZHNcLzIwMjRcLzAyXC9tYW4tYXQtbWVkaWNhbC1leGFtaW5hdGlvbi5qcGciLCJzbGlkZXNob3ciOiJlMWRlMjlkIn0%3D\">\n\t\t\t\t\t<div class=\"e-gallery-image elementor-gallery-item__image\" data-thumbnail=\"https:\/\/opdrmuratgunal.com\/wp-content\/uploads\/2024\/02\/man-at-medical-examination-300x200.jpg\" data-width=\"300\" data-height=\"200\" aria-label=\"\" role=\"img\" ><\/div>\n\t\t\t\t\t\t\t\t\t\t\t<div class=\"elementor-gallery-item__overlay\"><\/div>\n\t\t\t\t\t\t\t\t\t\t\t\t\t\t<\/a>\n\t\t\t\t\t<\/div>\n\t\t\t\t\t<\/div>\n\t\t\t\t<\/div>\n\t\t\t\t\t<\/div>\n\t\t\t\t<\/div>\n\t\t\t\t<\/div>\n\t\t","protected":false},"excerpt":{"rendered":"<p>Galeri Home T\u00fcm\u00fc Hasta Memnuniyet Hasta Yorumlar\u0131<\/p>\n","protected":false},"author":1,"featured_media":0,"parent":0,"menu_order":0,"comment_status":"closed","ping_status":"closed","template":"elementor_header_footer","meta":{"footnotes":""},"class_list":["post-689","page","type-page","status-publish","hentry"],"_links":{"self":[{"href":"https:\/\/opdrmuratgunal.com\/index.php\/wp-json\/wp\/v2\/pages\/689","targetHints":{"allow":["GET"]}}],"collection":[{"href":"https:\/\/opdrmuratgunal.com\/index.php\/wp-json\/wp\/v2\/pages"}],"about":[{"href":"https:\/\/opdrmuratgunal.com\/index.php\/wp-json\/wp\/v2\/types\/page"}],"author":[{"embeddable":true,"href":"https:\/\/opdrmuratgunal.com\/index.php\/wp-json\/wp\/v2\/users\/1"}],"replies":[{"embeddable":true,"href":"https:\/\/opdrmuratgunal.com\/index.php\/wp-json\/wp\/v2\/comments?post=689"}],"version-history":[{"count":7,"href":"https:\/\/opdrmuratgunal.com\/index.php\/wp-json\/wp\/v2\/pages\/689\/revisions"}],"predecessor-version":[{"id":701,"href":"https:\/\/opdrmuratgunal.com\/index.php\/wp-json\/wp\/v2\/pages\/689\/revisions\/701"}],"wp:attachment":[{"href":"https:\/\/opdrmuratgunal.com\/index.php\/wp-json\/wp\/v2\/media?parent=689"}],"curies":[{"name":"wp","href":"https:\/\/api.w.org\/{rel}","templated":true}]}}