{"id":553,"date":"2024-02-09T10:11:15","date_gmt":"2024-02-09T07:11:15","guid":{"rendered":"https:\/\/opdrmuratgunal.com\/?page_id=553"},"modified":"2024-02-09T12:49:15","modified_gmt":"2024-02-09T09:49:15","slug":"omurga-kanal-darliklari","status":"publish","type":"page","link":"https:\/\/opdrmuratgunal.com\/index.php\/omurga-kanal-darliklari\/","title":{"rendered":"Omurga Kanal Darl\u0131klar\u0131"},"content":{"rendered":"\t\t<div data-elementor-type=\"wp-page\" data-elementor-id=\"553\" class=\"elementor elementor-553\" data-elementor-post-type=\"page\">\n\t\t\t\t\t\t<section class=\"elementor-section elementor-top-section elementor-element elementor-element-939fff6 elementor-section-boxed elementor-section-height-default elementor-section-height-default\" data-id=\"939fff6\" data-element_type=\"section\" data-settings=\"{&quot;background_background&quot;:&quot;classic&quot;}\">\n\t\t\t\t\t\t\t<div class=\"elementor-background-overlay\"><\/div>\n\t\t\t\t\t\t\t<div class=\"elementor-container elementor-column-gap-default\">\n\t\t\t\t\t<div class=\"elementor-column elementor-col-100 elementor-top-column elementor-element elementor-element-12f7ca7f\" data-id=\"12f7ca7f\" data-element_type=\"column\" data-settings=\"{&quot;background_background&quot;:&quot;classic&quot;}\">\n\t\t\t<div class=\"elementor-widget-wrap elementor-element-populated\">\n\t\t\t\t\t\t<div class=\"elementor-element elementor-element-35e11c62 elementor-widget elementor-widget-heading\" data-id=\"35e11c62\" data-element_type=\"widget\" data-widget_type=\"heading.default\">\n\t\t\t\t<div class=\"elementor-widget-container\">\n\t\t\t\t\t<h1 class=\"elementor-heading-title elementor-size-default\">Omurga Kanal Darl\u0131klar\u0131<\/h1>\t\t\t\t<\/div>\n\t\t\t\t<\/div>\n\t\t\t\t\t<\/div>\n\t\t<\/div>\n\t\t\t\t\t<\/div>\n\t\t<\/section>\n\t\t\t\t<section class=\"elementor-section elementor-top-section elementor-element elementor-element-679c646 elementor-section-boxed elementor-section-height-default elementor-section-height-default\" data-id=\"679c646\" data-element_type=\"section\" data-settings=\"{&quot;background_background&quot;:&quot;classic&quot;}\">\n\t\t\t\t\t\t<div class=\"elementor-container elementor-column-gap-default\">\n\t\t\t\t\t<div class=\"elementor-column elementor-col-100 elementor-top-column elementor-element elementor-element-4c224250\" data-id=\"4c224250\" data-element_type=\"column\">\n\t\t\t<div class=\"elementor-widget-wrap elementor-element-populated\">\n\t\t\t\t\t\t<div class=\"elementor-element elementor-element-6cb68ec1 elementor-icon-list--layout-inline elementor-list-item-link-full_width elementor-widget elementor-widget-icon-list\" data-id=\"6cb68ec1\" data-element_type=\"widget\" data-widget_type=\"icon-list.default\">\n\t\t\t\t<div class=\"elementor-widget-container\">\n\t\t\t\t\t\t\t<ul class=\"elementor-icon-list-items elementor-inline-items\">\n\t\t\t\t\t\t\t<li class=\"elementor-icon-list-item elementor-inline-item\">\n\t\t\t\t\t\t\t\t\t\t<span class=\"elementor-icon-list-text\">Anasayfa<\/span>\n\t\t\t\t\t\t\t\t\t<\/li>\n\t\t\t\t\t\t\t\t<li class=\"elementor-icon-list-item elementor-inline-item\">\n\t\t\t\t\t\t\t\t\t\t\t<span class=\"elementor-icon-list-icon\">\n\t\t\t\t\t\t\t<i aria-hidden=\"true\" class=\"icon icon-chevron-right\"><\/i>\t\t\t\t\t\t<\/span>\n\t\t\t\t\t\t\t\t\t\t<span class=\"elementor-icon-list-text\">Hizmetler<\/span>\n\t\t\t\t\t\t\t\t\t<\/li>\n\t\t\t\t\t\t\t\t<li class=\"elementor-icon-list-item elementor-inline-item\">\n\t\t\t\t\t\t\t\t\t\t\t<span class=\"elementor-icon-list-icon\">\n\t\t\t\t\t\t\t<i aria-hidden=\"true\" class=\"icon icon-chevron-right\"><\/i>\t\t\t\t\t\t<\/span>\n\t\t\t\t\t\t\t\t\t\t<span class=\"elementor-icon-list-text\">Omurga Kanal Darl\u0131klar\u0131<\/span>\n\t\t\t\t\t\t\t\t\t<\/li>\n\t\t\t\t\t\t<\/ul>\n\t\t\t\t\t\t<\/div>\n\t\t\t\t<\/div>\n\t\t\t\t\t<\/div>\n\t\t<\/div>\n\t\t\t\t\t<\/div>\n\t\t<\/section>\n\t\t\t\t<section class=\"elementor-section elementor-top-section elementor-element elementor-element-63ea99a0 elementor-section-boxed elementor-section-height-default elementor-section-height-default\" data-id=\"63ea99a0\" data-element_type=\"section\">\n\t\t\t\t\t\t<div class=\"elementor-container elementor-column-gap-default\">\n\t\t\t\t\t<div class=\"elementor-column elementor-col-50 elementor-top-column elementor-element elementor-element-990daf3\" data-id=\"990daf3\" data-element_type=\"column\">\n\t\t\t<div class=\"elementor-widget-wrap elementor-element-populated\">\n\t\t\t\t\t\t<div class=\"elementor-element elementor-element-2b83b3e elementor-widget elementor-widget-image\" data-id=\"2b83b3e\" data-element_type=\"widget\" data-widget_type=\"image.default\">\n\t\t\t\t<div class=\"elementor-widget-container\">\n\t\t\t\t\t\t\t\t\t\t\t\t\t\t\t<img fetchpriority=\"high\" decoding=\"async\" width=\"967\" height=\"646\" src=\"https:\/\/opdrmuratgunal.com\/wp-content\/uploads\/2024\/02\/BEYIN-18.png\" class=\"attachment-full size-full wp-image-556\" alt=\"\" srcset=\"https:\/\/opdrmuratgunal.com\/wp-content\/uploads\/2024\/02\/BEYIN-18.png 967w, https:\/\/opdrmuratgunal.com\/wp-content\/uploads\/2024\/02\/BEYIN-18-300x200.png 300w, https:\/\/opdrmuratgunal.com\/wp-content\/uploads\/2024\/02\/BEYIN-18-768x513.png 768w\" sizes=\"(max-width: 967px) 100vw, 967px\" \/>\t\t\t\t\t\t\t\t\t\t\t\t\t\t\t<\/div>\n\t\t\t\t<\/div>\n\t\t\t\t<div class=\"elementor-element elementor-element-fecb110 elementor-widget elementor-widget-text-editor\" data-id=\"fecb110\" data-element_type=\"widget\" data-widget_type=\"text-editor.default\">\n\t\t\t\t<div class=\"elementor-widget-container\">\n\t\t\t\t\t\t\t\t\t<p><strong>Omurga Kanal Darl\u0131klar\u0131: Belirtiler, Tan\u0131 ve Tedavi<\/strong><\/p><p>Omurga kanal darl\u0131klar\u0131, omurilik \u00e7evresindeki kemik veya dokular\u0131n daralmas\u0131 sonucu omurili\u011fin bask\u0131 alt\u0131nda kalmas\u0131 durumudur. Bu durum, omurilik ve sinir k\u00f6klerine bask\u0131 yaparak \u00e7e\u015fitli belirtilere neden olabilir. \u0130\u015fte omurga kanal darl\u0131klar\u0131 hakk\u0131nda bilgilendirici bir i\u00e7erik:<\/p><p><strong>Belirtiler:<\/strong><\/p><p>Omurga kanal darl\u0131klar\u0131 belirtileri \u015funlar\u0131 i\u00e7erebilir:<\/p><ul><li>S\u0131rt, bacak ve kal\u00e7ada a\u011fr\u0131 ve rahats\u0131zl\u0131k.<\/li><li>Bacaklarda uyu\u015fma, kar\u0131ncalanma veya zay\u0131fl\u0131k.<\/li><li>Ayakta topallama ve dengede zorlanma.<\/li><li>\u0130leri durumlarda, idrar veya d\u0131\u015fk\u0131 kontrol\u00fcn\u00fcn kayb\u0131.<\/li><\/ul><p><strong>Risk Fakt\u00f6rleri:<\/strong><\/p><ol><li><strong>Ya\u015flanma:<\/strong> Omurga kanal darl\u0131klar\u0131 genellikle ya\u015flanma s\u00fcreciyle ili\u015fkilidir.<\/li><li><strong>Genetik Fakt\u00f6rler:<\/strong> Aile \u00f6yk\u00fcs\u00fcnde omurga kanal darl\u0131\u011f\u0131 \u00f6yk\u00fcs\u00fc olan ki\u015filerde risk artabilir.<\/li><li><strong>Kire\u00e7lenme (Osteoartrit):<\/strong> Eklemlerde a\u015f\u0131nma ve y\u0131pranma, omurga kanal darl\u0131\u011f\u0131na neden olabilir.<\/li><\/ol><p><strong>Tan\u0131 Y\u00f6ntemleri:<\/strong><\/p><ol><li><strong>G\u00f6r\u00fcnt\u00fcleme Testleri:<\/strong> Manyetik rezonans g\u00f6r\u00fcnt\u00fcleme (MRG) veya bilgisayarl\u0131 tomografi (BT) taramalar\u0131, omurga kanal darl\u0131\u011f\u0131n\u0131 do\u011frulamak ve detayl\u0131 bir de\u011ferlendirme yapmak i\u00e7in kullan\u0131l\u0131r.<\/li><li><strong>Sinir \u0130letim Testleri:<\/strong> Sinir fonksiyonlar\u0131n\u0131 de\u011ferlendirmek i\u00e7in kullan\u0131labilir.<\/li><\/ol><p><strong>Tedavi Se\u00e7enekleri:<\/strong><\/p><ol><li><strong>\u0130la\u00e7lar:<\/strong> A\u011fr\u0131 ve iltihaplar\u0131 kontrol etmek i\u00e7in kullan\u0131labilir.<\/li><li><strong>Fizik Tedavi:<\/strong> Kas g\u00fc\u00e7lendirme ve esneme egzersizleri.<\/li><li><strong>Enjeksiyonlar:<\/strong> Steroid enjeksiyonlar\u0131, a\u011fr\u0131y\u0131 azaltmaya yard\u0131mc\u0131 olabilir.<\/li><li><strong>Cerrahi M\u00fcdahale:<\/strong> Di\u011fer tedavi y\u00f6ntemleri ba\u015far\u0131s\u0131z olursa, cerrahi d\u00fczeltme d\u00fc\u015f\u00fcn\u00fclebilir.<\/li><\/ol><p><strong>Ya\u015fam Tarz\u0131 ve \u00d6neriler:<\/strong><\/p><ol><li><strong>Egzersiz:<\/strong> Beli g\u00fc\u00e7lendirmek ve esnekli\u011fi art\u0131rmak i\u00e7in d\u00fczenli egzersiz yapmak.<\/li><li><strong>A\u011f\u0131rl\u0131k Kontrol\u00fc:<\/strong> Sa\u011fl\u0131kl\u0131 bir kiloda kalmak, omurga kanal darl\u0131\u011f\u0131 riskini azaltabilir.<\/li><li><strong>Ergonomik D\u00fczenlemeler:<\/strong> Oturma ve \u00e7al\u0131\u015fma alanlar\u0131n\u0131 ergonomik olarak d\u00fczenlemek, omurga sa\u011fl\u0131\u011f\u0131n\u0131 destekleyebilir.<\/li><\/ol>\t\t\t\t\t\t\t\t<\/div>\n\t\t\t\t<\/div>\n\t\t\t\t\t<\/div>\n\t\t<\/div>\n\t\t\t\t<div class=\"elementor-column elementor-col-50 elementor-top-column elementor-element elementor-element-d9555d0\" data-id=\"d9555d0\" data-element_type=\"column\">\n\t\t\t<div class=\"elementor-widget-wrap elementor-element-populated\">\n\t\t\t\t\t\t<section class=\"elementor-section elementor-inner-section elementor-element elementor-element-e17c57a elementor-section-boxed elementor-section-height-default elementor-section-height-default\" data-id=\"e17c57a\" data-element_type=\"section\">\n\t\t\t\t\t\t<div class=\"elementor-container elementor-column-gap-default\">\n\t\t\t\t\t<div class=\"elementor-column elementor-col-100 elementor-inner-column elementor-element elementor-element-6ac862a\" data-id=\"6ac862a\" data-element_type=\"column\" data-settings=\"{&quot;background_background&quot;:&quot;classic&quot;}\">\n\t\t\t<div class=\"elementor-widget-wrap elementor-element-populated\">\n\t\t\t\t\t<div class=\"elementor-background-overlay\"><\/div>\n\t\t\t\t\t\t<div class=\"elementor-element elementor-element-fe157ae ekit-equal-height-disable elementor-widget elementor-widget-elementskit-icon-box\" data-id=\"fe157ae\" data-element_type=\"widget\" data-widget_type=\"elementskit-icon-box.default\">\n\t\t\t\t<div class=\"elementor-widget-container\">\n\t\t\t\t\t<div class=\"ekit-wid-con\" >        <!-- link opening -->\n                <!-- end link opening -->\n\n        <div class=\"elementskit-infobox text-center text-left icon-lef-right-aligin elementor-animation- media  \">\n                    <div class=\"elementskit-box-header elementor-animation-\">\n                <div class=\"elementskit-info-box-icon  text-center\">\n                    <i aria-hidden=\"true\" class=\"elementkit-infobox-icon icon icon-doctor\"><\/i>\n                <\/div>\n          <\/div>\n                        <div class=\"box-body\">\n                            <h3 class=\"elementskit-info-box-title\">\n                    Hastal\u0131klar\u200b                <\/h3>\n                                            <\/div>\n        \n        \n                <\/div>\n        <\/div>\t\t\t\t<\/div>\n\t\t\t\t<\/div>\n\t\t\t\t<div class=\"elementor-element elementor-element-c54d04a elementor-widget-divider--view-line elementor-widget elementor-widget-divider\" data-id=\"c54d04a\" data-element_type=\"widget\" data-widget_type=\"divider.default\">\n\t\t\t\t<div class=\"elementor-widget-container\">\n\t\t\t\t\t\t\t<div class=\"elementor-divider\">\n\t\t\t<span class=\"elementor-divider-separator\">\n\t\t\t\t\t\t<\/span>\n\t\t<\/div>\n\t\t\t\t\t\t<\/div>\n\t\t\t\t<\/div>\n\t\t\t\t\t<\/div>\n\t\t<\/div>\n\t\t\t\t\t<\/div>\n\t\t<\/section>\n\t\t\t\t<div class=\"elementor-element elementor-element-754aaa9 elementor-widget elementor-widget-spacer\" data-id=\"754aaa9\" data-element_type=\"widget\" data-widget_type=\"spacer.default\">\n\t\t\t\t<div class=\"elementor-widget-container\">\n\t\t\t\t\t\t\t<div class=\"elementor-spacer\">\n\t\t\t<div class=\"elementor-spacer-inner\"><\/div>\n\t\t<\/div>\n\t\t\t\t\t\t<\/div>\n\t\t\t\t<\/div>\n\t\t\t\t<div class=\"elementor-element elementor-element-c657b4e elementor-widget elementor-widget-premium-addon-image-button\" data-id=\"c657b4e\" data-element_type=\"widget\" data-widget_type=\"premium-addon-image-button.default\">\n\t\t\t\t<div class=\"elementor-widget-container\">\n\t\t\t\t\t\n\t\t<a class=\"premium-image-button-style6 premium-image-button premium-btn-block premium-button-style6\" href=\"https:\/\/opdrmuratgunal.com\/index.php\/beyin-tumoru\/\">\n\t\t\t<div class=\"premium-image-button-text-icon-wrapper\">\n\n\t\t\t\t\t\t\t\t\t\t\t\t\t\t\t\t\t\t\t\t\t\t<div class=\"premium-lottie-animation\" data-lottie-url=\"\" data-lottie-loop=\"true\" data-lottie-reverse=\"\"><\/div>\n\t\t\t\t\t\t\t\t\t\t\t\t\t\t\t\n\t\t\t\t\t\t\t\t\t<span >\n\t\t\t\t\t\tBeyin T\u00fcm\u00f6r\u00fc\t\t\t\t\t<\/span>\n\t\t\t\t\n\t\t\t<\/div>\n\n\t\t\t\n\t\t\t\n\t\t\t\n\t\t<\/a>\n\n\t\t\t\t\t\t<\/div>\n\t\t\t\t<\/div>\n\t\t\t\t<div class=\"elementor-element elementor-element-2e79893 elementor-widget elementor-widget-premium-addon-image-button\" data-id=\"2e79893\" data-element_type=\"widget\" data-widget_type=\"premium-addon-image-button.default\">\n\t\t\t\t<div class=\"elementor-widget-container\">\n\t\t\t\t\t\n\t\t<a class=\"premium-image-button-style6 premium-image-button premium-btn-block premium-button-style6\" href=\"https:\/\/opdrmuratgunal.com\/index.php\/beyincik-sarkmasi\/\">\n\t\t\t<div class=\"premium-image-button-text-icon-wrapper\">\n\n\t\t\t\t\t\t\t\t\t\t\t\t\t\t\t\t\t\t\t\t\t\t<div class=\"premium-lottie-animation\" data-lottie-url=\"\" data-lottie-loop=\"true\" data-lottie-reverse=\"\"><\/div>\n\t\t\t\t\t\t\t\t\t\t\t\t\t\t\t\n\t\t\t\t\t\t\t\t\t<span >\n\t\t\t\t\t\tBeyincik Sarkmas\u0131\t\t\t\t\t<\/span>\n\t\t\t\t\n\t\t\t<\/div>\n\n\t\t\t\n\t\t\t\n\t\t\t\n\t\t<\/a>\n\n\t\t\t\t\t\t<\/div>\n\t\t\t\t<\/div>\n\t\t\t\t<div class=\"elementor-element elementor-element-d8a3866 elementor-widget elementor-widget-premium-addon-image-button\" data-id=\"d8a3866\" data-element_type=\"widget\" data-widget_type=\"premium-addon-image-button.default\">\n\t\t\t\t<div class=\"elementor-widget-container\">\n\t\t\t\t\t\n\t\t<a class=\"premium-image-button-style6 premium-image-button premium-btn-block premium-button-style6\" href=\"https:\/\/opdrmuratgunal.com\/index.php\/omurilik-tumorleri\/\">\n\t\t\t<div class=\"premium-image-button-text-icon-wrapper\">\n\n\t\t\t\t\t\t\t\t\t\t\t\t\t\t\t\t\t\t\t\t\t\t<div class=\"premium-lottie-animation\" data-lottie-url=\"\" data-lottie-loop=\"true\" data-lottie-reverse=\"\"><\/div>\n\t\t\t\t\t\t\t\t\t\t\t\t\t\t\t\n\t\t\t\t\t\t\t\t\t<span >\n\t\t\t\t\t\t Omurilik T\u00fcm\u00f6rleri\t\t\t\t\t<\/span>\n\t\t\t\t\n\t\t\t<\/div>\n\n\t\t\t\n\t\t\t\n\t\t\t\n\t\t<\/a>\n\n\t\t\t\t\t\t<\/div>\n\t\t\t\t<\/div>\n\t\t\t\t<div class=\"elementor-element elementor-element-27ee85a elementor-widget elementor-widget-premium-addon-image-button\" data-id=\"27ee85a\" data-element_type=\"widget\" data-widget_type=\"premium-addon-image-button.default\">\n\t\t\t\t<div class=\"elementor-widget-container\">\n\t\t\t\t\t\n\t\t<a class=\"premium-image-button-style6 premium-image-button premium-btn-block premium-button-style6\" href=\"https:\/\/opdrmuratgunal.com\/index.php\/boyun-fitigi\/\">\n\t\t\t<div class=\"premium-image-button-text-icon-wrapper\">\n\n\t\t\t\t\t\t\t\t\t\t\t\t\t\t\t\t\t\t\t\t\t\t<div class=\"premium-lottie-animation\" data-lottie-url=\"\" data-lottie-loop=\"true\" data-lottie-reverse=\"\"><\/div>\n\t\t\t\t\t\t\t\t\t\t\t\t\t\t\t\n\t\t\t\t\t\t\t\t\t<span >\n\t\t\t\t\t\t Boyun F\u0131t\u0131\u011f\u0131\t\t\t\t\t<\/span>\n\t\t\t\t\n\t\t\t<\/div>\n\n\t\t\t\n\t\t\t\n\t\t\t\n\t\t<\/a>\n\n\t\t\t\t\t\t<\/div>\n\t\t\t\t<\/div>\n\t\t\t\t<div class=\"elementor-element elementor-element-113dc9d elementor-widget elementor-widget-premium-addon-image-button\" data-id=\"113dc9d\" data-element_type=\"widget\" data-widget_type=\"premium-addon-image-button.default\">\n\t\t\t\t<div class=\"elementor-widget-container\">\n\t\t\t\t\t\n\t\t<a class=\"premium-image-button-style6 premium-image-button premium-btn-block premium-button-style6\" href=\"https:\/\/opdrmuratgunal.com\/index.php\/bel-fitigi\/\">\n\t\t\t<div class=\"premium-image-button-text-icon-wrapper\">\n\n\t\t\t\t\t\t\t\t\t\t\t\t\t\t\t\t\t\t\t\t\t\t<div class=\"premium-lottie-animation\" data-lottie-url=\"\" data-lottie-loop=\"true\" data-lottie-reverse=\"\"><\/div>\n\t\t\t\t\t\t\t\t\t\t\t\t\t\t\t\n\t\t\t\t\t\t\t\t\t<span >\n\t\t\t\t\t\tBel F\u0131t\u0131\u011f\u0131\t\t\t\t\t<\/span>\n\t\t\t\t\n\t\t\t<\/div>\n\n\t\t\t\n\t\t\t\n\t\t\t\n\t\t<\/a>\n\n\t\t\t\t\t\t<\/div>\n\t\t\t\t<\/div>\n\t\t\t\t<div class=\"elementor-element elementor-element-461aeee elementor-widget elementor-widget-premium-addon-image-button\" data-id=\"461aeee\" data-element_type=\"widget\" data-widget_type=\"premium-addon-image-button.default\">\n\t\t\t\t<div class=\"elementor-widget-container\">\n\t\t\t\t\t\n\t\t<a class=\"premium-image-button-style6 premium-image-button premium-btn-block premium-button-style6\" href=\"https:\/\/opdrmuratgunal.com\/index.php\/karpal-tunel-sendromu\/\">\n\t\t\t<div class=\"premium-image-button-text-icon-wrapper\">\n\n\t\t\t\t\t\t\t\t\t\t\t\t\t\t\t\t\t\t\t\t\t\t<div class=\"premium-lottie-animation\" data-lottie-url=\"\" data-lottie-loop=\"true\" data-lottie-reverse=\"\"><\/div>\n\t\t\t\t\t\t\t\t\t\t\t\t\t\t\t\n\t\t\t\t\t\t\t\t\t<span >\n\t\t\t\t\t\t Karpal T\u00fcnel Sendromu\t\t\t\t\t<\/span>\n\t\t\t\t\n\t\t\t<\/div>\n\n\t\t\t\n\t\t\t\n\t\t\t\n\t\t<\/a>\n\n\t\t\t\t\t\t<\/div>\n\t\t\t\t<\/div>\n\t\t\t\t<div class=\"elementor-element elementor-element-29cc32f elementor-widget elementor-widget-premium-addon-image-button\" data-id=\"29cc32f\" data-element_type=\"widget\" data-widget_type=\"premium-addon-image-button.default\">\n\t\t\t\t<div class=\"elementor-widget-container\">\n\t\t\t\t\t\n\t\t<a class=\"premium-image-button-style6 premium-image-button premium-btn-block premium-button-style6\" href=\"https:\/\/opdrmuratgunal.com\/index.php\/ulnar-sinir-sikismasi\/\">\n\t\t\t<div class=\"premium-image-button-text-icon-wrapper\">\n\n\t\t\t\t\t\t\t\t\t\t\t\t\t\t\t\t\t\t\t\t\t\t<div class=\"premium-lottie-animation\" data-lottie-url=\"\" data-lottie-loop=\"true\" data-lottie-reverse=\"\"><\/div>\n\t\t\t\t\t\t\t\t\t\t\t\t\t\t\t\n\t\t\t\t\t\t\t\t\t<span >\n\t\t\t\t\t\tUlnar Sinir S\u0131k\u0131\u015fmas\u0131\t\t\t\t\t<\/span>\n\t\t\t\t\n\t\t\t<\/div>\n\n\t\t\t\n\t\t\t\n\t\t\t\n\t\t<\/a>\n\n\t\t\t\t\t\t<\/div>\n\t\t\t\t<\/div>\n\t\t\t\t<div class=\"elementor-element elementor-element-cef8154 elementor-widget elementor-widget-premium-addon-image-button\" data-id=\"cef8154\" data-element_type=\"widget\" data-widget_type=\"premium-addon-image-button.default\">\n\t\t\t\t<div class=\"elementor-widget-container\">\n\t\t\t\t\t\n\t\t<a class=\"premium-image-button-style6 premium-image-button premium-btn-block premium-button-style6\" href=\"https:\/\/opdrmuratgunal.com\/index.php\/peroneal-sinir-sikismasi\/\">\n\t\t\t<div class=\"premium-image-button-text-icon-wrapper\">\n\n\t\t\t\t\t\t\t\t\t\t\t\t\t\t\t\t\t\t\t\t\t\t<div class=\"premium-lottie-animation\" data-lottie-url=\"\" data-lottie-loop=\"true\" data-lottie-reverse=\"\"><\/div>\n\t\t\t\t\t\t\t\t\t\t\t\t\t\t\t\n\t\t\t\t\t\t\t\t\t<span >\n\t\t\t\t\t\tPeroneal Sinir S\u0131k\u0131\u015fmas\u0131\t\t\t\t\t<\/span>\n\t\t\t\t\n\t\t\t<\/div>\n\n\t\t\t\n\t\t\t\n\t\t\t\n\t\t<\/a>\n\n\t\t\t\t\t\t<\/div>\n\t\t\t\t<\/div>\n\t\t\t\t<div class=\"elementor-element elementor-element-0532d3c elementor-widget elementor-widget-premium-addon-image-button\" data-id=\"0532d3c\" data-element_type=\"widget\" data-widget_type=\"premium-addon-image-button.default\">\n\t\t\t\t<div class=\"elementor-widget-container\">\n\t\t\t\t\t\n\t\t<a class=\"premium-image-button-style6 premium-image-button premium-btn-block premium-button-style6\" href=\"https:\/\/opdrmuratgunal.com\/index.php\/bel-kaymalari\/\">\n\t\t\t<div class=\"premium-image-button-text-icon-wrapper\">\n\n\t\t\t\t\t\t\t\t\t\t\t\t\t\t\t\t\t\t\t\t\t\t<div class=\"premium-lottie-animation\" data-lottie-url=\"\" data-lottie-loop=\"true\" data-lottie-reverse=\"\"><\/div>\n\t\t\t\t\t\t\t\t\t\t\t\t\t\t\t\n\t\t\t\t\t\t\t\t\t<span >\n\t\t\t\t\t\tBel Kaymalar\u0131\t\t\t\t\t<\/span>\n\t\t\t\t\n\t\t\t<\/div>\n\n\t\t\t\n\t\t\t\n\t\t\t\n\t\t<\/a>\n\n\t\t\t\t\t\t<\/div>\n\t\t\t\t<\/div>\n\t\t\t\t<div class=\"elementor-element elementor-element-b99418e elementor-widget elementor-widget-premium-addon-image-button\" data-id=\"b99418e\" data-element_type=\"widget\" data-widget_type=\"premium-addon-image-button.default\">\n\t\t\t\t<div class=\"elementor-widget-container\">\n\t\t\t\t\t\n\t\t<a class=\"premium-image-button-style6 premium-image-button premium-btn-block premium-button-style6\" href=\"https:\/\/opdrmuratgunal.com\/index.php\/omurga-kanal-darliklari\/\">\n\t\t\t<div class=\"premium-image-button-text-icon-wrapper\">\n\n\t\t\t\t\t\t\t\t\t\t\t\t\t\t\t\t\t\t\t\t\t\t<div class=\"premium-lottie-animation\" data-lottie-url=\"\" data-lottie-loop=\"true\" data-lottie-reverse=\"\"><\/div>\n\t\t\t\t\t\t\t\t\t\t\t\t\t\t\t\n\t\t\t\t\t\t\t\t\t<span >\n\t\t\t\t\t\t Omurga Kanal Darl\u0131klar\u0131\t\t\t\t\t<\/span>\n\t\t\t\t\n\t\t\t<\/div>\n\n\t\t\t\n\t\t\t\n\t\t\t\n\t\t<\/a>\n\n\t\t\t\t\t\t<\/div>\n\t\t\t\t<\/div>\n\t\t\t\t<div class=\"elementor-element elementor-element-05a9bd7 elementor-widget elementor-widget-premium-addon-image-button\" data-id=\"05a9bd7\" data-element_type=\"widget\" data-widget_type=\"premium-addon-image-button.default\">\n\t\t\t\t<div class=\"elementor-widget-container\">\n\t\t\t\t\t\n\t\t<a class=\"premium-image-button-style6 premium-image-button premium-btn-block premium-button-style6\" href=\"https:\/\/opdrmuratgunal.com\/index.php\/omur-kemik-kirilmalari\/\">\n\t\t\t<div class=\"premium-image-button-text-icon-wrapper\">\n\n\t\t\t\t\t\t\t\t\t\t\t\t\t\t\t\t\t\t\t\t\t\t<div class=\"premium-lottie-animation\" data-lottie-url=\"\" data-lottie-loop=\"true\" data-lottie-reverse=\"\"><\/div>\n\t\t\t\t\t\t\t\t\t\t\t\t\t\t\t\n\t\t\t\t\t\t\t\t\t<span >\n\t\t\t\t\t\tOmur Kemik K\u0131r\u0131lmalar\u0131\t\t\t\t\t<\/span>\n\t\t\t\t\n\t\t\t<\/div>\n\n\t\t\t\n\t\t\t\n\t\t\t\n\t\t<\/a>\n\n\t\t\t\t\t\t<\/div>\n\t\t\t\t<\/div>\n\t\t\t\t<div class=\"elementor-element elementor-element-5daf7dc elementor-widget elementor-widget-premium-addon-image-button\" data-id=\"5daf7dc\" data-element_type=\"widget\" data-widget_type=\"premium-addon-image-button.default\">\n\t\t\t\t<div class=\"elementor-widget-container\">\n\t\t\t\t\t\n\t\t<a class=\"premium-image-button-style6 premium-image-button premium-btn-block premium-button-style6\" href=\"https:\/\/opdrmuratgunal.com\/index.php\/kuyruk-sokumu-zedelenmesi\/\">\n\t\t\t<div class=\"premium-image-button-text-icon-wrapper\">\n\n\t\t\t\t\t\t\t\t\t\t\t\t\t\t\t\t\t\t\t\t\t\t<div class=\"premium-lottie-animation\" data-lottie-url=\"\" data-lottie-loop=\"true\" data-lottie-reverse=\"\"><\/div>\n\t\t\t\t\t\t\t\t\t\t\t\t\t\t\t\n\t\t\t\t\t\t\t\t\t<span >\n\t\t\t\t\t\tKuyruk Sokumu Zedelenme\t\t\t\t\t<\/span>\n\t\t\t\t\n\t\t\t<\/div>\n\n\t\t\t\n\t\t\t\n\t\t\t\n\t\t<\/a>\n\n\t\t\t\t\t\t<\/div>\n\t\t\t\t<\/div>\n\t\t\t\t\t<\/div>\n\t\t<\/div>\n\t\t\t\t\t<\/div>\n\t\t<\/section>\n\t\t\t\t<\/div>\n\t\t","protected":false},"excerpt":{"rendered":"<p>Omurga Kanal Darl\u0131klar\u0131 Anasayfa Hizmetler Omurga Kanal Darl\u0131klar\u0131 Omurga Kanal Darl\u0131klar\u0131: Belirtiler, Tan\u0131 ve Tedavi Omurga kanal darl\u0131klar\u0131, omurilik \u00e7evresindeki kemik veya dokular\u0131n daralmas\u0131 sonucu omurili\u011fin bask\u0131 alt\u0131nda kalmas\u0131 durumudur. Bu durum, omurilik ve sinir k\u00f6klerine bask\u0131 yaparak \u00e7e\u015fitli belirtilere neden olabilir. \u0130\u015fte omurga kanal darl\u0131klar\u0131 hakk\u0131nda bilgilendirici bir i\u00e7erik: Belirtiler: Omurga kanal darl\u0131klar\u0131 belirtileri [&hellip;]<\/p>\n","protected":false},"author":1,"featured_media":0,"parent":0,"menu_order":0,"comment_status":"closed","ping_status":"closed","template":"elementor_header_footer","meta":{"footnotes":""},"class_list":["post-553","page","type-page","status-publish","hentry"],"_links":{"self":[{"href":"https:\/\/opdrmuratgunal.com\/index.php\/wp-json\/wp\/v2\/pages\/553","targetHints":{"allow":["GET"]}}],"collection":[{"href":"https:\/\/opdrmuratgunal.com\/index.php\/wp-json\/wp\/v2\/pages"}],"about":[{"href":"https:\/\/opdrmuratgunal.com\/index.php\/wp-json\/wp\/v2\/types\/page"}],"author":[{"embeddable":true,"href":"https:\/\/opdrmuratgunal.com\/index.php\/wp-json\/wp\/v2\/users\/1"}],"replies":[{"embeddable":true,"href":"https:\/\/opdrmuratgunal.com\/index.php\/wp-json\/wp\/v2\/comments?post=553"}],"version-history":[{"count":7,"href":"https:\/\/opdrmuratgunal.com\/index.php\/wp-json\/wp\/v2\/pages\/553\/revisions"}],"predecessor-version":[{"id":640,"href":"https:\/\/opdrmuratgunal.com\/index.php\/wp-json\/wp\/v2\/pages\/553\/revisions\/640"}],"wp:attachment":[{"href":"https:\/\/opdrmuratgunal.com\/index.php\/wp-json\/wp\/v2\/media?parent=553"}],"curies":[{"name":"wp","href":"https:\/\/api.w.org\/{rel}","templated":true}]}}