{"id":537,"date":"2024-02-09T09:40:50","date_gmt":"2024-02-09T06:40:50","guid":{"rendered":"https:\/\/opdrmuratgunal.com\/?page_id=537"},"modified":"2024-02-09T12:46:37","modified_gmt":"2024-02-09T09:46:37","slug":"peroneal-sinir-sikismasi","status":"publish","type":"page","link":"https:\/\/opdrmuratgunal.com\/index.php\/peroneal-sinir-sikismasi\/","title":{"rendered":"Peroneal Sinir S\u0131k\u0131\u015fmas\u0131"},"content":{"rendered":"\t\t<div data-elementor-type=\"wp-page\" data-elementor-id=\"537\" class=\"elementor elementor-537\" data-elementor-post-type=\"page\">\n\t\t\t\t\t\t<section class=\"elementor-section elementor-top-section elementor-element elementor-element-6993eece elementor-section-boxed elementor-section-height-default elementor-section-height-default\" data-id=\"6993eece\" data-element_type=\"section\" data-settings=\"{&quot;background_background&quot;:&quot;classic&quot;}\">\n\t\t\t\t\t\t\t<div class=\"elementor-background-overlay\"><\/div>\n\t\t\t\t\t\t\t<div class=\"elementor-container elementor-column-gap-default\">\n\t\t\t\t\t<div class=\"elementor-column elementor-col-100 elementor-top-column elementor-element elementor-element-389994e9\" data-id=\"389994e9\" data-element_type=\"column\" data-settings=\"{&quot;background_background&quot;:&quot;classic&quot;}\">\n\t\t\t<div class=\"elementor-widget-wrap elementor-element-populated\">\n\t\t\t\t\t\t<div class=\"elementor-element elementor-element-29114fee elementor-widget elementor-widget-heading\" data-id=\"29114fee\" data-element_type=\"widget\" data-widget_type=\"heading.default\">\n\t\t\t\t<div class=\"elementor-widget-container\">\n\t\t\t\t\t<h1 class=\"elementor-heading-title elementor-size-default\">Peroneal Sinir S\u0131k\u0131\u015fmas\u0131<\/h1>\t\t\t\t<\/div>\n\t\t\t\t<\/div>\n\t\t\t\t\t<\/div>\n\t\t<\/div>\n\t\t\t\t\t<\/div>\n\t\t<\/section>\n\t\t\t\t<section class=\"elementor-section elementor-top-section elementor-element elementor-element-24b55bc1 elementor-section-boxed elementor-section-height-default elementor-section-height-default\" data-id=\"24b55bc1\" data-element_type=\"section\" data-settings=\"{&quot;background_background&quot;:&quot;classic&quot;}\">\n\t\t\t\t\t\t<div class=\"elementor-container elementor-column-gap-default\">\n\t\t\t\t\t<div class=\"elementor-column elementor-col-100 elementor-top-column elementor-element elementor-element-51e32590\" data-id=\"51e32590\" data-element_type=\"column\">\n\t\t\t<div class=\"elementor-widget-wrap elementor-element-populated\">\n\t\t\t\t\t\t<div class=\"elementor-element elementor-element-3c73a16c elementor-icon-list--layout-inline elementor-list-item-link-full_width elementor-widget elementor-widget-icon-list\" data-id=\"3c73a16c\" data-element_type=\"widget\" data-widget_type=\"icon-list.default\">\n\t\t\t\t<div class=\"elementor-widget-container\">\n\t\t\t\t\t\t\t<ul class=\"elementor-icon-list-items elementor-inline-items\">\n\t\t\t\t\t\t\t<li class=\"elementor-icon-list-item elementor-inline-item\">\n\t\t\t\t\t\t\t\t\t\t<span class=\"elementor-icon-list-text\">Anasayfa<\/span>\n\t\t\t\t\t\t\t\t\t<\/li>\n\t\t\t\t\t\t\t\t<li class=\"elementor-icon-list-item elementor-inline-item\">\n\t\t\t\t\t\t\t\t\t\t\t<span class=\"elementor-icon-list-icon\">\n\t\t\t\t\t\t\t<i aria-hidden=\"true\" class=\"icon icon-chevron-right\"><\/i>\t\t\t\t\t\t<\/span>\n\t\t\t\t\t\t\t\t\t\t<span class=\"elementor-icon-list-text\">Hizmetler<\/span>\n\t\t\t\t\t\t\t\t\t<\/li>\n\t\t\t\t\t\t\t\t<li class=\"elementor-icon-list-item elementor-inline-item\">\n\t\t\t\t\t\t\t\t\t\t\t<span class=\"elementor-icon-list-icon\">\n\t\t\t\t\t\t\t<i aria-hidden=\"true\" class=\"icon icon-chevron-right\"><\/i>\t\t\t\t\t\t<\/span>\n\t\t\t\t\t\t\t\t\t\t<span class=\"elementor-icon-list-text\">Peroneal Sinir S\u0131k\u0131\u015fmas\u0131<\/span>\n\t\t\t\t\t\t\t\t\t<\/li>\n\t\t\t\t\t\t<\/ul>\n\t\t\t\t\t\t<\/div>\n\t\t\t\t<\/div>\n\t\t\t\t\t<\/div>\n\t\t<\/div>\n\t\t\t\t\t<\/div>\n\t\t<\/section>\n\t\t\t\t<section class=\"elementor-section elementor-top-section elementor-element elementor-element-338b482f elementor-section-boxed elementor-section-height-default elementor-section-height-default\" data-id=\"338b482f\" data-element_type=\"section\">\n\t\t\t\t\t\t<div class=\"elementor-container elementor-column-gap-default\">\n\t\t\t\t\t<div class=\"elementor-column elementor-col-50 elementor-top-column elementor-element elementor-element-707a6cd3\" data-id=\"707a6cd3\" data-element_type=\"column\">\n\t\t\t<div class=\"elementor-widget-wrap elementor-element-populated\">\n\t\t\t\t\t\t<div class=\"elementor-element elementor-element-41321b9b elementor-widget elementor-widget-image\" data-id=\"41321b9b\" data-element_type=\"widget\" data-widget_type=\"image.default\">\n\t\t\t\t<div class=\"elementor-widget-container\">\n\t\t\t\t\t\t\t\t\t\t\t\t\t\t\t<img fetchpriority=\"high\" decoding=\"async\" width=\"979\" height=\"647\" src=\"https:\/\/opdrmuratgunal.com\/wp-content\/uploads\/2024\/02\/BEYIN-16.png\" class=\"attachment-full size-full wp-image-402\" alt=\"\" srcset=\"https:\/\/opdrmuratgunal.com\/wp-content\/uploads\/2024\/02\/BEYIN-16.png 979w, https:\/\/opdrmuratgunal.com\/wp-content\/uploads\/2024\/02\/BEYIN-16-300x198.png 300w, https:\/\/opdrmuratgunal.com\/wp-content\/uploads\/2024\/02\/BEYIN-16-768x508.png 768w\" sizes=\"(max-width: 979px) 100vw, 979px\" \/>\t\t\t\t\t\t\t\t\t\t\t\t\t\t\t<\/div>\n\t\t\t\t<\/div>\n\t\t\t\t<div class=\"elementor-element elementor-element-5064e80d elementor-widget elementor-widget-text-editor\" data-id=\"5064e80d\" data-element_type=\"widget\" data-widget_type=\"text-editor.default\">\n\t\t\t\t<div class=\"elementor-widget-container\">\n\t\t\t\t\t\t\t\t\t<p><strong>Peroneal Sinir S\u0131k\u0131\u015fmas\u0131: Belirtiler, Tan\u0131 ve Y\u00f6netim<\/strong><\/p><p>Peroneal sinir s\u0131k\u0131\u015fmas\u0131, baca\u011f\u0131n d\u0131\u015f k\u0131sm\u0131ndaki peroneal sinirin s\u0131k\u0131\u015fmas\u0131 veya tahri\u015f edilmesi durumunda ortaya \u00e7\u0131kan bir durumdur. Bu durum genellikle baca\u011f\u0131n alt k\u0131sm\u0131nda uyu\u015fma, kar\u0131ncalanma, kas g\u00fc\u00e7s\u00fczl\u00fc\u011f\u00fc ve ayak bile\u011finde d\u00fc\u015f\u00fck ayak kavrama yetene\u011fi ile kendini g\u00f6sterir. \u0130\u015fte peroneal sinir s\u0131k\u0131\u015fmas\u0131 hakk\u0131nda bilgilendirici bir i\u00e7erik:<\/p><p><strong>Belirtiler:<\/strong><\/p><p>Peroneal sinir s\u0131k\u0131\u015fmas\u0131 belirtileri \u015funlar\u0131 i\u00e7erebilir:<\/p><ul><li>Ayak bile\u011finde ve ayakta uyu\u015fma veya kar\u0131ncalanma.<\/li><li>Topallama ve aya\u011f\u0131n d\u00fc\u015f\u00fck kavrama yetene\u011fi.<\/li><li>D\u00fc\u015f\u00fck ayak bile\u011fi refleksi.<\/li><li>Bacak kaslar\u0131nda g\u00fc\u00e7s\u00fczl\u00fck.<\/li><\/ul><p><strong>Risk Fakt\u00f6rleri:<\/strong><\/p><ol><li><strong>Uzun S\u00fcreli Bacak \u00c7aprazlama:<\/strong> Bacaklar\u0131 uzun s\u00fcre boyunca \u00e7aprazlamak, sinire bask\u0131 yapabilir.<\/li><li><strong>Travma veya Yaralanmalar:<\/strong> Bacak veya diz b\u00f6lgesine gelen travma veya yaralanmalar.<\/li><li><strong>S\u0131k\u0131 Ayakkab\u0131lar:<\/strong> Ayakkab\u0131lar\u0131n s\u0131k\u0131 olmas\u0131, sinire bask\u0131 yapabilir.<\/li><\/ol><p><strong>Tan\u0131 Y\u00f6ntemleri:<\/strong><\/p><ol><li><strong>Fizik Muayene:<\/strong> Doktor, bacak ve ayak muayenesi yaparak belirtileri de\u011ferlendirir.<\/li><li><strong>Elektromiyografi (EMG):<\/strong> Sinir iletimini de\u011ferlendirmek i\u00e7in kullan\u0131l\u0131r.<\/li><li><strong>G\u00f6r\u00fcnt\u00fcleme Testleri:<\/strong> Manyetik rezonans g\u00f6r\u00fcnt\u00fcleme (MRG) veya bilgisayarl\u0131 tomografi (BT) taramalar\u0131, sinirin durumunu g\u00f6stermeye yard\u0131mc\u0131 olabilir.<\/li><\/ol><p><strong>Y\u00f6netim ve Tedavi Se\u00e7enekleri:<\/strong><\/p><ol><li><strong>Dinlenme ve Ayak Bile\u011fi Splinti:<\/strong> Ayak bile\u011fini desteklemek ve dinlendirmek i\u00e7in kullan\u0131labilir.<\/li><li><strong>Fizik Tedavi:<\/strong> Bacak ve ayak kaslar\u0131n\u0131 g\u00fc\u00e7lendiren egzersizler ve terapi.<\/li><li><strong>\u0130la\u00e7lar:<\/strong> A\u011fr\u0131 ve iltihaplar\u0131 kontrol etmek i\u00e7in kullan\u0131labilir.<\/li><li><strong>Cerrahi M\u00fcdahale:<\/strong> Di\u011fer tedavi y\u00f6ntemleri ba\u015far\u0131s\u0131z olursa, sinirin bas\u0131s\u0131n\u0131 azaltmak i\u00e7in cerrahi d\u00fczeltme d\u00fc\u015f\u00fcn\u00fclebilir.<\/li><\/ol><p><strong>Ya\u015fam Tarz\u0131 ve \u00d6neriler:<\/strong><\/p><ol><li><strong>Ayakkab\u0131 Se\u00e7imi:<\/strong> Rahat ve uygun boyutta ayakkab\u0131lar\u0131n tercih edilmesi.<\/li><li><strong>Egzersiz ve Stre\u00e7ing:<\/strong> Bacak kaslar\u0131n\u0131 g\u00fc\u00e7lendirmek ve esnekli\u011fi art\u0131rmak i\u00e7in uygun egzersizler yapmak.<\/li><\/ol>\t\t\t\t\t\t\t\t<\/div>\n\t\t\t\t<\/div>\n\t\t\t\t\t<\/div>\n\t\t<\/div>\n\t\t\t\t<div class=\"elementor-column elementor-col-50 elementor-top-column elementor-element elementor-element-966ac19\" data-id=\"966ac19\" data-element_type=\"column\">\n\t\t\t<div class=\"elementor-widget-wrap elementor-element-populated\">\n\t\t\t\t\t\t<section class=\"elementor-section elementor-inner-section elementor-element elementor-element-768674c elementor-section-boxed elementor-section-height-default elementor-section-height-default\" data-id=\"768674c\" data-element_type=\"section\">\n\t\t\t\t\t\t<div class=\"elementor-container elementor-column-gap-default\">\n\t\t\t\t\t<div class=\"elementor-column elementor-col-100 elementor-inner-column elementor-element elementor-element-815aeec\" data-id=\"815aeec\" data-element_type=\"column\" data-settings=\"{&quot;background_background&quot;:&quot;classic&quot;}\">\n\t\t\t<div class=\"elementor-widget-wrap elementor-element-populated\">\n\t\t\t\t\t<div class=\"elementor-background-overlay\"><\/div>\n\t\t\t\t\t\t<div class=\"elementor-element elementor-element-63e1112 ekit-equal-height-disable elementor-widget elementor-widget-elementskit-icon-box\" data-id=\"63e1112\" data-element_type=\"widget\" data-widget_type=\"elementskit-icon-box.default\">\n\t\t\t\t<div class=\"elementor-widget-container\">\n\t\t\t\t\t<div class=\"ekit-wid-con\" >        <!-- link opening -->\n                <!-- end link opening -->\n\n        <div class=\"elementskit-infobox text-center text-left icon-lef-right-aligin elementor-animation- media  \">\n                    <div class=\"elementskit-box-header elementor-animation-\">\n                <div class=\"elementskit-info-box-icon  text-center\">\n                    <i aria-hidden=\"true\" class=\"elementkit-infobox-icon icon icon-doctor\"><\/i>\n                <\/div>\n          <\/div>\n                        <div class=\"box-body\">\n                            <h3 class=\"elementskit-info-box-title\">\n                    Hastal\u0131klar\u200b                <\/h3>\n                                            <\/div>\n        \n        \n                <\/div>\n        <\/div>\t\t\t\t<\/div>\n\t\t\t\t<\/div>\n\t\t\t\t<div class=\"elementor-element elementor-element-eec31c1 elementor-widget-divider--view-line elementor-widget elementor-widget-divider\" data-id=\"eec31c1\" data-element_type=\"widget\" data-widget_type=\"divider.default\">\n\t\t\t\t<div class=\"elementor-widget-container\">\n\t\t\t\t\t\t\t<div class=\"elementor-divider\">\n\t\t\t<span class=\"elementor-divider-separator\">\n\t\t\t\t\t\t<\/span>\n\t\t<\/div>\n\t\t\t\t\t\t<\/div>\n\t\t\t\t<\/div>\n\t\t\t\t\t<\/div>\n\t\t<\/div>\n\t\t\t\t\t<\/div>\n\t\t<\/section>\n\t\t\t\t<div class=\"elementor-element elementor-element-e99eacc elementor-widget elementor-widget-spacer\" data-id=\"e99eacc\" data-element_type=\"widget\" data-widget_type=\"spacer.default\">\n\t\t\t\t<div class=\"elementor-widget-container\">\n\t\t\t\t\t\t\t<div class=\"elementor-spacer\">\n\t\t\t<div class=\"elementor-spacer-inner\"><\/div>\n\t\t<\/div>\n\t\t\t\t\t\t<\/div>\n\t\t\t\t<\/div>\n\t\t\t\t<div class=\"elementor-element elementor-element-3d52c27 elementor-widget elementor-widget-premium-addon-image-button\" data-id=\"3d52c27\" data-element_type=\"widget\" data-widget_type=\"premium-addon-image-button.default\">\n\t\t\t\t<div class=\"elementor-widget-container\">\n\t\t\t\t\t\n\t\t<a class=\"premium-image-button-style6 premium-image-button premium-btn-block premium-button-style6\" href=\"https:\/\/opdrmuratgunal.com\/index.php\/beyin-tumoru\/\">\n\t\t\t<div class=\"premium-image-button-text-icon-wrapper\">\n\n\t\t\t\t\t\t\t\t\t\t\t\t\t\t\t\t\t\t\t\t\t\t<div class=\"premium-lottie-animation\" data-lottie-url=\"\" data-lottie-loop=\"true\" data-lottie-reverse=\"\"><\/div>\n\t\t\t\t\t\t\t\t\t\t\t\t\t\t\t\n\t\t\t\t\t\t\t\t\t<span >\n\t\t\t\t\t\tBeyin T\u00fcm\u00f6r\u00fc\t\t\t\t\t<\/span>\n\t\t\t\t\n\t\t\t<\/div>\n\n\t\t\t\n\t\t\t\n\t\t\t\n\t\t<\/a>\n\n\t\t\t\t\t\t<\/div>\n\t\t\t\t<\/div>\n\t\t\t\t<div class=\"elementor-element elementor-element-2e8cfff elementor-widget elementor-widget-premium-addon-image-button\" data-id=\"2e8cfff\" data-element_type=\"widget\" data-widget_type=\"premium-addon-image-button.default\">\n\t\t\t\t<div class=\"elementor-widget-container\">\n\t\t\t\t\t\n\t\t<a class=\"premium-image-button-style6 premium-image-button premium-btn-block premium-button-style6\" href=\"https:\/\/opdrmuratgunal.com\/index.php\/beyincik-sarkmasi\/\">\n\t\t\t<div class=\"premium-image-button-text-icon-wrapper\">\n\n\t\t\t\t\t\t\t\t\t\t\t\t\t\t\t\t\t\t\t\t\t\t<div class=\"premium-lottie-animation\" data-lottie-url=\"\" data-lottie-loop=\"true\" data-lottie-reverse=\"\"><\/div>\n\t\t\t\t\t\t\t\t\t\t\t\t\t\t\t\n\t\t\t\t\t\t\t\t\t<span >\n\t\t\t\t\t\tBeyincik Sarkmas\u0131\t\t\t\t\t<\/span>\n\t\t\t\t\n\t\t\t<\/div>\n\n\t\t\t\n\t\t\t\n\t\t\t\n\t\t<\/a>\n\n\t\t\t\t\t\t<\/div>\n\t\t\t\t<\/div>\n\t\t\t\t<div class=\"elementor-element elementor-element-528a388 elementor-widget elementor-widget-premium-addon-image-button\" data-id=\"528a388\" data-element_type=\"widget\" data-widget_type=\"premium-addon-image-button.default\">\n\t\t\t\t<div class=\"elementor-widget-container\">\n\t\t\t\t\t\n\t\t<a class=\"premium-image-button-style6 premium-image-button premium-btn-block premium-button-style6\" href=\"https:\/\/opdrmuratgunal.com\/index.php\/omurilik-tumorleri\/\">\n\t\t\t<div class=\"premium-image-button-text-icon-wrapper\">\n\n\t\t\t\t\t\t\t\t\t\t\t\t\t\t\t\t\t\t\t\t\t\t<div class=\"premium-lottie-animation\" data-lottie-url=\"\" data-lottie-loop=\"true\" data-lottie-reverse=\"\"><\/div>\n\t\t\t\t\t\t\t\t\t\t\t\t\t\t\t\n\t\t\t\t\t\t\t\t\t<span >\n\t\t\t\t\t\t Omurilik T\u00fcm\u00f6rleri\t\t\t\t\t<\/span>\n\t\t\t\t\n\t\t\t<\/div>\n\n\t\t\t\n\t\t\t\n\t\t\t\n\t\t<\/a>\n\n\t\t\t\t\t\t<\/div>\n\t\t\t\t<\/div>\n\t\t\t\t<div class=\"elementor-element elementor-element-993291c elementor-widget elementor-widget-premium-addon-image-button\" data-id=\"993291c\" data-element_type=\"widget\" data-widget_type=\"premium-addon-image-button.default\">\n\t\t\t\t<div class=\"elementor-widget-container\">\n\t\t\t\t\t\n\t\t<a class=\"premium-image-button-style6 premium-image-button premium-btn-block premium-button-style6\" href=\"https:\/\/opdrmuratgunal.com\/index.php\/boyun-fitigi\/\">\n\t\t\t<div class=\"premium-image-button-text-icon-wrapper\">\n\n\t\t\t\t\t\t\t\t\t\t\t\t\t\t\t\t\t\t\t\t\t\t<div class=\"premium-lottie-animation\" data-lottie-url=\"\" data-lottie-loop=\"true\" data-lottie-reverse=\"\"><\/div>\n\t\t\t\t\t\t\t\t\t\t\t\t\t\t\t\n\t\t\t\t\t\t\t\t\t<span >\n\t\t\t\t\t\t Boyun F\u0131t\u0131\u011f\u0131\t\t\t\t\t<\/span>\n\t\t\t\t\n\t\t\t<\/div>\n\n\t\t\t\n\t\t\t\n\t\t\t\n\t\t<\/a>\n\n\t\t\t\t\t\t<\/div>\n\t\t\t\t<\/div>\n\t\t\t\t<div class=\"elementor-element elementor-element-f5a5567 elementor-widget elementor-widget-premium-addon-image-button\" data-id=\"f5a5567\" data-element_type=\"widget\" data-widget_type=\"premium-addon-image-button.default\">\n\t\t\t\t<div class=\"elementor-widget-container\">\n\t\t\t\t\t\n\t\t<a class=\"premium-image-button-style6 premium-image-button premium-btn-block premium-button-style6\" href=\"https:\/\/opdrmuratgunal.com\/index.php\/bel-fitigi\/\">\n\t\t\t<div class=\"premium-image-button-text-icon-wrapper\">\n\n\t\t\t\t\t\t\t\t\t\t\t\t\t\t\t\t\t\t\t\t\t\t<div class=\"premium-lottie-animation\" data-lottie-url=\"\" data-lottie-loop=\"true\" data-lottie-reverse=\"\"><\/div>\n\t\t\t\t\t\t\t\t\t\t\t\t\t\t\t\n\t\t\t\t\t\t\t\t\t<span >\n\t\t\t\t\t\tBel F\u0131t\u0131\u011f\u0131\t\t\t\t\t<\/span>\n\t\t\t\t\n\t\t\t<\/div>\n\n\t\t\t\n\t\t\t\n\t\t\t\n\t\t<\/a>\n\n\t\t\t\t\t\t<\/div>\n\t\t\t\t<\/div>\n\t\t\t\t<div class=\"elementor-element elementor-element-c1d8595 elementor-widget elementor-widget-premium-addon-image-button\" data-id=\"c1d8595\" data-element_type=\"widget\" data-widget_type=\"premium-addon-image-button.default\">\n\t\t\t\t<div class=\"elementor-widget-container\">\n\t\t\t\t\t\n\t\t<a class=\"premium-image-button-style6 premium-image-button premium-btn-block premium-button-style6\" href=\"https:\/\/opdrmuratgunal.com\/index.php\/karpal-tunel-sendromu\/\">\n\t\t\t<div class=\"premium-image-button-text-icon-wrapper\">\n\n\t\t\t\t\t\t\t\t\t\t\t\t\t\t\t\t\t\t\t\t\t\t<div class=\"premium-lottie-animation\" data-lottie-url=\"\" data-lottie-loop=\"true\" data-lottie-reverse=\"\"><\/div>\n\t\t\t\t\t\t\t\t\t\t\t\t\t\t\t\n\t\t\t\t\t\t\t\t\t<span >\n\t\t\t\t\t\t Karpal T\u00fcnel Sendromu\t\t\t\t\t<\/span>\n\t\t\t\t\n\t\t\t<\/div>\n\n\t\t\t\n\t\t\t\n\t\t\t\n\t\t<\/a>\n\n\t\t\t\t\t\t<\/div>\n\t\t\t\t<\/div>\n\t\t\t\t<div class=\"elementor-element elementor-element-14a2664 elementor-widget elementor-widget-premium-addon-image-button\" data-id=\"14a2664\" data-element_type=\"widget\" data-widget_type=\"premium-addon-image-button.default\">\n\t\t\t\t<div class=\"elementor-widget-container\">\n\t\t\t\t\t\n\t\t<a class=\"premium-image-button-style6 premium-image-button premium-btn-block premium-button-style6\" href=\"https:\/\/opdrmuratgunal.com\/index.php\/ulnar-sinir-sikismasi\/\">\n\t\t\t<div class=\"premium-image-button-text-icon-wrapper\">\n\n\t\t\t\t\t\t\t\t\t\t\t\t\t\t\t\t\t\t\t\t\t\t<div class=\"premium-lottie-animation\" data-lottie-url=\"\" data-lottie-loop=\"true\" data-lottie-reverse=\"\"><\/div>\n\t\t\t\t\t\t\t\t\t\t\t\t\t\t\t\n\t\t\t\t\t\t\t\t\t<span >\n\t\t\t\t\t\tUlnar Sinir S\u0131k\u0131\u015fmas\u0131\t\t\t\t\t<\/span>\n\t\t\t\t\n\t\t\t<\/div>\n\n\t\t\t\n\t\t\t\n\t\t\t\n\t\t<\/a>\n\n\t\t\t\t\t\t<\/div>\n\t\t\t\t<\/div>\n\t\t\t\t<div class=\"elementor-element elementor-element-fd522a5 elementor-widget elementor-widget-premium-addon-image-button\" data-id=\"fd522a5\" data-element_type=\"widget\" data-widget_type=\"premium-addon-image-button.default\">\n\t\t\t\t<div class=\"elementor-widget-container\">\n\t\t\t\t\t\n\t\t<a class=\"premium-image-button-style6 premium-image-button premium-btn-block premium-button-style6\" href=\"https:\/\/opdrmuratgunal.com\/index.php\/peroneal-sinir-sikismasi\/\">\n\t\t\t<div class=\"premium-image-button-text-icon-wrapper\">\n\n\t\t\t\t\t\t\t\t\t\t\t\t\t\t\t\t\t\t\t\t\t\t<div class=\"premium-lottie-animation\" data-lottie-url=\"\" data-lottie-loop=\"true\" data-lottie-reverse=\"\"><\/div>\n\t\t\t\t\t\t\t\t\t\t\t\t\t\t\t\n\t\t\t\t\t\t\t\t\t<span >\n\t\t\t\t\t\tPeroneal Sinir S\u0131k\u0131\u015fmas\u0131\t\t\t\t\t<\/span>\n\t\t\t\t\n\t\t\t<\/div>\n\n\t\t\t\n\t\t\t\n\t\t\t\n\t\t<\/a>\n\n\t\t\t\t\t\t<\/div>\n\t\t\t\t<\/div>\n\t\t\t\t<div class=\"elementor-element elementor-element-be33c4a elementor-widget elementor-widget-premium-addon-image-button\" data-id=\"be33c4a\" data-element_type=\"widget\" data-widget_type=\"premium-addon-image-button.default\">\n\t\t\t\t<div class=\"elementor-widget-container\">\n\t\t\t\t\t\n\t\t<a class=\"premium-image-button-style6 premium-image-button premium-btn-block premium-button-style6\" href=\"https:\/\/opdrmuratgunal.com\/index.php\/bel-kaymalari\/\">\n\t\t\t<div class=\"premium-image-button-text-icon-wrapper\">\n\n\t\t\t\t\t\t\t\t\t\t\t\t\t\t\t\t\t\t\t\t\t\t<div class=\"premium-lottie-animation\" data-lottie-url=\"\" data-lottie-loop=\"true\" data-lottie-reverse=\"\"><\/div>\n\t\t\t\t\t\t\t\t\t\t\t\t\t\t\t\n\t\t\t\t\t\t\t\t\t<span >\n\t\t\t\t\t\tBel Kaymalar\u0131\t\t\t\t\t<\/span>\n\t\t\t\t\n\t\t\t<\/div>\n\n\t\t\t\n\t\t\t\n\t\t\t\n\t\t<\/a>\n\n\t\t\t\t\t\t<\/div>\n\t\t\t\t<\/div>\n\t\t\t\t<div class=\"elementor-element elementor-element-6b666c5 elementor-widget elementor-widget-premium-addon-image-button\" data-id=\"6b666c5\" data-element_type=\"widget\" data-widget_type=\"premium-addon-image-button.default\">\n\t\t\t\t<div class=\"elementor-widget-container\">\n\t\t\t\t\t\n\t\t<a class=\"premium-image-button-style6 premium-image-button premium-btn-block premium-button-style6\" href=\"https:\/\/opdrmuratgunal.com\/index.php\/omurga-kanal-darliklari\/\">\n\t\t\t<div class=\"premium-image-button-text-icon-wrapper\">\n\n\t\t\t\t\t\t\t\t\t\t\t\t\t\t\t\t\t\t\t\t\t\t<div class=\"premium-lottie-animation\" data-lottie-url=\"\" data-lottie-loop=\"true\" data-lottie-reverse=\"\"><\/div>\n\t\t\t\t\t\t\t\t\t\t\t\t\t\t\t\n\t\t\t\t\t\t\t\t\t<span >\n\t\t\t\t\t\t Omurga Kanal Darl\u0131klar\u0131\t\t\t\t\t<\/span>\n\t\t\t\t\n\t\t\t<\/div>\n\n\t\t\t\n\t\t\t\n\t\t\t\n\t\t<\/a>\n\n\t\t\t\t\t\t<\/div>\n\t\t\t\t<\/div>\n\t\t\t\t<div class=\"elementor-element elementor-element-6544436 elementor-widget elementor-widget-premium-addon-image-button\" data-id=\"6544436\" data-element_type=\"widget\" data-widget_type=\"premium-addon-image-button.default\">\n\t\t\t\t<div class=\"elementor-widget-container\">\n\t\t\t\t\t\n\t\t<a class=\"premium-image-button-style6 premium-image-button premium-btn-block premium-button-style6\" href=\"https:\/\/opdrmuratgunal.com\/index.php\/omur-kemik-kirilmalari\/\">\n\t\t\t<div class=\"premium-image-button-text-icon-wrapper\">\n\n\t\t\t\t\t\t\t\t\t\t\t\t\t\t\t\t\t\t\t\t\t\t<div class=\"premium-lottie-animation\" data-lottie-url=\"\" data-lottie-loop=\"true\" data-lottie-reverse=\"\"><\/div>\n\t\t\t\t\t\t\t\t\t\t\t\t\t\t\t\n\t\t\t\t\t\t\t\t\t<span >\n\t\t\t\t\t\tOmur Kemik K\u0131r\u0131lmalar\u0131\t\t\t\t\t<\/span>\n\t\t\t\t\n\t\t\t<\/div>\n\n\t\t\t\n\t\t\t\n\t\t\t\n\t\t<\/a>\n\n\t\t\t\t\t\t<\/div>\n\t\t\t\t<\/div>\n\t\t\t\t<div class=\"elementor-element elementor-element-26ad8c5 elementor-widget elementor-widget-premium-addon-image-button\" data-id=\"26ad8c5\" data-element_type=\"widget\" data-widget_type=\"premium-addon-image-button.default\">\n\t\t\t\t<div class=\"elementor-widget-container\">\n\t\t\t\t\t\n\t\t<a class=\"premium-image-button-style6 premium-image-button premium-btn-block premium-button-style6\" href=\"https:\/\/opdrmuratgunal.com\/index.php\/kuyruk-sokumu-zedelenmesi\/\">\n\t\t\t<div class=\"premium-image-button-text-icon-wrapper\">\n\n\t\t\t\t\t\t\t\t\t\t\t\t\t\t\t\t\t\t\t\t\t\t<div class=\"premium-lottie-animation\" data-lottie-url=\"\" data-lottie-loop=\"true\" data-lottie-reverse=\"\"><\/div>\n\t\t\t\t\t\t\t\t\t\t\t\t\t\t\t\n\t\t\t\t\t\t\t\t\t<span >\n\t\t\t\t\t\tKuyruk Sokumu Zedelenme\t\t\t\t\t<\/span>\n\t\t\t\t\n\t\t\t<\/div>\n\n\t\t\t\n\t\t\t\n\t\t\t\n\t\t<\/a>\n\n\t\t\t\t\t\t<\/div>\n\t\t\t\t<\/div>\n\t\t\t\t\t<\/div>\n\t\t<\/div>\n\t\t\t\t\t<\/div>\n\t\t<\/section>\n\t\t\t\t<\/div>\n\t\t","protected":false},"excerpt":{"rendered":"<p>Peroneal Sinir S\u0131k\u0131\u015fmas\u0131 Anasayfa Hizmetler Peroneal Sinir S\u0131k\u0131\u015fmas\u0131 Peroneal Sinir S\u0131k\u0131\u015fmas\u0131: Belirtiler, Tan\u0131 ve Y\u00f6netim Peroneal sinir s\u0131k\u0131\u015fmas\u0131, baca\u011f\u0131n d\u0131\u015f k\u0131sm\u0131ndaki peroneal sinirin s\u0131k\u0131\u015fmas\u0131 veya tahri\u015f edilmesi durumunda ortaya \u00e7\u0131kan bir durumdur. Bu durum genellikle baca\u011f\u0131n alt k\u0131sm\u0131nda uyu\u015fma, kar\u0131ncalanma, kas g\u00fc\u00e7s\u00fczl\u00fc\u011f\u00fc ve ayak bile\u011finde d\u00fc\u015f\u00fck ayak kavrama yetene\u011fi ile kendini g\u00f6sterir. \u0130\u015fte peroneal sinir [&hellip;]<\/p>\n","protected":false},"author":1,"featured_media":0,"parent":0,"menu_order":0,"comment_status":"closed","ping_status":"closed","template":"elementor_header_footer","meta":{"footnotes":""},"class_list":["post-537","page","type-page","status-publish","hentry"],"_links":{"self":[{"href":"https:\/\/opdrmuratgunal.com\/index.php\/wp-json\/wp\/v2\/pages\/537","targetHints":{"allow":["GET"]}}],"collection":[{"href":"https:\/\/opdrmuratgunal.com\/index.php\/wp-json\/wp\/v2\/pages"}],"about":[{"href":"https:\/\/opdrmuratgunal.com\/index.php\/wp-json\/wp\/v2\/types\/page"}],"author":[{"embeddable":true,"href":"https:\/\/opdrmuratgunal.com\/index.php\/wp-json\/wp\/v2\/users\/1"}],"replies":[{"embeddable":true,"href":"https:\/\/opdrmuratgunal.com\/index.php\/wp-json\/wp\/v2\/comments?post=537"}],"version-history":[{"count":10,"href":"https:\/\/opdrmuratgunal.com\/index.php\/wp-json\/wp\/v2\/pages\/537\/revisions"}],"predecessor-version":[{"id":634,"href":"https:\/\/opdrmuratgunal.com\/index.php\/wp-json\/wp\/v2\/pages\/537\/revisions\/634"}],"wp:attachment":[{"href":"https:\/\/opdrmuratgunal.com\/index.php\/wp-json\/wp\/v2\/media?parent=537"}],"curies":[{"name":"wp","href":"https:\/\/api.w.org\/{rel}","templated":true}]}}