{"id":531,"date":"2024-02-09T09:37:28","date_gmt":"2024-02-09T06:37:28","guid":{"rendered":"https:\/\/opdrmuratgunal.com\/?page_id=531"},"modified":"2024-02-09T12:45:23","modified_gmt":"2024-02-09T09:45:23","slug":"ulnar-sinir-sikismasi","status":"publish","type":"page","link":"https:\/\/opdrmuratgunal.com\/index.php\/ulnar-sinir-sikismasi\/","title":{"rendered":"Ulnar Sinir S\u0131k\u0131\u015fmas\u0131"},"content":{"rendered":"\t\t<div data-elementor-type=\"wp-page\" data-elementor-id=\"531\" class=\"elementor elementor-531\" data-elementor-post-type=\"page\">\n\t\t\t\t\t\t<section class=\"elementor-section elementor-top-section elementor-element elementor-element-44a4204e elementor-section-boxed elementor-section-height-default elementor-section-height-default\" data-id=\"44a4204e\" data-element_type=\"section\" data-e-type=\"section\" data-settings=\"{&quot;background_background&quot;:&quot;classic&quot;}\">\n\t\t\t\t\t\t\t<div class=\"elementor-background-overlay\"><\/div>\n\t\t\t\t\t\t\t<div class=\"elementor-container elementor-column-gap-default\">\n\t\t\t\t\t<div class=\"elementor-column elementor-col-100 elementor-top-column elementor-element elementor-element-1a823cec\" data-id=\"1a823cec\" data-element_type=\"column\" data-e-type=\"column\" data-settings=\"{&quot;background_background&quot;:&quot;classic&quot;}\">\n\t\t\t<div class=\"elementor-widget-wrap elementor-element-populated\">\n\t\t\t\t\t\t<div class=\"elementor-element elementor-element-76288d58 elementor-widget elementor-widget-heading\" data-id=\"76288d58\" data-element_type=\"widget\" data-e-type=\"widget\" data-widget_type=\"heading.default\">\n\t\t\t\t<div class=\"elementor-widget-container\">\n\t\t\t\t\t<h1 class=\"elementor-heading-title elementor-size-default\">Ulnar Sinir S\u0131k\u0131\u015fmas\u0131<\/h1>\t\t\t\t<\/div>\n\t\t\t\t<\/div>\n\t\t\t\t\t<\/div>\n\t\t<\/div>\n\t\t\t\t\t<\/div>\n\t\t<\/section>\n\t\t\t\t<section class=\"elementor-section elementor-top-section elementor-element elementor-element-30ce800e elementor-section-boxed elementor-section-height-default elementor-section-height-default\" data-id=\"30ce800e\" data-element_type=\"section\" data-e-type=\"section\" data-settings=\"{&quot;background_background&quot;:&quot;classic&quot;}\">\n\t\t\t\t\t\t<div class=\"elementor-container elementor-column-gap-default\">\n\t\t\t\t\t<div class=\"elementor-column elementor-col-100 elementor-top-column elementor-element elementor-element-5ec4783d\" data-id=\"5ec4783d\" data-element_type=\"column\" data-e-type=\"column\">\n\t\t\t<div class=\"elementor-widget-wrap elementor-element-populated\">\n\t\t\t\t\t\t<div class=\"elementor-element elementor-element-6d4639c2 elementor-icon-list--layout-inline elementor-list-item-link-full_width elementor-widget elementor-widget-icon-list\" data-id=\"6d4639c2\" data-element_type=\"widget\" data-e-type=\"widget\" data-widget_type=\"icon-list.default\">\n\t\t\t\t<div class=\"elementor-widget-container\">\n\t\t\t\t\t\t\t<ul class=\"elementor-icon-list-items elementor-inline-items\">\n\t\t\t\t\t\t\t<li class=\"elementor-icon-list-item elementor-inline-item\">\n\t\t\t\t\t\t\t\t\t\t<span class=\"elementor-icon-list-text\">Anasayfa<\/span>\n\t\t\t\t\t\t\t\t\t<\/li>\n\t\t\t\t\t\t\t\t<li class=\"elementor-icon-list-item elementor-inline-item\">\n\t\t\t\t\t\t\t\t\t\t\t<span class=\"elementor-icon-list-icon\">\n\t\t\t\t\t\t\t<i aria-hidden=\"true\" class=\"icon icon-chevron-right\"><\/i>\t\t\t\t\t\t<\/span>\n\t\t\t\t\t\t\t\t\t\t<span class=\"elementor-icon-list-text\">Hizmetler<\/span>\n\t\t\t\t\t\t\t\t\t<\/li>\n\t\t\t\t\t\t\t\t<li class=\"elementor-icon-list-item elementor-inline-item\">\n\t\t\t\t\t\t\t\t\t\t\t<span class=\"elementor-icon-list-icon\">\n\t\t\t\t\t\t\t<i aria-hidden=\"true\" class=\"icon icon-chevron-right\"><\/i>\t\t\t\t\t\t<\/span>\n\t\t\t\t\t\t\t\t\t\t<span class=\"elementor-icon-list-text\">Ulnar Sinir S\u0131k\u0131\u015fmas\u0131<\/span>\n\t\t\t\t\t\t\t\t\t<\/li>\n\t\t\t\t\t\t<\/ul>\n\t\t\t\t\t\t<\/div>\n\t\t\t\t<\/div>\n\t\t\t\t\t<\/div>\n\t\t<\/div>\n\t\t\t\t\t<\/div>\n\t\t<\/section>\n\t\t\t\t<section class=\"elementor-section elementor-top-section elementor-element elementor-element-52d8ecc6 elementor-section-boxed elementor-section-height-default elementor-section-height-default\" data-id=\"52d8ecc6\" data-element_type=\"section\" data-e-type=\"section\">\n\t\t\t\t\t\t<div class=\"elementor-container elementor-column-gap-default\">\n\t\t\t\t\t<div class=\"elementor-column elementor-col-50 elementor-top-column elementor-element elementor-element-2bc841c8\" data-id=\"2bc841c8\" data-element_type=\"column\" data-e-type=\"column\">\n\t\t\t<div class=\"elementor-widget-wrap elementor-element-populated\">\n\t\t\t\t\t\t<div class=\"elementor-element elementor-element-38ca5a11 elementor-widget elementor-widget-image\" data-id=\"38ca5a11\" data-element_type=\"widget\" data-e-type=\"widget\" data-widget_type=\"image.default\">\n\t\t\t\t<div class=\"elementor-widget-container\">\n\t\t\t\t\t\t\t\t\t\t\t\t\t\t\t<img fetchpriority=\"high\" decoding=\"async\" width=\"976\" height=\"702\" src=\"https:\/\/opdrmuratgunal.com\/wp-content\/uploads\/2024\/02\/BEYIN8-transformed.png\" class=\"attachment-full size-full wp-image-189\" alt=\"\" srcset=\"https:\/\/opdrmuratgunal.com\/wp-content\/uploads\/2024\/02\/BEYIN8-transformed.png 976w, https:\/\/opdrmuratgunal.com\/wp-content\/uploads\/2024\/02\/BEYIN8-transformed-300x216.png 300w, https:\/\/opdrmuratgunal.com\/wp-content\/uploads\/2024\/02\/BEYIN8-transformed-768x552.png 768w\" sizes=\"(max-width: 976px) 100vw, 976px\" \/>\t\t\t\t\t\t\t\t\t\t\t\t\t\t\t<\/div>\n\t\t\t\t<\/div>\n\t\t\t\t<div class=\"elementor-element elementor-element-3c039129 elementor-widget elementor-widget-text-editor\" data-id=\"3c039129\" data-element_type=\"widget\" data-e-type=\"widget\" data-widget_type=\"text-editor.default\">\n\t\t\t\t<div class=\"elementor-widget-container\">\n\t\t\t\t\t\t\t\t\t<p><strong>Ulnar Sinir S\u0131k\u0131\u015fmas\u0131: Belirtiler, Tan\u0131 ve Tedavi<\/strong><\/p><p>Ulnar sinir s\u0131k\u0131\u015fmas\u0131, dirsekte bulunan ulnar sinirin bask\u0131 alt\u0131nda kalmas\u0131 sonucu ortaya \u00e7\u0131kan bir durumdur. Bu durum, el, bilek ve \u00f6zellikle k\u00fc\u00e7\u00fck parmaklarda uyu\u015fma, kar\u0131ncalanma ve g\u00fc\u00e7s\u00fczl\u00fckle karakterizedir. \u0130\u015fte ulnar sinir s\u0131k\u0131\u015fmas\u0131 hakk\u0131nda bilgilendirici bir i\u00e7erik:<\/p><p><strong>Belirtiler:<\/strong><\/p><p>Ulnar sinir s\u0131k\u0131\u015fmas\u0131 belirtileri \u015funlar\u0131 i\u00e7erebilir:<\/p><ul><li>K\u00fc\u00e7\u00fck parmak ve y\u00fcz\u00fck parma\u011f\u0131nda uyu\u015fma ve kar\u0131ncalanma.<\/li><li>Elde g\u00fc\u00e7s\u00fczl\u00fck ve hissizlik.<\/li><li>Dirsekte a\u011fr\u0131 veya rahats\u0131zl\u0131k.<\/li><li>\u0130leri durumlarda, elin \u015feklinde de\u011fi\u015fiklikler.<\/li><\/ul><p><strong>Risk Fakt\u00f6rleri:<\/strong><\/p><ol><li><strong>Tekrarlayan Hareketler:<\/strong> El ve bilekleri s\u00fcrekli olarak ayn\u0131 pozisyonda kullanma, \u00f6zellikle el bile\u011fi \u00fczerinde a\u011f\u0131rl\u0131k ta\u015f\u0131ma.<\/li><li><strong>Anatomik Fakt\u00f6rler:<\/strong> Do\u011fu\u015ftan gelen el veya dirsek yap\u0131s\u0131.<\/li><li><strong>Yaralanmalar:<\/strong> Dirsek veya el b\u00f6lgesine gelen yaralanmalar.<\/li><\/ol><p><strong>Tan\u0131 Y\u00f6ntemleri:<\/strong><\/p><ol><li><strong>Fizik Muayene:<\/strong> Doktor, el ve dirsek muayenesi yaparak belirtileri de\u011ferlendirir.<\/li><li><strong>Sinir \u0130letim Testleri:<\/strong> Ulnar sinirin iletim h\u0131z\u0131n\u0131 \u00f6l\u00e7en testler.<\/li><li><strong>G\u00f6r\u00fcnt\u00fcleme Testleri:<\/strong> Manyetik rezonans g\u00f6r\u00fcnt\u00fcleme (MRG) veya ultrasonografi, sinirin durumunu g\u00f6stermeye yard\u0131mc\u0131 olabilir.<\/li><\/ol><p><strong>Tedavi Se\u00e7enekleri:<\/strong><\/p><ol><li><strong>Dinlenme ve El Bile\u011fi Splinti:<\/strong> El bile\u011fini desteklemek ve dinlendirmek i\u00e7in \u00f6nerilebilir.<\/li><li><strong>Fizik Tedavi:<\/strong> El ve bilek kaslar\u0131n\u0131 g\u00fc\u00e7lendiren egzersizler ve terapi.<\/li><li><strong>\u0130la\u00e7lar:<\/strong> A\u011fr\u0131 ve iltihaplar\u0131 kontrol etmek i\u00e7in antiinflamatuar ila\u00e7lar.<\/li><li><strong>Cerrahi M\u00fcdahale:<\/strong> Di\u011fer tedavi y\u00f6ntemleri ba\u015far\u0131s\u0131z olursa, sinirin bas\u0131s\u0131n\u0131 azaltmak i\u00e7in cerrahi d\u00fczeltme d\u00fc\u015f\u00fcn\u00fclebilir.<\/li><\/ol><p><strong>Ya\u015fam Tarz\u0131 ve \u00d6neriler:<\/strong><\/p><ol><li><strong>Ergonomik D\u00fczenlemeler:<\/strong> \u00c7al\u0131\u015fma ortam\u0131nda do\u011fru ergonomiyi sa\u011flamak.<\/li><li><strong>Tekrarlayan Hareketlerden Ka\u00e7\u0131nma:<\/strong> \u00d6zellikle el ve dirsek \u00fczerinde tekrarlayan hareketlerden ka\u00e7\u0131nmak.<\/li><li><strong>Dirsek Koruyucu Kullan\u0131m\u0131:<\/strong> \u00d6zellikle spor veya aktivitelerde dirsek koruyucu kullanmak.<\/li><\/ol>\t\t\t\t\t\t\t\t<\/div>\n\t\t\t\t<\/div>\n\t\t\t\t\t<\/div>\n\t\t<\/div>\n\t\t\t\t<div class=\"elementor-column elementor-col-50 elementor-top-column elementor-element elementor-element-c55c5e3\" data-id=\"c55c5e3\" data-element_type=\"column\" data-e-type=\"column\">\n\t\t\t<div class=\"elementor-widget-wrap elementor-element-populated\">\n\t\t\t\t\t\t<section class=\"elementor-section elementor-inner-section elementor-element elementor-element-00f6b2a elementor-section-boxed elementor-section-height-default elementor-section-height-default\" data-id=\"00f6b2a\" data-element_type=\"section\" data-e-type=\"section\">\n\t\t\t\t\t\t<div class=\"elementor-container elementor-column-gap-default\">\n\t\t\t\t\t<div class=\"elementor-column elementor-col-100 elementor-inner-column elementor-element elementor-element-11ae01a\" data-id=\"11ae01a\" data-element_type=\"column\" data-e-type=\"column\" data-settings=\"{&quot;background_background&quot;:&quot;classic&quot;}\">\n\t\t\t<div class=\"elementor-widget-wrap elementor-element-populated\">\n\t\t\t\t\t<div class=\"elementor-background-overlay\"><\/div>\n\t\t\t\t\t\t<div class=\"elementor-element elementor-element-f939b1d ekit-equal-height-disable elementor-widget elementor-widget-elementskit-icon-box\" data-id=\"f939b1d\" data-element_type=\"widget\" data-e-type=\"widget\" data-widget_type=\"elementskit-icon-box.default\">\n\t\t\t\t<div class=\"elementor-widget-container\">\n\t\t\t\t\t<div class=\"ekit-wid-con\" >        <!-- link opening -->\n                <!-- end link opening -->\n\n        <div class=\"elementskit-infobox text-center text-left icon-lef-right-aligin elementor-animation- media  \">\n                    <div class=\"elementskit-box-header elementor-animation-\">\n                <div class=\"elementskit-info-box-icon  text-center\">\n                    <i aria-hidden=\"true\" class=\"elementkit-infobox-icon icon icon-doctor\"><\/i>\n                <\/div>\n          <\/div>\n                        <div class=\"box-body\">\n                            <h3 class=\"elementskit-info-box-title\">\n                    Hastal\u0131klar\u200b                <\/h3>\n                                            <\/div>\n        \n        \n                <\/div>\n        <\/div>\t\t\t\t<\/div>\n\t\t\t\t<\/div>\n\t\t\t\t<div class=\"elementor-element elementor-element-9298f4f elementor-widget-divider--view-line elementor-widget elementor-widget-divider\" data-id=\"9298f4f\" data-element_type=\"widget\" data-e-type=\"widget\" data-widget_type=\"divider.default\">\n\t\t\t\t<div class=\"elementor-widget-container\">\n\t\t\t\t\t\t\t<div class=\"elementor-divider\">\n\t\t\t<span class=\"elementor-divider-separator\">\n\t\t\t\t\t\t<\/span>\n\t\t<\/div>\n\t\t\t\t\t\t<\/div>\n\t\t\t\t<\/div>\n\t\t\t\t\t<\/div>\n\t\t<\/div>\n\t\t\t\t\t<\/div>\n\t\t<\/section>\n\t\t\t\t<div class=\"elementor-element elementor-element-115f20f elementor-widget elementor-widget-spacer\" data-id=\"115f20f\" data-element_type=\"widget\" data-e-type=\"widget\" data-widget_type=\"spacer.default\">\n\t\t\t\t<div class=\"elementor-widget-container\">\n\t\t\t\t\t\t\t<div class=\"elementor-spacer\">\n\t\t\t<div class=\"elementor-spacer-inner\"><\/div>\n\t\t<\/div>\n\t\t\t\t\t\t<\/div>\n\t\t\t\t<\/div>\n\t\t\t\t<div class=\"elementor-element elementor-element-de7b28b pa-icon-pos-before elementor-widget elementor-widget-premium-addon-image-button\" data-id=\"de7b28b\" data-element_type=\"widget\" data-e-type=\"widget\" data-widget_type=\"premium-addon-image-button.default\">\n\t\t\t\t<div class=\"elementor-widget-container\">\n\t\t\t\t\t\n\t\t<a class=\"premium-image-button-style6 premium-image-button premium-btn-block premium-button-style6\" href=\"https:\/\/opdrmuratgunal.com\/index.php\/beyin-tumoru\/\">\n\t\t\t<div class=\"premium-image-button-text-icon-wrapper\">\n\n\t\t\t\t\t\t\t\t\t\t\t\t\t\t\t\t\t\t\t\t\t\t<div class=\"premium-lottie-animation\" data-lottie-url=\"\" data-lottie-loop=\"true\" data-lottie-reverse=\"\" data-lottie-hover=\"\"><\/div>\n\t\t\t\t\t\t\t\t\t\t\t\t\t\t\t\n\t\t\t\t\t\t\t\t\t<span >\n\t\t\t\t\t\tBeyin T\u00fcm\u00f6r\u00fc\t\t\t\t\t<\/span>\n\t\t\t\t\n\t\t\t<\/div>\n\n\t\t\t\n\t\t\t\n\t\t\t\n\t\t<\/a>\n\n\t\t\t\t\t\t<\/div>\n\t\t\t\t<\/div>\n\t\t\t\t<div class=\"elementor-element elementor-element-68851d4 pa-icon-pos-before elementor-widget elementor-widget-premium-addon-image-button\" data-id=\"68851d4\" data-element_type=\"widget\" data-e-type=\"widget\" data-widget_type=\"premium-addon-image-button.default\">\n\t\t\t\t<div class=\"elementor-widget-container\">\n\t\t\t\t\t\n\t\t<a class=\"premium-image-button-style6 premium-image-button premium-btn-block premium-button-style6\" href=\"https:\/\/opdrmuratgunal.com\/index.php\/beyincik-sarkmasi\/\">\n\t\t\t<div class=\"premium-image-button-text-icon-wrapper\">\n\n\t\t\t\t\t\t\t\t\t\t\t\t\t\t\t\t\t\t\t\t\t\t<div class=\"premium-lottie-animation\" data-lottie-url=\"\" data-lottie-loop=\"true\" data-lottie-reverse=\"\" data-lottie-hover=\"\"><\/div>\n\t\t\t\t\t\t\t\t\t\t\t\t\t\t\t\n\t\t\t\t\t\t\t\t\t<span >\n\t\t\t\t\t\tBeyincik Sarkmas\u0131\t\t\t\t\t<\/span>\n\t\t\t\t\n\t\t\t<\/div>\n\n\t\t\t\n\t\t\t\n\t\t\t\n\t\t<\/a>\n\n\t\t\t\t\t\t<\/div>\n\t\t\t\t<\/div>\n\t\t\t\t<div class=\"elementor-element elementor-element-f39ae68 pa-icon-pos-before elementor-widget elementor-widget-premium-addon-image-button\" data-id=\"f39ae68\" data-element_type=\"widget\" data-e-type=\"widget\" data-widget_type=\"premium-addon-image-button.default\">\n\t\t\t\t<div class=\"elementor-widget-container\">\n\t\t\t\t\t\n\t\t<a class=\"premium-image-button-style6 premium-image-button premium-btn-block premium-button-style6\" href=\"https:\/\/opdrmuratgunal.com\/index.php\/omurilik-tumorleri\/\">\n\t\t\t<div class=\"premium-image-button-text-icon-wrapper\">\n\n\t\t\t\t\t\t\t\t\t\t\t\t\t\t\t\t\t\t\t\t\t\t<div class=\"premium-lottie-animation\" data-lottie-url=\"\" data-lottie-loop=\"true\" data-lottie-reverse=\"\" data-lottie-hover=\"\"><\/div>\n\t\t\t\t\t\t\t\t\t\t\t\t\t\t\t\n\t\t\t\t\t\t\t\t\t<span >\n\t\t\t\t\t\t Omurilik T\u00fcm\u00f6rleri\t\t\t\t\t<\/span>\n\t\t\t\t\n\t\t\t<\/div>\n\n\t\t\t\n\t\t\t\n\t\t\t\n\t\t<\/a>\n\n\t\t\t\t\t\t<\/div>\n\t\t\t\t<\/div>\n\t\t\t\t<div class=\"elementor-element elementor-element-41e38db pa-icon-pos-before elementor-widget elementor-widget-premium-addon-image-button\" data-id=\"41e38db\" data-element_type=\"widget\" data-e-type=\"widget\" data-widget_type=\"premium-addon-image-button.default\">\n\t\t\t\t<div class=\"elementor-widget-container\">\n\t\t\t\t\t\n\t\t<a class=\"premium-image-button-style6 premium-image-button premium-btn-block premium-button-style6\" href=\"https:\/\/opdrmuratgunal.com\/index.php\/boyun-fitigi\/\">\n\t\t\t<div class=\"premium-image-button-text-icon-wrapper\">\n\n\t\t\t\t\t\t\t\t\t\t\t\t\t\t\t\t\t\t\t\t\t\t<div class=\"premium-lottie-animation\" data-lottie-url=\"\" data-lottie-loop=\"true\" data-lottie-reverse=\"\" data-lottie-hover=\"\"><\/div>\n\t\t\t\t\t\t\t\t\t\t\t\t\t\t\t\n\t\t\t\t\t\t\t\t\t<span >\n\t\t\t\t\t\t Boyun F\u0131t\u0131\u011f\u0131\t\t\t\t\t<\/span>\n\t\t\t\t\n\t\t\t<\/div>\n\n\t\t\t\n\t\t\t\n\t\t\t\n\t\t<\/a>\n\n\t\t\t\t\t\t<\/div>\n\t\t\t\t<\/div>\n\t\t\t\t<div class=\"elementor-element elementor-element-f68a348 pa-icon-pos-before elementor-widget elementor-widget-premium-addon-image-button\" data-id=\"f68a348\" data-element_type=\"widget\" data-e-type=\"widget\" data-widget_type=\"premium-addon-image-button.default\">\n\t\t\t\t<div class=\"elementor-widget-container\">\n\t\t\t\t\t\n\t\t<a class=\"premium-image-button-style6 premium-image-button premium-btn-block premium-button-style6\" href=\"https:\/\/opdrmuratgunal.com\/index.php\/bel-fitigi\/\">\n\t\t\t<div class=\"premium-image-button-text-icon-wrapper\">\n\n\t\t\t\t\t\t\t\t\t\t\t\t\t\t\t\t\t\t\t\t\t\t<div class=\"premium-lottie-animation\" data-lottie-url=\"\" data-lottie-loop=\"true\" data-lottie-reverse=\"\" data-lottie-hover=\"\"><\/div>\n\t\t\t\t\t\t\t\t\t\t\t\t\t\t\t\n\t\t\t\t\t\t\t\t\t<span >\n\t\t\t\t\t\tBel F\u0131t\u0131\u011f\u0131\t\t\t\t\t<\/span>\n\t\t\t\t\n\t\t\t<\/div>\n\n\t\t\t\n\t\t\t\n\t\t\t\n\t\t<\/a>\n\n\t\t\t\t\t\t<\/div>\n\t\t\t\t<\/div>\n\t\t\t\t<div class=\"elementor-element elementor-element-a058b42 pa-icon-pos-before elementor-widget elementor-widget-premium-addon-image-button\" data-id=\"a058b42\" data-element_type=\"widget\" data-e-type=\"widget\" data-widget_type=\"premium-addon-image-button.default\">\n\t\t\t\t<div class=\"elementor-widget-container\">\n\t\t\t\t\t\n\t\t<a class=\"premium-image-button-style6 premium-image-button premium-btn-block premium-button-style6\" href=\"https:\/\/opdrmuratgunal.com\/index.php\/karpal-tunel-sendromu\/\">\n\t\t\t<div class=\"premium-image-button-text-icon-wrapper\">\n\n\t\t\t\t\t\t\t\t\t\t\t\t\t\t\t\t\t\t\t\t\t\t<div class=\"premium-lottie-animation\" data-lottie-url=\"\" data-lottie-loop=\"true\" data-lottie-reverse=\"\" data-lottie-hover=\"\"><\/div>\n\t\t\t\t\t\t\t\t\t\t\t\t\t\t\t\n\t\t\t\t\t\t\t\t\t<span >\n\t\t\t\t\t\t Karpal T\u00fcnel Sendromu\t\t\t\t\t<\/span>\n\t\t\t\t\n\t\t\t<\/div>\n\n\t\t\t\n\t\t\t\n\t\t\t\n\t\t<\/a>\n\n\t\t\t\t\t\t<\/div>\n\t\t\t\t<\/div>\n\t\t\t\t<div class=\"elementor-element elementor-element-3f3414d pa-icon-pos-before elementor-widget elementor-widget-premium-addon-image-button\" data-id=\"3f3414d\" data-element_type=\"widget\" data-e-type=\"widget\" data-widget_type=\"premium-addon-image-button.default\">\n\t\t\t\t<div class=\"elementor-widget-container\">\n\t\t\t\t\t\n\t\t<a class=\"premium-image-button-style6 premium-image-button premium-btn-block premium-button-style6\" href=\"https:\/\/opdrmuratgunal.com\/index.php\/ulnar-sinir-sikismasi\/\">\n\t\t\t<div class=\"premium-image-button-text-icon-wrapper\">\n\n\t\t\t\t\t\t\t\t\t\t\t\t\t\t\t\t\t\t\t\t\t\t<div class=\"premium-lottie-animation\" data-lottie-url=\"\" data-lottie-loop=\"true\" data-lottie-reverse=\"\" data-lottie-hover=\"\"><\/div>\n\t\t\t\t\t\t\t\t\t\t\t\t\t\t\t\n\t\t\t\t\t\t\t\t\t<span >\n\t\t\t\t\t\tUlnar Sinir S\u0131k\u0131\u015fmas\u0131\t\t\t\t\t<\/span>\n\t\t\t\t\n\t\t\t<\/div>\n\n\t\t\t\n\t\t\t\n\t\t\t\n\t\t<\/a>\n\n\t\t\t\t\t\t<\/div>\n\t\t\t\t<\/div>\n\t\t\t\t<div class=\"elementor-element elementor-element-25e6957 pa-icon-pos-before elementor-widget elementor-widget-premium-addon-image-button\" data-id=\"25e6957\" data-element_type=\"widget\" data-e-type=\"widget\" data-widget_type=\"premium-addon-image-button.default\">\n\t\t\t\t<div class=\"elementor-widget-container\">\n\t\t\t\t\t\n\t\t<a class=\"premium-image-button-style6 premium-image-button premium-btn-block premium-button-style6\" href=\"https:\/\/opdrmuratgunal.com\/index.php\/peroneal-sinir-sikismasi\/\">\n\t\t\t<div class=\"premium-image-button-text-icon-wrapper\">\n\n\t\t\t\t\t\t\t\t\t\t\t\t\t\t\t\t\t\t\t\t\t\t<div class=\"premium-lottie-animation\" data-lottie-url=\"\" data-lottie-loop=\"true\" data-lottie-reverse=\"\" data-lottie-hover=\"\"><\/div>\n\t\t\t\t\t\t\t\t\t\t\t\t\t\t\t\n\t\t\t\t\t\t\t\t\t<span >\n\t\t\t\t\t\tPeroneal Sinir S\u0131k\u0131\u015fmas\u0131\t\t\t\t\t<\/span>\n\t\t\t\t\n\t\t\t<\/div>\n\n\t\t\t\n\t\t\t\n\t\t\t\n\t\t<\/a>\n\n\t\t\t\t\t\t<\/div>\n\t\t\t\t<\/div>\n\t\t\t\t<div class=\"elementor-element elementor-element-703caad pa-icon-pos-before elementor-widget elementor-widget-premium-addon-image-button\" data-id=\"703caad\" data-element_type=\"widget\" data-e-type=\"widget\" data-widget_type=\"premium-addon-image-button.default\">\n\t\t\t\t<div class=\"elementor-widget-container\">\n\t\t\t\t\t\n\t\t<a class=\"premium-image-button-style6 premium-image-button premium-btn-block premium-button-style6\" href=\"https:\/\/opdrmuratgunal.com\/index.php\/bel-kaymalari\/\">\n\t\t\t<div class=\"premium-image-button-text-icon-wrapper\">\n\n\t\t\t\t\t\t\t\t\t\t\t\t\t\t\t\t\t\t\t\t\t\t<div class=\"premium-lottie-animation\" data-lottie-url=\"\" data-lottie-loop=\"true\" data-lottie-reverse=\"\" data-lottie-hover=\"\"><\/div>\n\t\t\t\t\t\t\t\t\t\t\t\t\t\t\t\n\t\t\t\t\t\t\t\t\t<span >\n\t\t\t\t\t\tBel Kaymalar\u0131\t\t\t\t\t<\/span>\n\t\t\t\t\n\t\t\t<\/div>\n\n\t\t\t\n\t\t\t\n\t\t\t\n\t\t<\/a>\n\n\t\t\t\t\t\t<\/div>\n\t\t\t\t<\/div>\n\t\t\t\t<div class=\"elementor-element elementor-element-78dbc85 pa-icon-pos-before elementor-widget elementor-widget-premium-addon-image-button\" data-id=\"78dbc85\" data-element_type=\"widget\" data-e-type=\"widget\" data-widget_type=\"premium-addon-image-button.default\">\n\t\t\t\t<div class=\"elementor-widget-container\">\n\t\t\t\t\t\n\t\t<a class=\"premium-image-button-style6 premium-image-button premium-btn-block premium-button-style6\" href=\"https:\/\/opdrmuratgunal.com\/index.php\/omurga-kanal-darliklari\/\">\n\t\t\t<div class=\"premium-image-button-text-icon-wrapper\">\n\n\t\t\t\t\t\t\t\t\t\t\t\t\t\t\t\t\t\t\t\t\t\t<div class=\"premium-lottie-animation\" data-lottie-url=\"\" data-lottie-loop=\"true\" data-lottie-reverse=\"\" data-lottie-hover=\"\"><\/div>\n\t\t\t\t\t\t\t\t\t\t\t\t\t\t\t\n\t\t\t\t\t\t\t\t\t<span >\n\t\t\t\t\t\t Omurga Kanal Darl\u0131klar\u0131\t\t\t\t\t<\/span>\n\t\t\t\t\n\t\t\t<\/div>\n\n\t\t\t\n\t\t\t\n\t\t\t\n\t\t<\/a>\n\n\t\t\t\t\t\t<\/div>\n\t\t\t\t<\/div>\n\t\t\t\t<div class=\"elementor-element elementor-element-3b5e9c6 pa-icon-pos-before elementor-widget elementor-widget-premium-addon-image-button\" data-id=\"3b5e9c6\" data-element_type=\"widget\" data-e-type=\"widget\" data-widget_type=\"premium-addon-image-button.default\">\n\t\t\t\t<div class=\"elementor-widget-container\">\n\t\t\t\t\t\n\t\t<a class=\"premium-image-button-style6 premium-image-button premium-btn-block premium-button-style6\" href=\"https:\/\/opdrmuratgunal.com\/index.php\/omur-kemik-kirilmalari\/\">\n\t\t\t<div class=\"premium-image-button-text-icon-wrapper\">\n\n\t\t\t\t\t\t\t\t\t\t\t\t\t\t\t\t\t\t\t\t\t\t<div class=\"premium-lottie-animation\" data-lottie-url=\"\" data-lottie-loop=\"true\" data-lottie-reverse=\"\" data-lottie-hover=\"\"><\/div>\n\t\t\t\t\t\t\t\t\t\t\t\t\t\t\t\n\t\t\t\t\t\t\t\t\t<span >\n\t\t\t\t\t\tOmur Kemik K\u0131r\u0131lmalar\u0131\t\t\t\t\t<\/span>\n\t\t\t\t\n\t\t\t<\/div>\n\n\t\t\t\n\t\t\t\n\t\t\t\n\t\t<\/a>\n\n\t\t\t\t\t\t<\/div>\n\t\t\t\t<\/div>\n\t\t\t\t<div class=\"elementor-element elementor-element-99ad7db pa-icon-pos-before elementor-widget elementor-widget-premium-addon-image-button\" data-id=\"99ad7db\" data-element_type=\"widget\" data-e-type=\"widget\" data-widget_type=\"premium-addon-image-button.default\">\n\t\t\t\t<div class=\"elementor-widget-container\">\n\t\t\t\t\t\n\t\t<a class=\"premium-image-button-style6 premium-image-button premium-btn-block premium-button-style6\" href=\"https:\/\/opdrmuratgunal.com\/index.php\/kuyruk-sokumu-zedelenmesi\/\">\n\t\t\t<div class=\"premium-image-button-text-icon-wrapper\">\n\n\t\t\t\t\t\t\t\t\t\t\t\t\t\t\t\t\t\t\t\t\t\t<div class=\"premium-lottie-animation\" data-lottie-url=\"\" data-lottie-loop=\"true\" data-lottie-reverse=\"\" data-lottie-hover=\"\"><\/div>\n\t\t\t\t\t\t\t\t\t\t\t\t\t\t\t\n\t\t\t\t\t\t\t\t\t<span >\n\t\t\t\t\t\tKuyruk Sokumu Zedelenme\t\t\t\t\t<\/span>\n\t\t\t\t\n\t\t\t<\/div>\n\n\t\t\t\n\t\t\t\n\t\t\t\n\t\t<\/a>\n\n\t\t\t\t\t\t<\/div>\n\t\t\t\t<\/div>\n\t\t\t\t\t<\/div>\n\t\t<\/div>\n\t\t\t\t\t<\/div>\n\t\t<\/section>\n\t\t\t\t<\/div>\n\t\t","protected":false},"excerpt":{"rendered":"<p>Ulnar Sinir S\u0131k\u0131\u015fmas\u0131 Anasayfa Hizmetler Ulnar Sinir S\u0131k\u0131\u015fmas\u0131 Ulnar Sinir S\u0131k\u0131\u015fmas\u0131: Belirtiler, Tan\u0131 ve Tedavi Ulnar sinir s\u0131k\u0131\u015fmas\u0131, dirsekte bulunan ulnar sinirin bask\u0131 alt\u0131nda kalmas\u0131 sonucu ortaya \u00e7\u0131kan bir durumdur. Bu durum, el, bilek ve \u00f6zellikle k\u00fc\u00e7\u00fck parmaklarda uyu\u015fma, kar\u0131ncalanma ve g\u00fc\u00e7s\u00fczl\u00fckle karakterizedir. \u0130\u015fte ulnar sinir s\u0131k\u0131\u015fmas\u0131 hakk\u0131nda bilgilendirici bir i\u00e7erik: Belirtiler: Ulnar sinir s\u0131k\u0131\u015fmas\u0131 [&hellip;]<\/p>\n","protected":false},"author":1,"featured_media":0,"parent":0,"menu_order":0,"comment_status":"closed","ping_status":"closed","template":"elementor_header_footer","meta":{"footnotes":""},"class_list":["post-531","page","type-page","status-publish","hentry"],"_links":{"self":[{"href":"https:\/\/opdrmuratgunal.com\/index.php\/wp-json\/wp\/v2\/pages\/531","targetHints":{"allow":["GET"]}}],"collection":[{"href":"https:\/\/opdrmuratgunal.com\/index.php\/wp-json\/wp\/v2\/pages"}],"about":[{"href":"https:\/\/opdrmuratgunal.com\/index.php\/wp-json\/wp\/v2\/types\/page"}],"author":[{"embeddable":true,"href":"https:\/\/opdrmuratgunal.com\/index.php\/wp-json\/wp\/v2\/users\/1"}],"replies":[{"embeddable":true,"href":"https:\/\/opdrmuratgunal.com\/index.php\/wp-json\/wp\/v2\/comments?post=531"}],"version-history":[{"count":7,"href":"https:\/\/opdrmuratgunal.com\/index.php\/wp-json\/wp\/v2\/pages\/531\/revisions"}],"predecessor-version":[{"id":631,"href":"https:\/\/opdrmuratgunal.com\/index.php\/wp-json\/wp\/v2\/pages\/531\/revisions\/631"}],"wp:attachment":[{"href":"https:\/\/opdrmuratgunal.com\/index.php\/wp-json\/wp\/v2\/media?parent=531"}],"curies":[{"name":"wp","href":"https:\/\/api.w.org\/{rel}","templated":true}]}}