{"id":512,"date":"2024-02-09T09:30:00","date_gmt":"2024-02-09T06:30:00","guid":{"rendered":"https:\/\/opdrmuratgunal.com\/?page_id=512"},"modified":"2024-02-09T12:43:21","modified_gmt":"2024-02-09T09:43:21","slug":"bel-fitigi","status":"publish","type":"page","link":"https:\/\/opdrmuratgunal.com\/index.php\/bel-fitigi\/","title":{"rendered":"Bel F\u0131t\u0131\u011f\u0131"},"content":{"rendered":"\t\t<div data-elementor-type=\"wp-page\" data-elementor-id=\"512\" class=\"elementor elementor-512\" data-elementor-post-type=\"page\">\n\t\t\t\t\t\t<section class=\"elementor-section elementor-top-section elementor-element elementor-element-50b31abd elementor-section-boxed elementor-section-height-default elementor-section-height-default\" data-id=\"50b31abd\" data-element_type=\"section\" data-e-type=\"section\" data-settings=\"{&quot;background_background&quot;:&quot;classic&quot;}\">\n\t\t\t\t\t\t\t<div class=\"elementor-background-overlay\"><\/div>\n\t\t\t\t\t\t\t<div class=\"elementor-container elementor-column-gap-default\">\n\t\t\t\t\t<div class=\"elementor-column elementor-col-100 elementor-top-column elementor-element elementor-element-49d69da5\" data-id=\"49d69da5\" data-element_type=\"column\" data-e-type=\"column\" data-settings=\"{&quot;background_background&quot;:&quot;classic&quot;}\">\n\t\t\t<div class=\"elementor-widget-wrap elementor-element-populated\">\n\t\t\t\t\t\t<div class=\"elementor-element elementor-element-47703286 elementor-widget elementor-widget-heading\" data-id=\"47703286\" data-element_type=\"widget\" data-e-type=\"widget\" data-widget_type=\"heading.default\">\n\t\t\t\t<div class=\"elementor-widget-container\">\n\t\t\t\t\t<h1 class=\"elementor-heading-title elementor-size-default\">Bel F\u0131t\u0131\u011f\u0131<\/h1>\t\t\t\t<\/div>\n\t\t\t\t<\/div>\n\t\t\t\t\t<\/div>\n\t\t<\/div>\n\t\t\t\t\t<\/div>\n\t\t<\/section>\n\t\t\t\t<section class=\"elementor-section elementor-top-section elementor-element elementor-element-7769addc elementor-section-boxed elementor-section-height-default elementor-section-height-default\" data-id=\"7769addc\" data-element_type=\"section\" data-e-type=\"section\" data-settings=\"{&quot;background_background&quot;:&quot;classic&quot;}\">\n\t\t\t\t\t\t<div class=\"elementor-container elementor-column-gap-default\">\n\t\t\t\t\t<div class=\"elementor-column elementor-col-100 elementor-top-column elementor-element elementor-element-36505b43\" data-id=\"36505b43\" data-element_type=\"column\" data-e-type=\"column\">\n\t\t\t<div class=\"elementor-widget-wrap elementor-element-populated\">\n\t\t\t\t\t\t<div class=\"elementor-element elementor-element-7371ba16 elementor-icon-list--layout-inline elementor-list-item-link-full_width elementor-widget elementor-widget-icon-list\" data-id=\"7371ba16\" data-element_type=\"widget\" data-e-type=\"widget\" data-widget_type=\"icon-list.default\">\n\t\t\t\t<div class=\"elementor-widget-container\">\n\t\t\t\t\t\t\t<ul class=\"elementor-icon-list-items elementor-inline-items\">\n\t\t\t\t\t\t\t<li class=\"elementor-icon-list-item elementor-inline-item\">\n\t\t\t\t\t\t\t\t\t\t<span class=\"elementor-icon-list-text\">Anasayfa<\/span>\n\t\t\t\t\t\t\t\t\t<\/li>\n\t\t\t\t\t\t\t\t<li class=\"elementor-icon-list-item elementor-inline-item\">\n\t\t\t\t\t\t\t\t\t\t\t<span class=\"elementor-icon-list-icon\">\n\t\t\t\t\t\t\t<i aria-hidden=\"true\" class=\"icon icon-chevron-right\"><\/i>\t\t\t\t\t\t<\/span>\n\t\t\t\t\t\t\t\t\t\t<span class=\"elementor-icon-list-text\">Hizmetler<\/span>\n\t\t\t\t\t\t\t\t\t<\/li>\n\t\t\t\t\t\t\t\t<li class=\"elementor-icon-list-item elementor-inline-item\">\n\t\t\t\t\t\t\t\t\t\t\t<span class=\"elementor-icon-list-icon\">\n\t\t\t\t\t\t\t<i aria-hidden=\"true\" class=\"icon icon-chevron-right\"><\/i>\t\t\t\t\t\t<\/span>\n\t\t\t\t\t\t\t\t\t\t<span class=\"elementor-icon-list-text\">Bel F\u0131t\u0131\u011f\u0131<\/span>\n\t\t\t\t\t\t\t\t\t<\/li>\n\t\t\t\t\t\t<\/ul>\n\t\t\t\t\t\t<\/div>\n\t\t\t\t<\/div>\n\t\t\t\t\t<\/div>\n\t\t<\/div>\n\t\t\t\t\t<\/div>\n\t\t<\/section>\n\t\t\t\t<section class=\"elementor-section elementor-top-section elementor-element elementor-element-12e17d15 elementor-section-boxed elementor-section-height-default elementor-section-height-default\" data-id=\"12e17d15\" data-element_type=\"section\" data-e-type=\"section\">\n\t\t\t\t\t\t<div class=\"elementor-container elementor-column-gap-default\">\n\t\t\t\t\t<div class=\"elementor-column elementor-col-50 elementor-top-column elementor-element elementor-element-20834548\" data-id=\"20834548\" data-element_type=\"column\" data-e-type=\"column\">\n\t\t\t<div class=\"elementor-widget-wrap elementor-element-populated\">\n\t\t\t\t\t\t<div class=\"elementor-element elementor-element-d27b340 elementor-widget elementor-widget-image\" data-id=\"d27b340\" data-element_type=\"widget\" data-e-type=\"widget\" data-widget_type=\"image.default\">\n\t\t\t\t<div class=\"elementor-widget-container\">\n\t\t\t\t\t\t\t\t\t\t\t\t\t\t\t<img fetchpriority=\"high\" decoding=\"async\" width=\"2560\" height=\"1707\" src=\"https:\/\/opdrmuratgunal.com\/wp-content\/uploads\/2024\/02\/BEYIN6-scaled.jpg\" class=\"attachment-full size-full wp-image-188\" alt=\"\" srcset=\"https:\/\/opdrmuratgunal.com\/wp-content\/uploads\/2024\/02\/BEYIN6-scaled.jpg 2560w, https:\/\/opdrmuratgunal.com\/wp-content\/uploads\/2024\/02\/BEYIN6-300x200.jpg 300w, https:\/\/opdrmuratgunal.com\/wp-content\/uploads\/2024\/02\/BEYIN6-1024x683.jpg 1024w, https:\/\/opdrmuratgunal.com\/wp-content\/uploads\/2024\/02\/BEYIN6-768x512.jpg 768w, https:\/\/opdrmuratgunal.com\/wp-content\/uploads\/2024\/02\/BEYIN6-1536x1024.jpg 1536w, https:\/\/opdrmuratgunal.com\/wp-content\/uploads\/2024\/02\/BEYIN6-2048x1365.jpg 2048w\" sizes=\"(max-width: 2560px) 100vw, 2560px\" \/>\t\t\t\t\t\t\t\t\t\t\t\t\t\t\t<\/div>\n\t\t\t\t<\/div>\n\t\t\t\t<div class=\"elementor-element elementor-element-601f43f elementor-widget elementor-widget-text-editor\" data-id=\"601f43f\" data-element_type=\"widget\" data-e-type=\"widget\" data-widget_type=\"text-editor.default\">\n\t\t\t\t<div class=\"elementor-widget-container\">\n\t\t\t\t\t\t\t\t\t<p><strong>Bel F\u0131t\u0131\u011f\u0131: Belirtiler, Tan\u0131 ve Tedavi Y\u00f6ntemleri<\/strong><\/p><p>Bel f\u0131t\u0131\u011f\u0131, omurlar aras\u0131ndaki disklerin zay\u0131flamas\u0131 veya \u00e7atlamas\u0131 sonucu omurilik veya sinir k\u00f6klerine bask\u0131 yapabilen bir durumdur. Bu durum, bel a\u011fr\u0131s\u0131, bacak a\u011fr\u0131s\u0131 ve di\u011fer belirtilerle kendini g\u00f6sterebilir. \u0130\u015fte bel f\u0131t\u0131\u011f\u0131 hakk\u0131nda bilgilendirici bir i\u00e7erik:<\/p><p><strong>Belirtiler:<\/strong><\/p><p>Bel f\u0131t\u0131\u011f\u0131 belirtileri \u015funlar\u0131 i\u00e7erebilir:<\/p><ul><li>Bel a\u011fr\u0131s\u0131: Genellikle belin alt k\u0131sm\u0131nda ve bacaklara do\u011fru yay\u0131labilir.<\/li><li>Bacak a\u011fr\u0131s\u0131 ve uyu\u015fma: Sinir k\u00f6klerine bask\u0131 nedeniyle bacaklarda a\u011fr\u0131 ve uyu\u015fma hissedilebilir.<\/li><li>Kas g\u00fc\u00e7s\u00fczl\u00fc\u011f\u00fc: Bacaklardaki kas g\u00fc\u00e7s\u00fczl\u00fc\u011f\u00fc veya istemsiz kas kas\u0131lmalar\u0131 g\u00f6r\u00fclebilir.<\/li><li>Ayakta kar\u0131ncalanma veya zay\u0131fl\u0131k.<\/li><\/ul><p><strong>Tan\u0131 Y\u00f6ntemleri:<\/strong><\/p><ol><li><strong>Fizik Muayene:<\/strong> Doktor, bel f\u0131t\u0131\u011f\u0131 belirtilerini de\u011ferlendirecek ve fizik muayene yapacakt\u0131r.<\/li><li><strong>G\u00f6r\u00fcnt\u00fcleme Testleri:<\/strong> Manyetik rezonans g\u00f6r\u00fcnt\u00fcleme (MRG) veya bilgisayarl\u0131 tomografi (BT) taramalar\u0131, omurgay\u0131 detayl\u0131 bir \u015fekilde g\u00f6sterir.<\/li><li><strong>Elektromiyografi (EMG):<\/strong> Sinir hasar\u0131n\u0131 de\u011ferlendirmek i\u00e7in kullan\u0131labilir.<\/li><\/ol><p><strong>Tedavi Se\u00e7enekleri:<\/strong><\/p><ol><li><strong>\u0130la\u00e7lar:<\/strong> A\u011fr\u0131 ve iltihaplar\u0131 kontrol etmek i\u00e7in kullan\u0131l\u0131r.<\/li><li><strong>Fizik Tedavi:<\/strong> Kas g\u00fc\u00e7lendirmeyi ve esnekli\u011fi art\u0131rmay\u0131 ama\u00e7layan egzersiz programlar\u0131.<\/li><li><strong>Enjeksiyonlar:<\/strong> Steroid veya lokal anestezik enjeksiyonlar, a\u011fr\u0131y\u0131 hafifletmeye yard\u0131mc\u0131 olabilir.<\/li><li><strong>Cerrahi M\u00fcdahale:<\/strong> Ciddi durumlarda, disk \u00e7\u0131kar\u0131labilir veya yerine ba\u015fka bir madde konulabilir.<\/li><\/ol><p><strong>Ya\u015fam Tarz\u0131 ve \u00d6neriler:<\/strong><\/p><ol><li><strong>Egzersiz ve Stre\u00e7ing:<\/strong> Bel ve s\u0131rt kaslar\u0131n\u0131 g\u00fc\u00e7lendirmek ve esnekli\u011fi art\u0131rmak i\u00e7in uygun egzersizler yapmak faydal\u0131 olabilir.<\/li><li><strong>Post\u00fcr Kontrol\u00fc:<\/strong> Do\u011fru duru\u015f al\u0131\u015fkanl\u0131klar\u0131 geli\u015ftirmek \u00f6nemlidir.<\/li><li><strong>A\u011f\u0131rl\u0131k Kontrol\u00fc:<\/strong> Fazla kilo, bel f\u0131t\u0131\u011f\u0131 riskini art\u0131rabilir, sa\u011fl\u0131kl\u0131 bir kiloda kalmak \u00f6nemlidir.<\/li><\/ol>\t\t\t\t\t\t\t\t<\/div>\n\t\t\t\t<\/div>\n\t\t\t\t\t<\/div>\n\t\t<\/div>\n\t\t\t\t<div class=\"elementor-column elementor-col-50 elementor-top-column elementor-element elementor-element-c39c381\" data-id=\"c39c381\" data-element_type=\"column\" data-e-type=\"column\">\n\t\t\t<div class=\"elementor-widget-wrap elementor-element-populated\">\n\t\t\t\t\t\t<section class=\"elementor-section elementor-inner-section elementor-element elementor-element-2eb7b40 elementor-section-boxed elementor-section-height-default elementor-section-height-default\" data-id=\"2eb7b40\" data-element_type=\"section\" data-e-type=\"section\">\n\t\t\t\t\t\t<div class=\"elementor-container elementor-column-gap-default\">\n\t\t\t\t\t<div class=\"elementor-column elementor-col-100 elementor-inner-column elementor-element elementor-element-339e7db\" data-id=\"339e7db\" data-element_type=\"column\" data-e-type=\"column\" data-settings=\"{&quot;background_background&quot;:&quot;classic&quot;}\">\n\t\t\t<div class=\"elementor-widget-wrap elementor-element-populated\">\n\t\t\t\t\t<div class=\"elementor-background-overlay\"><\/div>\n\t\t\t\t\t\t<div class=\"elementor-element elementor-element-fcf51fc ekit-equal-height-disable elementor-widget elementor-widget-elementskit-icon-box\" data-id=\"fcf51fc\" data-element_type=\"widget\" data-e-type=\"widget\" data-widget_type=\"elementskit-icon-box.default\">\n\t\t\t\t<div class=\"elementor-widget-container\">\n\t\t\t\t\t<div class=\"ekit-wid-con\" >        <!-- link opening -->\n                <!-- end link opening -->\n\n        <div class=\"elementskit-infobox text-center text-left icon-lef-right-aligin elementor-animation- media  \">\n                    <div class=\"elementskit-box-header elementor-animation-\">\n                <div class=\"elementskit-info-box-icon  text-center\">\n                    <i aria-hidden=\"true\" class=\"elementkit-infobox-icon icon icon-doctor\"><\/i>\n                <\/div>\n          <\/div>\n                        <div class=\"box-body\">\n                            <h3 class=\"elementskit-info-box-title\">\n                    Hastal\u0131klar\u200b                <\/h3>\n                                            <\/div>\n        \n        \n                <\/div>\n        <\/div>\t\t\t\t<\/div>\n\t\t\t\t<\/div>\n\t\t\t\t<div class=\"elementor-element elementor-element-addf44c elementor-widget-divider--view-line elementor-widget elementor-widget-divider\" data-id=\"addf44c\" data-element_type=\"widget\" data-e-type=\"widget\" data-widget_type=\"divider.default\">\n\t\t\t\t<div class=\"elementor-widget-container\">\n\t\t\t\t\t\t\t<div class=\"elementor-divider\">\n\t\t\t<span class=\"elementor-divider-separator\">\n\t\t\t\t\t\t<\/span>\n\t\t<\/div>\n\t\t\t\t\t\t<\/div>\n\t\t\t\t<\/div>\n\t\t\t\t\t<\/div>\n\t\t<\/div>\n\t\t\t\t\t<\/div>\n\t\t<\/section>\n\t\t\t\t<div class=\"elementor-element elementor-element-395decd elementor-widget elementor-widget-spacer\" data-id=\"395decd\" data-element_type=\"widget\" data-e-type=\"widget\" data-widget_type=\"spacer.default\">\n\t\t\t\t<div class=\"elementor-widget-container\">\n\t\t\t\t\t\t\t<div class=\"elementor-spacer\">\n\t\t\t<div class=\"elementor-spacer-inner\"><\/div>\n\t\t<\/div>\n\t\t\t\t\t\t<\/div>\n\t\t\t\t<\/div>\n\t\t\t\t<div class=\"elementor-element elementor-element-0c5b573 pa-icon-pos-before elementor-widget elementor-widget-premium-addon-image-button\" data-id=\"0c5b573\" data-element_type=\"widget\" data-e-type=\"widget\" data-widget_type=\"premium-addon-image-button.default\">\n\t\t\t\t<div class=\"elementor-widget-container\">\n\t\t\t\t\t\n\t\t<a class=\"premium-image-button-style6 premium-image-button premium-btn-block premium-button-style6\" href=\"https:\/\/opdrmuratgunal.com\/index.php\/beyin-tumoru\/\">\n\t\t\t<div class=\"premium-image-button-text-icon-wrapper\">\n\n\t\t\t\t\t\t\t\t\t\t\t\t\t\t\t\t\t\t\t\t\t\t<div class=\"premium-lottie-animation\" data-lottie-url=\"\" data-lottie-loop=\"true\" data-lottie-reverse=\"\" data-lottie-hover=\"\"><\/div>\n\t\t\t\t\t\t\t\t\t\t\t\t\t\t\t\n\t\t\t\t\t\t\t\t\t<span >\n\t\t\t\t\t\tBeyin T\u00fcm\u00f6r\u00fc\t\t\t\t\t<\/span>\n\t\t\t\t\n\t\t\t<\/div>\n\n\t\t\t\n\t\t\t\n\t\t\t\n\t\t<\/a>\n\n\t\t\t\t\t\t<\/div>\n\t\t\t\t<\/div>\n\t\t\t\t<div class=\"elementor-element elementor-element-d467f9c pa-icon-pos-before elementor-widget elementor-widget-premium-addon-image-button\" data-id=\"d467f9c\" data-element_type=\"widget\" data-e-type=\"widget\" data-widget_type=\"premium-addon-image-button.default\">\n\t\t\t\t<div class=\"elementor-widget-container\">\n\t\t\t\t\t\n\t\t<a class=\"premium-image-button-style6 premium-image-button premium-btn-block premium-button-style6\" href=\"https:\/\/opdrmuratgunal.com\/index.php\/beyincik-sarkmasi\/\">\n\t\t\t<div class=\"premium-image-button-text-icon-wrapper\">\n\n\t\t\t\t\t\t\t\t\t\t\t\t\t\t\t\t\t\t\t\t\t\t<div class=\"premium-lottie-animation\" data-lottie-url=\"\" data-lottie-loop=\"true\" data-lottie-reverse=\"\" data-lottie-hover=\"\"><\/div>\n\t\t\t\t\t\t\t\t\t\t\t\t\t\t\t\n\t\t\t\t\t\t\t\t\t<span >\n\t\t\t\t\t\tBeyincik Sarkmas\u0131\t\t\t\t\t<\/span>\n\t\t\t\t\n\t\t\t<\/div>\n\n\t\t\t\n\t\t\t\n\t\t\t\n\t\t<\/a>\n\n\t\t\t\t\t\t<\/div>\n\t\t\t\t<\/div>\n\t\t\t\t<div class=\"elementor-element elementor-element-cd58662 pa-icon-pos-before elementor-widget elementor-widget-premium-addon-image-button\" data-id=\"cd58662\" data-element_type=\"widget\" data-e-type=\"widget\" data-widget_type=\"premium-addon-image-button.default\">\n\t\t\t\t<div class=\"elementor-widget-container\">\n\t\t\t\t\t\n\t\t<a class=\"premium-image-button-style6 premium-image-button premium-btn-block premium-button-style6\" href=\"https:\/\/opdrmuratgunal.com\/index.php\/omurilik-tumorleri\/\">\n\t\t\t<div class=\"premium-image-button-text-icon-wrapper\">\n\n\t\t\t\t\t\t\t\t\t\t\t\t\t\t\t\t\t\t\t\t\t\t<div class=\"premium-lottie-animation\" data-lottie-url=\"\" data-lottie-loop=\"true\" data-lottie-reverse=\"\" data-lottie-hover=\"\"><\/div>\n\t\t\t\t\t\t\t\t\t\t\t\t\t\t\t\n\t\t\t\t\t\t\t\t\t<span >\n\t\t\t\t\t\t Omurilik T\u00fcm\u00f6rleri\t\t\t\t\t<\/span>\n\t\t\t\t\n\t\t\t<\/div>\n\n\t\t\t\n\t\t\t\n\t\t\t\n\t\t<\/a>\n\n\t\t\t\t\t\t<\/div>\n\t\t\t\t<\/div>\n\t\t\t\t<div class=\"elementor-element elementor-element-63dd32f pa-icon-pos-before elementor-widget elementor-widget-premium-addon-image-button\" data-id=\"63dd32f\" data-element_type=\"widget\" data-e-type=\"widget\" data-widget_type=\"premium-addon-image-button.default\">\n\t\t\t\t<div class=\"elementor-widget-container\">\n\t\t\t\t\t\n\t\t<a class=\"premium-image-button-style6 premium-image-button premium-btn-block premium-button-style6\" href=\"https:\/\/opdrmuratgunal.com\/index.php\/boyun-fitigi\/\">\n\t\t\t<div class=\"premium-image-button-text-icon-wrapper\">\n\n\t\t\t\t\t\t\t\t\t\t\t\t\t\t\t\t\t\t\t\t\t\t<div class=\"premium-lottie-animation\" data-lottie-url=\"\" data-lottie-loop=\"true\" data-lottie-reverse=\"\" data-lottie-hover=\"\"><\/div>\n\t\t\t\t\t\t\t\t\t\t\t\t\t\t\t\n\t\t\t\t\t\t\t\t\t<span >\n\t\t\t\t\t\t Boyun F\u0131t\u0131\u011f\u0131\t\t\t\t\t<\/span>\n\t\t\t\t\n\t\t\t<\/div>\n\n\t\t\t\n\t\t\t\n\t\t\t\n\t\t<\/a>\n\n\t\t\t\t\t\t<\/div>\n\t\t\t\t<\/div>\n\t\t\t\t<div class=\"elementor-element elementor-element-4dfc01c pa-icon-pos-before elementor-widget elementor-widget-premium-addon-image-button\" data-id=\"4dfc01c\" data-element_type=\"widget\" data-e-type=\"widget\" data-widget_type=\"premium-addon-image-button.default\">\n\t\t\t\t<div class=\"elementor-widget-container\">\n\t\t\t\t\t\n\t\t<a class=\"premium-image-button-style6 premium-image-button premium-btn-block premium-button-style6\" href=\"https:\/\/opdrmuratgunal.com\/index.php\/bel-fitigi\/\">\n\t\t\t<div class=\"premium-image-button-text-icon-wrapper\">\n\n\t\t\t\t\t\t\t\t\t\t\t\t\t\t\t\t\t\t\t\t\t\t<div class=\"premium-lottie-animation\" data-lottie-url=\"\" data-lottie-loop=\"true\" data-lottie-reverse=\"\" data-lottie-hover=\"\"><\/div>\n\t\t\t\t\t\t\t\t\t\t\t\t\t\t\t\n\t\t\t\t\t\t\t\t\t<span >\n\t\t\t\t\t\tBel F\u0131t\u0131\u011f\u0131\t\t\t\t\t<\/span>\n\t\t\t\t\n\t\t\t<\/div>\n\n\t\t\t\n\t\t\t\n\t\t\t\n\t\t<\/a>\n\n\t\t\t\t\t\t<\/div>\n\t\t\t\t<\/div>\n\t\t\t\t<div class=\"elementor-element elementor-element-c8040bc pa-icon-pos-before elementor-widget elementor-widget-premium-addon-image-button\" data-id=\"c8040bc\" data-element_type=\"widget\" data-e-type=\"widget\" data-widget_type=\"premium-addon-image-button.default\">\n\t\t\t\t<div class=\"elementor-widget-container\">\n\t\t\t\t\t\n\t\t<a class=\"premium-image-button-style6 premium-image-button premium-btn-block premium-button-style6\" href=\"https:\/\/opdrmuratgunal.com\/index.php\/karpal-tunel-sendromu\/\">\n\t\t\t<div class=\"premium-image-button-text-icon-wrapper\">\n\n\t\t\t\t\t\t\t\t\t\t\t\t\t\t\t\t\t\t\t\t\t\t<div class=\"premium-lottie-animation\" data-lottie-url=\"\" data-lottie-loop=\"true\" data-lottie-reverse=\"\" data-lottie-hover=\"\"><\/div>\n\t\t\t\t\t\t\t\t\t\t\t\t\t\t\t\n\t\t\t\t\t\t\t\t\t<span >\n\t\t\t\t\t\t Karpal T\u00fcnel Sendromu\t\t\t\t\t<\/span>\n\t\t\t\t\n\t\t\t<\/div>\n\n\t\t\t\n\t\t\t\n\t\t\t\n\t\t<\/a>\n\n\t\t\t\t\t\t<\/div>\n\t\t\t\t<\/div>\n\t\t\t\t<div class=\"elementor-element elementor-element-1759552 pa-icon-pos-before elementor-widget elementor-widget-premium-addon-image-button\" data-id=\"1759552\" data-element_type=\"widget\" data-e-type=\"widget\" data-widget_type=\"premium-addon-image-button.default\">\n\t\t\t\t<div class=\"elementor-widget-container\">\n\t\t\t\t\t\n\t\t<a class=\"premium-image-button-style6 premium-image-button premium-btn-block premium-button-style6\" href=\"https:\/\/opdrmuratgunal.com\/index.php\/ulnar-sinir-sikismasi\/\">\n\t\t\t<div class=\"premium-image-button-text-icon-wrapper\">\n\n\t\t\t\t\t\t\t\t\t\t\t\t\t\t\t\t\t\t\t\t\t\t<div class=\"premium-lottie-animation\" data-lottie-url=\"\" data-lottie-loop=\"true\" data-lottie-reverse=\"\" data-lottie-hover=\"\"><\/div>\n\t\t\t\t\t\t\t\t\t\t\t\t\t\t\t\n\t\t\t\t\t\t\t\t\t<span >\n\t\t\t\t\t\tUlnar Sinir S\u0131k\u0131\u015fmas\u0131\t\t\t\t\t<\/span>\n\t\t\t\t\n\t\t\t<\/div>\n\n\t\t\t\n\t\t\t\n\t\t\t\n\t\t<\/a>\n\n\t\t\t\t\t\t<\/div>\n\t\t\t\t<\/div>\n\t\t\t\t<div class=\"elementor-element elementor-element-6a5ff96 pa-icon-pos-before elementor-widget elementor-widget-premium-addon-image-button\" data-id=\"6a5ff96\" data-element_type=\"widget\" data-e-type=\"widget\" data-widget_type=\"premium-addon-image-button.default\">\n\t\t\t\t<div class=\"elementor-widget-container\">\n\t\t\t\t\t\n\t\t<a class=\"premium-image-button-style6 premium-image-button premium-btn-block premium-button-style6\" href=\"https:\/\/opdrmuratgunal.com\/index.php\/peroneal-sinir-sikismasi\/\">\n\t\t\t<div class=\"premium-image-button-text-icon-wrapper\">\n\n\t\t\t\t\t\t\t\t\t\t\t\t\t\t\t\t\t\t\t\t\t\t<div class=\"premium-lottie-animation\" data-lottie-url=\"\" data-lottie-loop=\"true\" data-lottie-reverse=\"\" data-lottie-hover=\"\"><\/div>\n\t\t\t\t\t\t\t\t\t\t\t\t\t\t\t\n\t\t\t\t\t\t\t\t\t<span >\n\t\t\t\t\t\tPeroneal Sinir S\u0131k\u0131\u015fmas\u0131\t\t\t\t\t<\/span>\n\t\t\t\t\n\t\t\t<\/div>\n\n\t\t\t\n\t\t\t\n\t\t\t\n\t\t<\/a>\n\n\t\t\t\t\t\t<\/div>\n\t\t\t\t<\/div>\n\t\t\t\t<div class=\"elementor-element elementor-element-b7038d9 pa-icon-pos-before elementor-widget elementor-widget-premium-addon-image-button\" data-id=\"b7038d9\" data-element_type=\"widget\" data-e-type=\"widget\" data-widget_type=\"premium-addon-image-button.default\">\n\t\t\t\t<div class=\"elementor-widget-container\">\n\t\t\t\t\t\n\t\t<a class=\"premium-image-button-style6 premium-image-button premium-btn-block premium-button-style6\" href=\"https:\/\/opdrmuratgunal.com\/index.php\/bel-kaymalari\/\">\n\t\t\t<div class=\"premium-image-button-text-icon-wrapper\">\n\n\t\t\t\t\t\t\t\t\t\t\t\t\t\t\t\t\t\t\t\t\t\t<div class=\"premium-lottie-animation\" data-lottie-url=\"\" data-lottie-loop=\"true\" data-lottie-reverse=\"\" data-lottie-hover=\"\"><\/div>\n\t\t\t\t\t\t\t\t\t\t\t\t\t\t\t\n\t\t\t\t\t\t\t\t\t<span >\n\t\t\t\t\t\tBel Kaymalar\u0131\t\t\t\t\t<\/span>\n\t\t\t\t\n\t\t\t<\/div>\n\n\t\t\t\n\t\t\t\n\t\t\t\n\t\t<\/a>\n\n\t\t\t\t\t\t<\/div>\n\t\t\t\t<\/div>\n\t\t\t\t<div class=\"elementor-element elementor-element-37dbe3d pa-icon-pos-before elementor-widget elementor-widget-premium-addon-image-button\" data-id=\"37dbe3d\" data-element_type=\"widget\" data-e-type=\"widget\" data-widget_type=\"premium-addon-image-button.default\">\n\t\t\t\t<div class=\"elementor-widget-container\">\n\t\t\t\t\t\n\t\t<a class=\"premium-image-button-style6 premium-image-button premium-btn-block premium-button-style6\" href=\"https:\/\/opdrmuratgunal.com\/index.php\/omurga-kanal-darliklari\/\">\n\t\t\t<div class=\"premium-image-button-text-icon-wrapper\">\n\n\t\t\t\t\t\t\t\t\t\t\t\t\t\t\t\t\t\t\t\t\t\t<div class=\"premium-lottie-animation\" data-lottie-url=\"\" data-lottie-loop=\"true\" data-lottie-reverse=\"\" data-lottie-hover=\"\"><\/div>\n\t\t\t\t\t\t\t\t\t\t\t\t\t\t\t\n\t\t\t\t\t\t\t\t\t<span >\n\t\t\t\t\t\t Omurga Kanal Darl\u0131klar\u0131\t\t\t\t\t<\/span>\n\t\t\t\t\n\t\t\t<\/div>\n\n\t\t\t\n\t\t\t\n\t\t\t\n\t\t<\/a>\n\n\t\t\t\t\t\t<\/div>\n\t\t\t\t<\/div>\n\t\t\t\t<div class=\"elementor-element elementor-element-c4513c8 pa-icon-pos-before elementor-widget elementor-widget-premium-addon-image-button\" data-id=\"c4513c8\" data-element_type=\"widget\" data-e-type=\"widget\" data-widget_type=\"premium-addon-image-button.default\">\n\t\t\t\t<div class=\"elementor-widget-container\">\n\t\t\t\t\t\n\t\t<a class=\"premium-image-button-style6 premium-image-button premium-btn-block premium-button-style6\" href=\"https:\/\/opdrmuratgunal.com\/index.php\/omur-kemik-kirilmalari\/\">\n\t\t\t<div class=\"premium-image-button-text-icon-wrapper\">\n\n\t\t\t\t\t\t\t\t\t\t\t\t\t\t\t\t\t\t\t\t\t\t<div class=\"premium-lottie-animation\" data-lottie-url=\"\" data-lottie-loop=\"true\" data-lottie-reverse=\"\" data-lottie-hover=\"\"><\/div>\n\t\t\t\t\t\t\t\t\t\t\t\t\t\t\t\n\t\t\t\t\t\t\t\t\t<span >\n\t\t\t\t\t\tOmur Kemik K\u0131r\u0131lmalar\u0131\t\t\t\t\t<\/span>\n\t\t\t\t\n\t\t\t<\/div>\n\n\t\t\t\n\t\t\t\n\t\t\t\n\t\t<\/a>\n\n\t\t\t\t\t\t<\/div>\n\t\t\t\t<\/div>\n\t\t\t\t<div class=\"elementor-element elementor-element-e4f2802 pa-icon-pos-before elementor-widget elementor-widget-premium-addon-image-button\" data-id=\"e4f2802\" data-element_type=\"widget\" data-e-type=\"widget\" data-widget_type=\"premium-addon-image-button.default\">\n\t\t\t\t<div class=\"elementor-widget-container\">\n\t\t\t\t\t\n\t\t<a class=\"premium-image-button-style6 premium-image-button premium-btn-block premium-button-style6\" href=\"https:\/\/opdrmuratgunal.com\/index.php\/kuyruk-sokumu-zedelenmesi\/\">\n\t\t\t<div class=\"premium-image-button-text-icon-wrapper\">\n\n\t\t\t\t\t\t\t\t\t\t\t\t\t\t\t\t\t\t\t\t\t\t<div class=\"premium-lottie-animation\" data-lottie-url=\"\" data-lottie-loop=\"true\" data-lottie-reverse=\"\" data-lottie-hover=\"\"><\/div>\n\t\t\t\t\t\t\t\t\t\t\t\t\t\t\t\n\t\t\t\t\t\t\t\t\t<span >\n\t\t\t\t\t\tKuyruk Sokumu Zedelenme\t\t\t\t\t<\/span>\n\t\t\t\t\n\t\t\t<\/div>\n\n\t\t\t\n\t\t\t\n\t\t\t\n\t\t<\/a>\n\n\t\t\t\t\t\t<\/div>\n\t\t\t\t<\/div>\n\t\t\t\t\t<\/div>\n\t\t<\/div>\n\t\t\t\t\t<\/div>\n\t\t<\/section>\n\t\t\t\t<\/div>\n\t\t","protected":false},"excerpt":{"rendered":"<p>Bel F\u0131t\u0131\u011f\u0131 Anasayfa Hizmetler Bel F\u0131t\u0131\u011f\u0131 Bel F\u0131t\u0131\u011f\u0131: Belirtiler, Tan\u0131 ve Tedavi Y\u00f6ntemleri Bel f\u0131t\u0131\u011f\u0131, omurlar aras\u0131ndaki disklerin zay\u0131flamas\u0131 veya \u00e7atlamas\u0131 sonucu omurilik veya sinir k\u00f6klerine bask\u0131 yapabilen bir durumdur. Bu durum, bel a\u011fr\u0131s\u0131, bacak a\u011fr\u0131s\u0131 ve di\u011fer belirtilerle kendini g\u00f6sterebilir. \u0130\u015fte bel f\u0131t\u0131\u011f\u0131 hakk\u0131nda bilgilendirici bir i\u00e7erik: Belirtiler: Bel f\u0131t\u0131\u011f\u0131 belirtileri \u015funlar\u0131 i\u00e7erebilir: Bel [&hellip;]<\/p>\n","protected":false},"author":1,"featured_media":0,"parent":0,"menu_order":0,"comment_status":"closed","ping_status":"closed","template":"elementor_header_footer","meta":{"footnotes":""},"class_list":["post-512","page","type-page","status-publish","hentry"],"_links":{"self":[{"href":"https:\/\/opdrmuratgunal.com\/index.php\/wp-json\/wp\/v2\/pages\/512","targetHints":{"allow":["GET"]}}],"collection":[{"href":"https:\/\/opdrmuratgunal.com\/index.php\/wp-json\/wp\/v2\/pages"}],"about":[{"href":"https:\/\/opdrmuratgunal.com\/index.php\/wp-json\/wp\/v2\/types\/page"}],"author":[{"embeddable":true,"href":"https:\/\/opdrmuratgunal.com\/index.php\/wp-json\/wp\/v2\/users\/1"}],"replies":[{"embeddable":true,"href":"https:\/\/opdrmuratgunal.com\/index.php\/wp-json\/wp\/v2\/comments?post=512"}],"version-history":[{"count":10,"href":"https:\/\/opdrmuratgunal.com\/index.php\/wp-json\/wp\/v2\/pages\/512\/revisions"}],"predecessor-version":[{"id":625,"href":"https:\/\/opdrmuratgunal.com\/index.php\/wp-json\/wp\/v2\/pages\/512\/revisions\/625"}],"wp:attachment":[{"href":"https:\/\/opdrmuratgunal.com\/index.php\/wp-json\/wp\/v2\/media?parent=512"}],"curies":[{"name":"wp","href":"https:\/\/api.w.org\/{rel}","templated":true}]}}