{"id":135,"date":"2024-02-07T11:51:25","date_gmt":"2024-02-07T08:51:25","guid":{"rendered":"https:\/\/opdrmuratgunal.com\/?page_id=135"},"modified":"2024-02-22T15:28:01","modified_gmt":"2024-02-22T12:28:01","slug":"hakkimizda","status":"publish","type":"page","link":"https:\/\/opdrmuratgunal.com\/index.php\/hakkimizda\/","title":{"rendered":"Hakk\u0131m\u0131zda"},"content":{"rendered":"\t\t<div data-elementor-type=\"wp-page\" data-elementor-id=\"135\" class=\"elementor elementor-135\" data-elementor-post-type=\"page\">\n\t\t\t\t\t\t<section class=\"elementor-section elementor-top-section elementor-element elementor-element-6205c595 elementor-section-boxed elementor-section-height-default elementor-section-height-default\" data-id=\"6205c595\" data-element_type=\"section\" data-e-type=\"section\" data-settings=\"{&quot;background_background&quot;:&quot;classic&quot;}\">\n\t\t\t\t\t\t\t<div class=\"elementor-background-overlay\"><\/div>\n\t\t\t\t\t\t\t<div class=\"elementor-container elementor-column-gap-default\">\n\t\t\t\t\t<div class=\"elementor-column elementor-col-100 elementor-top-column elementor-element elementor-element-6336f8f9\" data-id=\"6336f8f9\" data-element_type=\"column\" data-e-type=\"column\" data-settings=\"{&quot;background_background&quot;:&quot;classic&quot;}\">\n\t\t\t<div class=\"elementor-widget-wrap elementor-element-populated\">\n\t\t\t\t\t\t<div class=\"elementor-element elementor-element-2fee9dfe elementor-widget elementor-widget-heading\" data-id=\"2fee9dfe\" data-element_type=\"widget\" data-e-type=\"widget\" data-widget_type=\"heading.default\">\n\t\t\t\t<div class=\"elementor-widget-container\">\n\t\t\t\t\t<h1 class=\"elementor-heading-title elementor-size-default\">Hakk\u0131m\u0131zda<\/h1>\t\t\t\t<\/div>\n\t\t\t\t<\/div>\n\t\t\t\t\t<\/div>\n\t\t<\/div>\n\t\t\t\t\t<\/div>\n\t\t<\/section>\n\t\t\t\t<section class=\"elementor-section elementor-top-section elementor-element elementor-element-3863ef91 elementor-section-boxed elementor-section-height-default elementor-section-height-default\" data-id=\"3863ef91\" data-element_type=\"section\" data-e-type=\"section\" data-settings=\"{&quot;background_background&quot;:&quot;classic&quot;}\">\n\t\t\t\t\t\t<div class=\"elementor-container elementor-column-gap-default\">\n\t\t\t\t\t<div class=\"elementor-column elementor-col-100 elementor-top-column elementor-element elementor-element-4f8ac4eb\" data-id=\"4f8ac4eb\" data-element_type=\"column\" data-e-type=\"column\">\n\t\t\t<div class=\"elementor-widget-wrap elementor-element-populated\">\n\t\t\t\t\t\t<div class=\"elementor-element elementor-element-5615643b elementor-icon-list--layout-inline elementor-list-item-link-full_width elementor-widget elementor-widget-icon-list\" data-id=\"5615643b\" data-element_type=\"widget\" data-e-type=\"widget\" data-widget_type=\"icon-list.default\">\n\t\t\t\t<div class=\"elementor-widget-container\">\n\t\t\t\t\t\t\t<ul class=\"elementor-icon-list-items elementor-inline-items\">\n\t\t\t\t\t\t\t<li class=\"elementor-icon-list-item elementor-inline-item\">\n\t\t\t\t\t\t\t\t\t\t<span class=\"elementor-icon-list-text\">Home<\/span>\n\t\t\t\t\t\t\t\t\t<\/li>\n\t\t\t\t\t\t\t\t<li class=\"elementor-icon-list-item elementor-inline-item\">\n\t\t\t\t\t\t\t\t\t\t\t<span class=\"elementor-icon-list-icon\">\n\t\t\t\t\t\t\t<i aria-hidden=\"true\" class=\"icon icon-chevron-right\"><\/i>\t\t\t\t\t\t<\/span>\n\t\t\t\t\t\t\t\t\t\t<span class=\"elementor-icon-list-text\">Hakk\u0131m\u0131zda<\/span>\n\t\t\t\t\t\t\t\t\t<\/li>\n\t\t\t\t\t\t<\/ul>\n\t\t\t\t\t\t<\/div>\n\t\t\t\t<\/div>\n\t\t\t\t\t<\/div>\n\t\t<\/div>\n\t\t\t\t\t<\/div>\n\t\t<\/section>\n\t\t\t\t<section class=\"elementor-section elementor-top-section elementor-element elementor-element-384ad69 elementor-section-boxed elementor-section-height-default elementor-section-height-default\" data-id=\"384ad69\" data-element_type=\"section\" data-e-type=\"section\">\n\t\t\t\t\t\t<div class=\"elementor-container elementor-column-gap-default\">\n\t\t\t\t\t<div class=\"elementor-column elementor-col-50 elementor-top-column elementor-element elementor-element-2dbe99a\" data-id=\"2dbe99a\" data-element_type=\"column\" data-e-type=\"column\">\n\t\t\t<div class=\"elementor-widget-wrap elementor-element-populated\">\n\t\t\t\t\t\t<div class=\"elementor-element elementor-element-316bfa4 elementor-widget elementor-widget-image\" data-id=\"316bfa4\" data-element_type=\"widget\" data-e-type=\"widget\" data-widget_type=\"image.default\">\n\t\t\t\t<div class=\"elementor-widget-container\">\n\t\t\t\t\t\t\t\t\t\t\t\t\t\t\t<img fetchpriority=\"high\" decoding=\"async\" width=\"465\" height=\"654\" src=\"https:\/\/opdrmuratgunal.com\/wp-content\/uploads\/2024\/02\/Op.-Dr.-Murat-Gunal-2.png\" class=\"attachment-large size-large wp-image-664\" alt=\"\" srcset=\"https:\/\/opdrmuratgunal.com\/wp-content\/uploads\/2024\/02\/Op.-Dr.-Murat-Gunal-2.png 465w, https:\/\/opdrmuratgunal.com\/wp-content\/uploads\/2024\/02\/Op.-Dr.-Murat-Gunal-2-213x300.png 213w\" sizes=\"(max-width: 465px) 100vw, 465px\" \/>\t\t\t\t\t\t\t\t\t\t\t\t\t\t\t<\/div>\n\t\t\t\t<\/div>\n\t\t\t\t\t<\/div>\n\t\t<\/div>\n\t\t\t\t<div class=\"elementor-column elementor-col-50 elementor-top-column elementor-element elementor-element-9a5ed50\" data-id=\"9a5ed50\" data-element_type=\"column\" data-e-type=\"column\">\n\t\t\t<div class=\"elementor-widget-wrap elementor-element-populated\">\n\t\t\t\t\t\t<div class=\"elementor-element elementor-element-0258995 elementor-widget elementor-widget-heading\" data-id=\"0258995\" data-element_type=\"widget\" data-e-type=\"widget\" data-widget_type=\"heading.default\">\n\t\t\t\t<div class=\"elementor-widget-container\">\n\t\t\t\t\t<h6 class=\"elementor-heading-title elementor-size-default\">Hakk\u0131m\u0131zda<\/h6>\t\t\t\t<\/div>\n\t\t\t\t<\/div>\n\t\t\t\t<div class=\"elementor-element elementor-element-39a25f4 elementor-widget elementor-widget-heading\" data-id=\"39a25f4\" data-element_type=\"widget\" data-e-type=\"widget\" data-widget_type=\"heading.default\">\n\t\t\t\t<div class=\"elementor-widget-container\">\n\t\t\t\t\t<h2 class=\"elementor-heading-title elementor-size-default\">Opr. Dr. Murat G\u00fcnal<\/h2>\t\t\t\t<\/div>\n\t\t\t\t<\/div>\n\t\t\t\t<div class=\"elementor-element elementor-element-36a3141 elementor-widget elementor-widget-text-editor\" data-id=\"36a3141\" data-element_type=\"widget\" data-e-type=\"widget\" data-widget_type=\"text-editor.default\">\n\t\t\t\t<div class=\"elementor-widget-container\">\n\t\t\t\t\t\t\t\t\t<p><span style=\"vertical-align: inherit;\"><span style=\"vertical-align: inherit;\">Kendisi, cerrahi alan\u0131ndaki bilgi birikimiyle birlikte bel, boyun, s\u0131rt f\u0131t\u0131klar\u0131 ve ba\u011fz\u0131 omurga kas a\u011fr\u0131lar\u0131nda cerrahi d\u0131\u015f\u0131 tedavi y\u00f6ntemleriyle de tan\u0131nan bir sa\u011fl\u0131k profesyonelidir.<\/span><\/span><\/p><p><span style=\"vertical-align: inherit;\"><span style=\"vertical-align: inherit;\">Opr. Dr. Murat G\u00fcnal Muayenehanesi olarak, sizlere sa\u011fl\u0131kl\u0131 ve mutlu bir ya\u015fam sunabilmek i\u00e7in buraday\u0131z. Randevu almak veya detayl\u0131 bilgi i\u00e7in bizimle ileti\u015fime ge\u00e7mekten \u00e7ekinmeyin.<\/span><\/span><\/p>\t\t\t\t\t\t\t\t<\/div>\n\t\t\t\t<\/div>\n\t\t\t\t<section class=\"elementor-section elementor-inner-section elementor-element elementor-element-c9fa8b8 elementor-section-boxed elementor-section-height-default elementor-section-height-default\" data-id=\"c9fa8b8\" data-element_type=\"section\" data-e-type=\"section\">\n\t\t\t\t\t\t<div class=\"elementor-container elementor-column-gap-default\">\n\t\t\t\t\t<div class=\"elementor-column elementor-col-50 elementor-inner-column elementor-element elementor-element-2aa6fba\" data-id=\"2aa6fba\" data-element_type=\"column\" data-e-type=\"column\">\n\t\t\t<div class=\"elementor-widget-wrap elementor-element-populated\">\n\t\t\t\t\t\t<div class=\"elementor-element elementor-element-b13022a elementor-widget elementor-widget-premium-counter\" data-id=\"b13022a\" data-element_type=\"widget\" data-e-type=\"widget\" data-widget_type=\"premium-counter.default\">\n\t\t\t\t<div class=\"elementor-widget-container\">\n\t\t\t\t\t\n\t\t<div class=\"premium-counter premium-counter-area left\" data-duration=\"3000\" data-from-value=\"0\" data-to-value=\"33\" data-delimiter=\",\" data-rounding=\"0\">\n\t\t\t\n\t\t<div class=\"premium-counter-icon\">\n\n\t\t\t<span class=\"icon\" data-animation=\"\">\n\n\t\t\t\t\t\t\t\t\t<i class=\"premium-svg-nodraw premium-drawable-icon icon icon-medicine-1\" aria-hidden=\"true\"><\/i>\n\t\t\t\t\n\t\t\t<\/span>\n\t\t<\/div>\n\n\t\t\n\t\t<div class=\"premium-init-wrapper column\">\n\n\t\t\t<div class=\"premium-counter-value-wrap\">\n\t\t\t\t\n\t\t\t\t<span class=\"premium-counter-init\" id=\"counter-b13022a\">0<\/span>\n\n\t\t\t\t\t\t\t\t\t<span id=\"suffix\" class=\"counter-su-pre\">+<\/span>\n\t\t\t\t\t\t\t<\/div>\n\n\t\t\t\t\t\t\t<div class=\"premium-counter-title\">\n\t\t\t\t\t<p class=\"premium-counter-title-val\">\n\t\t\t\t\t\tY\u0131ll\u0131k Tecr\u00fcbe\t\t\t\t\t<\/p>\n\t\t\t\t\t\t\t\t\t<\/div>\n\t\t\t\t\t<\/div>\n\n\t\t\t\t<\/div>\n\n\t\t\t\t\t\t<\/div>\n\t\t\t\t<\/div>\n\t\t\t\t\t<\/div>\n\t\t<\/div>\n\t\t\t\t<div class=\"elementor-column elementor-col-50 elementor-inner-column elementor-element elementor-element-83ec923\" data-id=\"83ec923\" data-element_type=\"column\" data-e-type=\"column\">\n\t\t\t<div class=\"elementor-widget-wrap elementor-element-populated\">\n\t\t\t\t\t\t<div class=\"elementor-element elementor-element-53b428c elementor-widget elementor-widget-premium-counter\" data-id=\"53b428c\" data-element_type=\"widget\" data-e-type=\"widget\" data-widget_type=\"premium-counter.default\">\n\t\t\t\t<div class=\"elementor-widget-container\">\n\t\t\t\t\t\n\t\t<div class=\"premium-counter premium-counter-area left\" data-duration=\"3000\" data-from-value=\"0\" data-to-value=\"999\" data-delimiter=\",\" data-rounding=\"0\">\n\t\t\t\n\t\t<div class=\"premium-counter-icon\">\n\n\t\t\t<span class=\"icon\" data-animation=\"\">\n\n\t\t\t\t\t\t\t\t\t<i class=\"premium-svg-nodraw premium-drawable-icon icon icon-doctor\" aria-hidden=\"true\"><\/i>\n\t\t\t\t\n\t\t\t<\/span>\n\t\t<\/div>\n\n\t\t\n\t\t<div class=\"premium-init-wrapper column\">\n\n\t\t\t<div class=\"premium-counter-value-wrap\">\n\t\t\t\t\n\t\t\t\t<span class=\"premium-counter-init\" id=\"counter-53b428c\">0<\/span>\n\n\t\t\t\t\t\t\t\t\t<span id=\"suffix\" class=\"counter-su-pre\">+<\/span>\n\t\t\t\t\t\t\t<\/div>\n\n\t\t\t\t\t\t\t<div class=\"premium-counter-title\">\n\t\t\t\t\t<p class=\"premium-counter-title-val\">\n\t\t\t\t\t\tMutlu Hasta\t\t\t\t\t<\/p>\n\t\t\t\t\t\t\t\t\t<\/div>\n\t\t\t\t\t<\/div>\n\n\t\t\t\t<\/div>\n\n\t\t\t\t\t\t<\/div>\n\t\t\t\t<\/div>\n\t\t\t\t\t<\/div>\n\t\t<\/div>\n\t\t\t\t\t<\/div>\n\t\t<\/section>\n\t\t\t\t<section class=\"elementor-section elementor-inner-section elementor-element elementor-element-ec69828 elementor-section-boxed elementor-section-height-default elementor-section-height-default\" data-id=\"ec69828\" data-element_type=\"section\" data-e-type=\"section\">\n\t\t\t\t\t\t<div class=\"elementor-container elementor-column-gap-default\">\n\t\t\t\t\t<div class=\"elementor-column elementor-col-100 elementor-inner-column elementor-element elementor-element-5889ad8\" data-id=\"5889ad8\" data-element_type=\"column\" data-e-type=\"column\">\n\t\t\t<div class=\"elementor-widget-wrap\">\n\t\t\t\t\t\t\t<\/div>\n\t\t<\/div>\n\t\t\t\t\t<\/div>\n\t\t<\/section>\n\t\t\t\t\t<\/div>\n\t\t<\/div>\n\t\t\t\t\t<\/div>\n\t\t<\/section>\n\t\t\t\t<section class=\"elementor-section elementor-top-section elementor-element elementor-element-235e4806 elementor-section-boxed elementor-section-height-default elementor-section-height-default\" data-id=\"235e4806\" data-element_type=\"section\" data-e-type=\"section\" data-settings=\"{&quot;background_background&quot;:&quot;classic&quot;}\">\n\t\t\t\t\t\t\t<div class=\"elementor-background-overlay\"><\/div>\n\t\t\t\t\t\t\t<div class=\"elementor-container elementor-column-gap-default\">\n\t\t\t\t\t<div class=\"elementor-column elementor-col-33 elementor-top-column elementor-element elementor-element-425ced40\" data-id=\"425ced40\" data-element_type=\"column\" data-e-type=\"column\">\n\t\t\t<div class=\"elementor-widget-wrap elementor-element-populated\">\n\t\t\t\t\t\t<div class=\"elementor-element elementor-element-59d1c25f elementor-widget elementor-widget-image\" data-id=\"59d1c25f\" data-element_type=\"widget\" data-e-type=\"widget\" data-widget_type=\"image.default\">\n\t\t\t\t<div class=\"elementor-widget-container\">\n\t\t\t\t\t\t\t\t\t\t\t\t\t\t\t<img decoding=\"async\" width=\"477\" height=\"391\" src=\"https:\/\/opdrmuratgunal.com\/wp-content\/uploads\/2024\/02\/BEYIN-11.png\" class=\"attachment-2048x2048 size-2048x2048 wp-image-436\" alt=\"\" srcset=\"https:\/\/opdrmuratgunal.com\/wp-content\/uploads\/2024\/02\/BEYIN-11.png 477w, https:\/\/opdrmuratgunal.com\/wp-content\/uploads\/2024\/02\/BEYIN-11-300x246.png 300w\" sizes=\"(max-width: 477px) 100vw, 477px\" \/>\t\t\t\t\t\t\t\t\t\t\t\t\t\t\t<\/div>\n\t\t\t\t<\/div>\n\t\t\t\t\t<\/div>\n\t\t<\/div>\n\t\t\t\t<div class=\"elementor-column elementor-col-66 elementor-top-column elementor-element elementor-element-790cab16\" data-id=\"790cab16\" data-element_type=\"column\" data-e-type=\"column\">\n\t\t\t<div class=\"elementor-widget-wrap elementor-element-populated\">\n\t\t\t\t\t\t<div class=\"elementor-element elementor-element-7dfb9e89 elementor-widget elementor-widget-heading\" data-id=\"7dfb9e89\" data-element_type=\"widget\" data-e-type=\"widget\" data-widget_type=\"heading.default\">\n\t\t\t\t<div class=\"elementor-widget-container\">\n\t\t\t\t\t<h6 class=\"elementor-heading-title elementor-size-default\">\u00d6z Ge\u00e7mi\u015f<\/h6>\t\t\t\t<\/div>\n\t\t\t\t<\/div>\n\t\t\t\t<div class=\"elementor-element elementor-element-7b27a80c elementor-widget elementor-widget-heading\" data-id=\"7b27a80c\" data-element_type=\"widget\" data-e-type=\"widget\" data-widget_type=\"heading.default\">\n\t\t\t\t<div class=\"elementor-widget-container\">\n\t\t\t\t\t<h2 class=\"elementor-heading-title elementor-size-default\">Opr. Dr. Murat G\u00fcnal<\/h2>\t\t\t\t<\/div>\n\t\t\t\t<\/div>\n\t\t\t\t<div class=\"elementor-element elementor-element-66cfa238 elementor-widget elementor-widget-text-editor\" data-id=\"66cfa238\" data-element_type=\"widget\" data-e-type=\"widget\" data-widget_type=\"text-editor.default\">\n\t\t\t\t<div class=\"elementor-widget-container\">\n\t\t\t\t\t\t\t\t\t<p>Zonguldakta do\u011fdum. Sonras\u0131nda Seydi\u015fehir\u2019e ta\u015f\u0131nd\u0131k ve ilkokula orada ba\u015flad\u0131m. Sonra s\u0131rayla Mardin, Ankara, Samsun \u00c7ar\u015famba derken Samsun\u2019un Ayvac\u0131k il\u00e7esinde yani 5. Okulumda ilkokul diplomam\u0131 ald\u0131m; muhte\u015fem bir \u00e7ocukluk d\u00f6nemiydi. Ortaokula Bal\u0131kesir Ayval\u0131k\u2019ta ba\u015flad\u0131m ve devam\u0131 Samsun\u2019da geldi. Orta\u00f6\u011frenimimi Samsun\u2019da tamamlad\u0131ktan sonra 1 y\u0131l Atat\u00fcrk \u00dcniversitesinde di\u015f hekimli\u011fi okudum. Okuluma devam ederken Samsun 19 May\u0131s \u00dcniversitesi t\u0131p fak\u00fcltesini kazand\u0131m. Mutlu bir \u00f6\u011frencilik sonras\u0131 ilk atama yerim Tokat\u2019\u0131n Ya\u011fmurlu kasabas\u0131 oldu. Mecburi hizmet sonras\u0131 Samsun\u2019un Asarc\u0131k il\u00e7esine atand\u0131m, arkas\u0131ndan tayinim Samsun G\u00f6\u011f\u00fcs Hastal\u0131klar\u0131 Hastanesine \u00e7\u0131kt\u0131. 2001 tus \u2018unda Bak\u0131rk\u00f6y Ruh ve Sinir Hastal\u0131klar\u0131 Hastanesinde Beyin ve Sinir Cerrahisi ihtisas\u0131na girdim, yo\u011fun ve g\u00fczel an\u0131larla dolu ihtisas\u0131m 2006 y\u0131l\u0131nda bitti. Tekrar mecburi hizmete bu sefer k\u00fc\u00e7\u00fck ama efsanevi Artvin\u2019e, ard\u0131ndan do\u011fan\u0131n t\u00fcm zenginli\u011fini sergiledi\u011fi Adapazar\u0131na Toyotasa Hastanesine, ordan \u0130stanbul Arnavutk\u00f6y\u2019e ge\u00e7tim. \u00c7ok severek y\u0131llarca \u00e7al\u0131\u015ft\u0131\u011f\u0131m Arnavutk\u00f6y\u2019de \u00e7e\u015fitli beyin hastal\u0131klar\u0131nda cerrahi, ayr\u0131ca cerrahi ve cerrahi d\u0131\u015f\u0131 y\u00f6ntemlerle bel- boyun f\u0131t\u0131\u011f\u0131, omur kanal darl\u0131klar\u0131 ve benzerleri gibi dejeneratif omurga hastal\u0131klar\u0131nda ba\u015far\u0131yla hizmet ettim. Ard\u0131ndan Beylikd\u00fcz\u00fc Devlet Hastanesine ge\u00e7tim, y\u00f6netim istedi\u011fim giri\u015fimsel a\u011fr\u0131 \u00fcnitesini a\u00e7\u0131nca tedavilerime orada devam ettim. Halen Beylikd\u00fcz\u00fcndeki muayenehanemde \u00e7al\u0131\u015fmalar\u0131ma ayn\u0131 disiplin ve zevkle devam etmekteyim.<\/p>\t\t\t\t\t\t\t\t<\/div>\n\t\t\t\t<\/div>\n\t\t\t\t\t<\/div>\n\t\t<\/div>\n\t\t\t\t\t<\/div>\n\t\t<\/section>\n\t\t\t\t<section class=\"elementor-section elementor-top-section elementor-element elementor-element-4660129 elementor-section-boxed elementor-section-height-default elementor-section-height-default\" data-id=\"4660129\" data-element_type=\"section\" data-e-type=\"section\">\n\t\t\t\t\t\t<div class=\"elementor-container elementor-column-gap-default\">\n\t\t\t\t\t<div class=\"elementor-column elementor-col-100 elementor-top-column elementor-element elementor-element-2daaabfd\" data-id=\"2daaabfd\" data-element_type=\"column\" data-e-type=\"column\">\n\t\t\t<div class=\"elementor-widget-wrap elementor-element-populated\">\n\t\t\t\t\t\t<div class=\"elementor-element elementor-element-58879739 elementor-widget elementor-widget-heading\" data-id=\"58879739\" data-element_type=\"widget\" data-e-type=\"widget\" data-widget_type=\"heading.default\">\n\t\t\t\t<div class=\"elementor-widget-container\">\n\t\t\t\t\t<h6 class=\"elementor-heading-title elementor-size-default\">De\u011ferlerimiz<\/h6>\t\t\t\t<\/div>\n\t\t\t\t<\/div>\n\t\t\t\t<div class=\"elementor-element elementor-element-12585c7a elementor-widget elementor-widget-heading\" data-id=\"12585c7a\" data-element_type=\"widget\" data-e-type=\"widget\" data-widget_type=\"heading.default\">\n\t\t\t\t<div class=\"elementor-widget-container\">\n\t\t\t\t\t<h2 class=\"elementor-heading-title elementor-size-default\">\"Sa\u011fl\u0131\u011f\u0131n\u0131za Sayg\u0131, G\u00fcvenle Ba\u015flar''\n\n<\/h2>\t\t\t\t<\/div>\n\t\t\t\t<\/div>\n\t\t\t\t<section class=\"elementor-section elementor-inner-section elementor-element elementor-element-1709330e elementor-section-boxed elementor-section-height-default elementor-section-height-default\" data-id=\"1709330e\" data-element_type=\"section\" data-e-type=\"section\">\n\t\t\t\t\t\t<div class=\"elementor-container elementor-column-gap-default\">\n\t\t\t\t\t<div class=\"elementor-column elementor-col-50 elementor-inner-column elementor-element elementor-element-10af3955\" data-id=\"10af3955\" data-element_type=\"column\" data-e-type=\"column\">\n\t\t\t<div class=\"elementor-widget-wrap elementor-element-populated\">\n\t\t\t\t\t\t<div class=\"elementor-element elementor-element-1a8c3735 ekit-equal-height-disable elementor-widget elementor-widget-elementskit-icon-box\" data-id=\"1a8c3735\" data-element_type=\"widget\" data-e-type=\"widget\" data-widget_type=\"elementskit-icon-box.default\">\n\t\t\t\t<div class=\"elementor-widget-container\">\n\t\t\t\t\t<div class=\"ekit-wid-con\" >        <!-- link opening -->\n                <!-- end link opening -->\n\n        <div class=\"elementskit-infobox text-center text- icon-top-align elementor-animation-   \">\n                    <div class=\"elementskit-box-header elementor-animation-\">\n                <div class=\"elementskit-info-box-icon  \">\n                    <i aria-hidden=\"true\" class=\"elementkit-infobox-icon icon icon-medicine-1\"><\/i>\n                <\/div>\n          <\/div>\n                        <div class=\"box-body\">\n                            <h3 class=\"elementskit-info-box-title\">\n                    Vizyon                <\/h3>\n                        \t\t  \t<p>Opr. Dr. Murat G\u00fcnal Muayenehanesi olarak vizyonumuz, sa\u011fl\u0131kta m\u00fckemmelli\u011fi ve yenili\u011fi benimseyerek, hastalar\u0131m\u0131za \u00e7a\u011fda\u015f t\u0131bbi \u00e7\u00f6z\u00fcmler sunan \u00f6nc\u00fc bir sa\u011fl\u0131k kurulu\u015fu olmakt\u0131r. S\u00fcrekli e\u011fitim, teknolojik geli\u015fmeleri takip etme ve hasta memnuniyetini \u00f6n planda tutma anlay\u0131\u015f\u0131m\u0131z, vizyonumuzun temelini olu\u015fturur. Sa\u011fl\u0131kl\u0131 bir toplum i\u00e7in \u00f6nc\u00fc olma yolunda, kaliteli ve g\u00fcvenilir sa\u011fl\u0131k hizmetlerini sunmaya devam edece\u011fiz.<\/p>\n                                <\/div>\n        \n        \n                <\/div>\n        <\/div>\t\t\t\t<\/div>\n\t\t\t\t<\/div>\n\t\t\t\t\t<\/div>\n\t\t<\/div>\n\t\t\t\t<div class=\"elementor-column elementor-col-50 elementor-inner-column elementor-element elementor-element-2f69a9e9\" data-id=\"2f69a9e9\" data-element_type=\"column\" data-e-type=\"column\">\n\t\t\t<div class=\"elementor-widget-wrap elementor-element-populated\">\n\t\t\t\t\t\t<div class=\"elementor-element elementor-element-29d34e69 ekit-equal-height-disable elementor-widget elementor-widget-elementskit-icon-box\" data-id=\"29d34e69\" data-element_type=\"widget\" data-e-type=\"widget\" data-widget_type=\"elementskit-icon-box.default\">\n\t\t\t\t<div class=\"elementor-widget-container\">\n\t\t\t\t\t<div class=\"ekit-wid-con\" >        <!-- link opening -->\n                <!-- end link opening -->\n\n        <div class=\"elementskit-infobox text-center text- icon-top-align elementor-animation-   \">\n                    <div class=\"elementskit-box-header elementor-animation-\">\n                <div class=\"elementskit-info-box-icon  \">\n                    <i aria-hidden=\"true\" class=\"elementkit-infobox-icon icon icon-heart\"><\/i>\n                <\/div>\n          <\/div>\n                        <div class=\"box-body\">\n                            <h3 class=\"elementskit-info-box-title\">\n                    Misyon                <\/h3>\n                        \t\t  \t<p>Opr. Dr. Murat G\u00fcnal Muayenehanesi olarak misyonumuz, her hastam\u0131za kapsaml\u0131 ve ki\u015fiye \u00f6zel sa\u011fl\u0131k hizmeti sunarak, sa\u011fl\u0131kl\u0131 bir ya\u015fam\u0131n kap\u0131lar\u0131n\u0131 aralamak ve ya\u015fam kalitelerini art\u0131rmakt\u0131r. \u0130htiya\u00e7lar\u0131n\u0131z\u0131 anlamak, g\u00fcvenilir ve etkili tedaviler sunmak i\u00e7in \u00f6zveriyle \u00e7al\u0131\u015fmak, misyonumuzun temelini olu\u015fturur. Her hasta bizim i\u00e7in \u00f6zeldir ve sa\u011fl\u0131klar\u0131 en \u00fcst d\u00fczeyde tutmak i\u00e7in \u00e7aba g\u00f6steririz.<\/p>\n                                <\/div>\n        \n        \n                <\/div>\n        <\/div>\t\t\t\t<\/div>\n\t\t\t\t<\/div>\n\t\t\t\t\t<\/div>\n\t\t<\/div>\n\t\t\t\t\t<\/div>\n\t\t<\/section>\n\t\t\t\t\t<\/div>\n\t\t<\/div>\n\t\t\t\t\t<\/div>\n\t\t<\/section>\n\t\t\t\t<\/div>\n\t\t","protected":false},"excerpt":{"rendered":"<p>Home Hakk\u0131m\u0131zda Opr. Dr. Murat G\u00fcnal Kendisi, cerrahi alan\u0131ndaki bilgi birikimiyle birlikte bel, boyun, s\u0131rt f\u0131t\u0131klar\u0131 ve ba\u011fz\u0131 omurga kas a\u011fr\u0131lar\u0131nda cerrahi d\u0131\u015f\u0131 tedavi y\u00f6ntemleriyle de tan\u0131nan bir sa\u011fl\u0131k profesyonelidir. Opr. Dr. Murat G\u00fcnal Muayenehanesi olarak, sizlere sa\u011fl\u0131kl\u0131 ve mutlu bir ya\u015fam sunabilmek i\u00e7in buraday\u0131z. Randevu almak veya detayl\u0131 bilgi i\u00e7in bizimle ileti\u015fime ge\u00e7mekten \u00e7ekinmeyin. [&hellip;]<\/p>\n","protected":false},"author":1,"featured_media":0,"parent":0,"menu_order":0,"comment_status":"closed","ping_status":"closed","template":"elementor_header_footer","meta":{"footnotes":""},"class_list":["post-135","page","type-page","status-publish","hentry"],"_links":{"self":[{"href":"https:\/\/opdrmuratgunal.com\/index.php\/wp-json\/wp\/v2\/pages\/135","targetHints":{"allow":["GET"]}}],"collection":[{"href":"https:\/\/opdrmuratgunal.com\/index.php\/wp-json\/wp\/v2\/pages"}],"about":[{"href":"https:\/\/opdrmuratgunal.com\/index.php\/wp-json\/wp\/v2\/types\/page"}],"author":[{"embeddable":true,"href":"https:\/\/opdrmuratgunal.com\/index.php\/wp-json\/wp\/v2\/users\/1"}],"replies":[{"embeddable":true,"href":"https:\/\/opdrmuratgunal.com\/index.php\/wp-json\/wp\/v2\/comments?post=135"}],"version-history":[{"count":16,"href":"https:\/\/opdrmuratgunal.com\/index.php\/wp-json\/wp\/v2\/pages\/135\/revisions"}],"predecessor-version":[{"id":823,"href":"https:\/\/opdrmuratgunal.com\/index.php\/wp-json\/wp\/v2\/pages\/135\/revisions\/823"}],"wp:attachment":[{"href":"https:\/\/opdrmuratgunal.com\/index.php\/wp-json\/wp\/v2\/media?parent=135"}],"curies":[{"name":"wp","href":"https:\/\/api.w.org\/{rel}","templated":true}]}}